{"id":39681,"date":"2022-11-05T11:34:35","date_gmt":"2022-11-05T10:34:35","guid":{"rendered":"http:\/\/spmlodzawy.pl\/?page_id=39681"},"modified":"2022-11-05T11:36:32","modified_gmt":"2022-11-05T10:36:32","slug":"ogolnopolski-projekt-edukacyjny-europa-i-ja-2","status":"publish","type":"page","link":"http:\/\/spmlodzawy.pl\/index.php\/ogolnopolski-projekt-edukacyjny-europa-i-ja-2\/","title":{"rendered":"OG\u00d3LNOPOLSKI PROJEKT EDUKACYJNY &#8222;EUROPA I JA&#8221;"},"content":{"rendered":"<p style=\"text-align: justify;\"><img decoding=\"async\" loading=\"lazy\" class=\"alignnone wp-image-39672 alignleft\" src=\"http:\/\/spmlodzawy.pl\/wp-content\/uploads\/2022\/11\/europa-i-ja.png\" alt=\"\" width=\"103\" height=\"103\" srcset=\"http:\/\/spmlodzawy.pl\/wp-content\/uploads\/2022\/11\/europa-i-ja.png 200w, http:\/\/spmlodzawy.pl\/wp-content\/uploads\/2022\/11\/europa-i-ja-150x150.png 150w\" sizes=\"(max-width: 103px) 100vw, 103px\" \/>Klasa II bierze udzia\u0142 w Og\u00f3lnopolskim Projekcie Edukacyjnym &#8222;Europa i ja&#8221;. Jego celem jest przybli\u017cenie uczniom klas 1-3 wiedzy na temat kraj\u00f3w znajduj\u0105cych si\u0119 w Europie. Poprzez udzia\u0142 w projekcie uczestnicy zdob\u0119d\u0105 nowe do\u015bwiadczenia, rozwin\u0105 zainteresowania dotycz\u0105ce Europy, wypromuj\u0105 swoj\u0105 szko\u0142\u0119 oraz nawi\u0105\u017c\u0105 wsp\u00f3\u0142prac\u0119 z innymi szko\u0142ami.<\/p>\n<p style=\"text-align: justify;\">Projekt b\u0119dzie realizowany w roku szkolnym 2022\/2023. Sk\u0142ada on si\u0119 z 8 zada\u0144, podejmowanych od pa\u017adziernika do maja.<\/p>\n","protected":false},"excerpt":{"rendered":"<p>Klasa II bierze udzia\u0142 w Og\u00f3lnopolskim Projekcie Edukacyjnym &#8222;Europa i ja&#8221;. Jego celem jest przybli\u017cenie uczniom klas 1-3 wiedzy na temat kraj\u00f3w znajduj\u0105cych si\u0119 w Europie. Poprzez udzia\u0142 w projekcie uczestnicy zdob\u0119d\u0105 nowe do\u015bwiadczenia, rozwin\u0105 zainteresowania dotycz\u0105ce Europy, wypromuj\u0105 swoj\u0105 &hellip; <a href=\"http:\/\/spmlodzawy.pl\/index.php\/ogolnopolski-projekt-edukacyjny-europa-i-ja-2\/\">Czytaj dalej <span class=\"meta-nav\">&rarr;<\/span><\/a><\/p>\n","protected":false},"author":1,"featured_media":0,"parent":0,"menu_order":0,"comment_status":"closed","ping_status":"closed","template":"","meta":[],"_links":{"self":[{"href":"http:\/\/spmlodzawy.pl\/index.php\/wp-json\/wp\/v2\/pages\/39681"}],"collection":[{"href":"http:\/\/spmlodzawy.pl\/index.php\/wp-json\/wp\/v2\/pages"}],"about":[{"href":"http:\/\/spmlodzawy.pl\/index.php\/wp-json\/wp\/v2\/types\/page"}],"author":[{"embeddable":true,"href":"http:\/\/spmlodzawy.pl\/index.php\/wp-json\/wp\/v2\/users\/1"}],"replies":[{"embeddable":true,"href":"http:\/\/spmlodzawy.pl\/index.php\/wp-json\/wp\/v2\/comments?post=39681"}],"version-history":[{"count":2,"href":"http:\/\/spmlodzawy.pl\/index.php\/wp-json\/wp\/v2\/pages\/39681\/revisions"}],"predecessor-version":[{"id":39687,"href":"http:\/\/spmlodzawy.pl\/index.php\/wp-json\/wp\/v2\/pages\/39681\/revisions\/39687"}],"wp:attachment":[{"href":"http:\/\/spmlodzawy.pl\/index.php\/wp-json\/wp\/v2\/media?parent=39681"}],"curies":[{"name":"wp","href":"https:\/\/api.w.org\/{rel}","templated":true}]}}