{"id":39688,"date":"2022-11-05T11:38:27","date_gmt":"2022-11-05T10:38:27","guid":{"rendered":"http:\/\/spmlodzawy.pl\/?page_id=39688"},"modified":"2022-11-05T11:38:27","modified_gmt":"2022-11-05T10:38:27","slug":"z-ekologia-na-ty","status":"publish","type":"page","link":"http:\/\/spmlodzawy.pl\/index.php\/z-ekologia-na-ty\/","title":{"rendered":"Z EKOLOGI\u0104 NA TY"},"content":{"rendered":"<p style=\"text-align: justify;\"><img decoding=\"async\" loading=\"lazy\" class=\" wp-image-38780 alignleft\" src=\"http:\/\/spmlodzawy.pl\/wp-content\/uploads\/2022\/10\/logo-projekt-z-ekologi\u0105-na-TY-300x220-300x220.jpg\" alt=\"\" width=\"142\" height=\"104\" \/>Uczniowie klasy VI przyst\u0105pili do Og\u00f3lnopolskiego Projektu Edukacyjnego <strong>\u201eZ ekologi\u0105 na Ty.\u201d<\/strong> G\u0142\u00f3wnym jego celem jest kszta\u0142towanie poczucia odpowiedzialno\u015bci za otaczaj\u0105ce \u015brodowisko, uwra\u017cliwienie na pi\u0119kno przyrody oraz \u00a0wyrobienie przekonania, \u017ce sami mo\u017cemy \u00a0przyczyni\u0107 si\u0119 do zmniejszenia dewastacji \u015brodowiska.<\/p>\n<p style=\"text-align: justify;\">Projekt ten zak\u0142ada realizacje minimum 14 zada\u0144 ekologicznych w ci\u0105gu roku szkolnego.<\/p>\n","protected":false},"excerpt":{"rendered":"<p>Uczniowie klasy VI przyst\u0105pili do Og\u00f3lnopolskiego Projektu Edukacyjnego \u201eZ ekologi\u0105 na Ty.\u201d G\u0142\u00f3wnym jego celem jest kszta\u0142towanie poczucia odpowiedzialno\u015bci za otaczaj\u0105ce \u015brodowisko, uwra\u017cliwienie na pi\u0119kno przyrody oraz \u00a0wyrobienie przekonania, \u017ce sami mo\u017cemy \u00a0przyczyni\u0107 si\u0119 do zmniejszenia dewastacji \u015brodowiska. Projekt ten &hellip; <a href=\"http:\/\/spmlodzawy.pl\/index.php\/z-ekologia-na-ty\/\">Czytaj dalej <span class=\"meta-nav\">&rarr;<\/span><\/a><\/p>\n","protected":false},"author":1,"featured_media":0,"parent":0,"menu_order":0,"comment_status":"closed","ping_status":"closed","template":"","meta":[],"_links":{"self":[{"href":"http:\/\/spmlodzawy.pl\/index.php\/wp-json\/wp\/v2\/pages\/39688"}],"collection":[{"href":"http:\/\/spmlodzawy.pl\/index.php\/wp-json\/wp\/v2\/pages"}],"about":[{"href":"http:\/\/spmlodzawy.pl\/index.php\/wp-json\/wp\/v2\/types\/page"}],"author":[{"embeddable":true,"href":"http:\/\/spmlodzawy.pl\/index.php\/wp-json\/wp\/v2\/users\/1"}],"replies":[{"embeddable":true,"href":"http:\/\/spmlodzawy.pl\/index.php\/wp-json\/wp\/v2\/comments?post=39688"}],"version-history":[{"count":1,"href":"http:\/\/spmlodzawy.pl\/index.php\/wp-json\/wp\/v2\/pages\/39688\/revisions"}],"predecessor-version":[{"id":39689,"href":"http:\/\/spmlodzawy.pl\/index.php\/wp-json\/wp\/v2\/pages\/39688\/revisions\/39689"}],"wp:attachment":[{"href":"http:\/\/spmlodzawy.pl\/index.php\/wp-json\/wp\/v2\/media?parent=39688"}],"curies":[{"name":"wp","href":"https:\/\/api.w.org\/{rel}","templated":true}]}}