{"id":39954,"date":"2022-11-10T14:38:15","date_gmt":"2022-11-10T13:38:15","guid":{"rendered":"http:\/\/spmlodzawy.pl\/?page_id=39954"},"modified":"2022-11-10T14:38:15","modified_gmt":"2022-11-10T13:38:15","slug":"swieto-niepodleglosci-w-klasach-i-iii","status":"publish","type":"page","link":"http:\/\/spmlodzawy.pl\/index.php\/swieto-niepodleglosci-w-klasach-i-iii\/","title":{"rendered":"\u015awi\u0119to Niepodleg\u0142o\u015bci w klasach I-III"},"content":{"rendered":"Gallery with ID 1281 doesn't exist.\n","protected":false},"excerpt":{"rendered":"","protected":false},"author":1,"featured_media":0,"parent":0,"menu_order":0,"comment_status":"closed","ping_status":"closed","template":"","meta":[],"_links":{"self":[{"href":"http:\/\/spmlodzawy.pl\/index.php\/wp-json\/wp\/v2\/pages\/39954"}],"collection":[{"href":"http:\/\/spmlodzawy.pl\/index.php\/wp-json\/wp\/v2\/pages"}],"about":[{"href":"http:\/\/spmlodzawy.pl\/index.php\/wp-json\/wp\/v2\/types\/page"}],"author":[{"embeddable":true,"href":"http:\/\/spmlodzawy.pl\/index.php\/wp-json\/wp\/v2\/users\/1"}],"replies":[{"embeddable":true,"href":"http:\/\/spmlodzawy.pl\/index.php\/wp-json\/wp\/v2\/comments?post=39954"}],"version-history":[{"count":1,"href":"http:\/\/spmlodzawy.pl\/index.php\/wp-json\/wp\/v2\/pages\/39954\/revisions"}],"predecessor-version":[{"id":39955,"href":"http:\/\/spmlodzawy.pl\/index.php\/wp-json\/wp\/v2\/pages\/39954\/revisions\/39955"}],"wp:attachment":[{"href":"http:\/\/spmlodzawy.pl\/index.php\/wp-json\/wp\/v2\/media?parent=39954"}],"curies":[{"name":"wp","href":"https:\/\/api.w.org\/{rel}","templated":true}]}}