{"id":40202,"date":"2022-11-19T17:35:14","date_gmt":"2022-11-19T16:35:14","guid":{"rendered":"http:\/\/spmlodzawy.pl\/?page_id=40202"},"modified":"2022-11-19T17:36:50","modified_gmt":"2022-11-19T16:36:50","slug":"byc-jak-ignacy-zostan-ambasadorem-nauki","status":"publish","type":"page","link":"http:\/\/spmlodzawy.pl\/index.php\/byc-jak-ignacy-zostan-ambasadorem-nauki\/","title":{"rendered":"BY\u0106 JAK IGNACY &#8222;Zosta\u0144 ambasadorem nauki&#8221;"},"content":{"rendered":"<p style=\"text-align: justify;\"><strong><img decoding=\"async\" loading=\"lazy\" class=\" wp-image-39031 alignleft\" src=\"http:\/\/spmlodzawy.pl\/wp-content\/uploads\/2022\/10\/notka-pr_1-300x208.jpg\" sizes=\"(max-width: 141px) 100vw, 141px\" srcset=\"http:\/\/spmlodzawy.pl\/wp-content\/uploads\/2022\/10\/notka-pr_1-300x208.jpg 300w, http:\/\/spmlodzawy.pl\/wp-content\/uploads\/2022\/10\/notka-pr_1-768x532.jpg 768w, http:\/\/spmlodzawy.pl\/wp-content\/uploads\/2022\/10\/notka-pr_1-1024x709.jpg 1024w\" alt=\"\" width=\"175\" height=\"121\" \/>By\u0107 jak Ignacy \u201eZosta\u0144 ambasadorem nauki\u201d<\/strong> to VII edycja programu edukacyjnego dla szk\u00f3\u0142 podstawowych, kt\u00f3rego organizatorem jest Fundacja PGNiG im. Ignacego \u0141ukasiewicza.<\/p>\n<p style=\"text-align: justify;\">W tym roku akcja wystartowa\u0142a pod has\u0142em \u201e<strong>Zosta\u0144 ambasadorem nauki<\/strong>\u201d! Program ma zach\u0119ci\u0107 dzieci do promowania nauki i zdobywania wiedzy mi\u0119dzy innymi w takich dziedzinach jak: astronomia, ekonomia, si\u0142y natury, optyka czy kryptologia. \u0141\u0105cznie przygotowano a\u017c <strong>8 ciekawych temat\u00f3w<\/strong>.<\/p>\n<p style=\"text-align: justify;\">W ramach tegorocznej edycji powstanie <strong>16 odcink\u00f3w programu naukowo-rozrywkowego<\/strong>. G\u0142\u00f3wnymi bohaterami b\u0119d\u0105 uwielbiane przez dzieci postacie Ignacego oraz jego pomocnika &#8211; robota Blu. Co dwa tygodnie uczestnicy b\u0119d\u0105 mogli zapozna\u0107 si\u0119 z nowymi zagadnieniami, kt\u00f3re wprowadz\u0105 ich w tematyk\u0119 zaj\u0119\u0107.<\/p>\n<p style=\"text-align: justify;\">W tej edycji opr\u00f3cz wybitnych postaci historycznych uczniowie b\u0119d\u0105 mieli okazj\u0119 pozna\u0107 tak\u017ce wsp\u00f3\u0142czesnych naukowc\u00f3w, kt\u00f3rzy ch\u0119tnie podziel\u0105 si\u0119 z nimi swoj\u0105 wiedz\u0105 i do\u015bwiadczeniem. Go\u015b\u0107mi programu b\u0119d\u0105 r\u00f3wnie\u017c popularni w\u015br\u00f3d uczni\u00f3w influencerzy. Wszyscy go\u015bcie, zar\u00f3wno ci ze \u015bwiata nauki, jak i ci ze \u015bwiata rozrywki pojawi\u0105 si\u0119 w filmach, przedstawiaj\u0105c naukowe zagadnienia w atrakcyjnej dla dzieci formie.<\/p>\n<p style=\"text-align: justify;\">W naszej szkole program realizuj\u0105 uczniowie klas I-III.<\/p>\n","protected":false},"excerpt":{"rendered":"<p>By\u0107 jak Ignacy \u201eZosta\u0144 ambasadorem nauki\u201d to VII edycja programu edukacyjnego dla szk\u00f3\u0142 podstawowych, kt\u00f3rego organizatorem jest Fundacja PGNiG im. Ignacego \u0141ukasiewicza. W tym roku akcja wystartowa\u0142a pod has\u0142em \u201eZosta\u0144 ambasadorem nauki\u201d! Program ma zach\u0119ci\u0107 dzieci do promowania nauki i &hellip; <a href=\"http:\/\/spmlodzawy.pl\/index.php\/byc-jak-ignacy-zostan-ambasadorem-nauki\/\">Czytaj dalej <span class=\"meta-nav\">&rarr;<\/span><\/a><\/p>\n","protected":false},"author":1,"featured_media":0,"parent":0,"menu_order":0,"comment_status":"closed","ping_status":"closed","template":"","meta":[],"_links":{"self":[{"href":"http:\/\/spmlodzawy.pl\/index.php\/wp-json\/wp\/v2\/pages\/40202"}],"collection":[{"href":"http:\/\/spmlodzawy.pl\/index.php\/wp-json\/wp\/v2\/pages"}],"about":[{"href":"http:\/\/spmlodzawy.pl\/index.php\/wp-json\/wp\/v2\/types\/page"}],"author":[{"embeddable":true,"href":"http:\/\/spmlodzawy.pl\/index.php\/wp-json\/wp\/v2\/users\/1"}],"replies":[{"embeddable":true,"href":"http:\/\/spmlodzawy.pl\/index.php\/wp-json\/wp\/v2\/comments?post=40202"}],"version-history":[{"count":2,"href":"http:\/\/spmlodzawy.pl\/index.php\/wp-json\/wp\/v2\/pages\/40202\/revisions"}],"predecessor-version":[{"id":40205,"href":"http:\/\/spmlodzawy.pl\/index.php\/wp-json\/wp\/v2\/pages\/40202\/revisions\/40205"}],"wp:attachment":[{"href":"http:\/\/spmlodzawy.pl\/index.php\/wp-json\/wp\/v2\/media?parent=40202"}],"curies":[{"name":"wp","href":"https:\/\/api.w.org\/{rel}","templated":true}]}}