{"id":40225,"date":"2022-11-20T19:44:36","date_gmt":"2022-11-20T18:44:36","guid":{"rendered":"http:\/\/spmlodzawy.pl\/?page_id=40225"},"modified":"2022-11-20T19:45:32","modified_gmt":"2022-11-20T18:45:32","slug":"superkoderzy-4","status":"publish","type":"page","link":"http:\/\/spmlodzawy.pl\/index.php\/superkoderzy-4\/","title":{"rendered":"#SuperKoderzy"},"content":{"rendered":"<p style=\"text-align: justify;\"><img decoding=\"async\" loading=\"lazy\" class=\"image wp-image-23670 attachment-160x160 alignleft\" src=\"http:\/\/spmlodzawy.pl\/wp-content\/uploads\/2020\/09\/FO_post_FB_4-300x300.png\" sizes=\"(max-width: 160px) 100vw, 160px\" srcset=\"http:\/\/spmlodzawy.pl\/wp-content\/uploads\/2020\/09\/FO_post_FB_4-300x300.png 300w, http:\/\/spmlodzawy.pl\/wp-content\/uploads\/2020\/09\/FO_post_FB_4-300x300-150x150.png 150w\" alt=\"\" width=\"125\" height=\"125\" \/>#SuperKoderzy to og\u00f3lnopolski program edukacyjny Fundacji Orange, kt\u00f3rego kluczowym elementem jest nauka programowania. Adresowany jest do szk\u00f3\u0142 podstawowych oraz uczni\u00f3w w wieku 9-14 lat.W czasie trwania programu dzieci ucz\u0105 si\u0119 programowania, podstaw robotyki i poznaj\u0105 \u015bwiat nowych technologii nie tylko na informatyce, ale r\u00f3wnie\u017c na lekcjach przyrody, historii, j\u0119zyka polskiego, muzyki, matematyki czy j\u0119zyk\u00f3w obcych.<\/p>\n<p style=\"text-align: justify;\">Szko\u0142y uczestnicz\u0105ce w #SuperKoderach maj\u0105 do wyboru jedn\u0105 z czternastu \u015bcie\u017cek tematycznych, z kt\u00f3rych ka\u017cda zawiera materia\u0142y dydaktyczne na co najmniej dziesi\u0119\u0107 lekcji przygotowanych zgodnie z podstaw\u0105 programow\u0105. Podczas spotka\u0144 przyszli #SuperKoderzy ucz\u0105 si\u0119 programowania w praktyce i pog\u0142\u0119biaj\u0105 wiedz\u0119 z danego przedmiotu. Rozwijaj\u0105 te\u017c kreatywno\u015b\u0107, umiej\u0119tno\u015b\u0107 logicznego my\u015blenia i pracy w zespole. By\u0107 mo\u017ce w m\u0142odych programistach rozbudz\u0105 si\u0119 przysz\u0142e zainteresowania zawodowe. Programista to przecie\u017c zaw\u00f3d przysz\u0142o\u015bci!<\/p>\n<p style=\"text-align: justify;\">W roku szkolnym 2022\/2023 nasza szko\u0142a przyst\u0119puje do projektu po raz czwarty.\u00a0 SuperKoderzy zapoznaj\u0105 si\u0119 ze \u015bcie\u017ck\u0105 \u201eKonstruktorzy gier\u201d.<\/p>\n","protected":false},"excerpt":{"rendered":"<p>#SuperKoderzy to og\u00f3lnopolski program edukacyjny Fundacji Orange, kt\u00f3rego kluczowym elementem jest nauka programowania. Adresowany jest do szk\u00f3\u0142 podstawowych oraz uczni\u00f3w w wieku 9-14 lat.W czasie trwania programu dzieci ucz\u0105 si\u0119 programowania, podstaw robotyki i poznaj\u0105 \u015bwiat nowych technologii nie tylko &hellip; <a href=\"http:\/\/spmlodzawy.pl\/index.php\/superkoderzy-4\/\">Czytaj dalej <span class=\"meta-nav\">&rarr;<\/span><\/a><\/p>\n","protected":false},"author":1,"featured_media":0,"parent":0,"menu_order":0,"comment_status":"closed","ping_status":"closed","template":"","meta":[],"_links":{"self":[{"href":"http:\/\/spmlodzawy.pl\/index.php\/wp-json\/wp\/v2\/pages\/40225"}],"collection":[{"href":"http:\/\/spmlodzawy.pl\/index.php\/wp-json\/wp\/v2\/pages"}],"about":[{"href":"http:\/\/spmlodzawy.pl\/index.php\/wp-json\/wp\/v2\/types\/page"}],"author":[{"embeddable":true,"href":"http:\/\/spmlodzawy.pl\/index.php\/wp-json\/wp\/v2\/users\/1"}],"replies":[{"embeddable":true,"href":"http:\/\/spmlodzawy.pl\/index.php\/wp-json\/wp\/v2\/comments?post=40225"}],"version-history":[{"count":3,"href":"http:\/\/spmlodzawy.pl\/index.php\/wp-json\/wp\/v2\/pages\/40225\/revisions"}],"predecessor-version":[{"id":40228,"href":"http:\/\/spmlodzawy.pl\/index.php\/wp-json\/wp\/v2\/pages\/40225\/revisions\/40228"}],"wp:attachment":[{"href":"http:\/\/spmlodzawy.pl\/index.php\/wp-json\/wp\/v2\/media?parent=40225"}],"curies":[{"name":"wp","href":"https:\/\/api.w.org\/{rel}","templated":true}]}}