{"id":42066,"date":"2023-02-17T14:57:57","date_gmt":"2023-02-17T13:57:57","guid":{"rendered":"http:\/\/spmlodzawy.pl\/?page_id=42066"},"modified":"2024-05-16T11:51:22","modified_gmt":"2024-05-16T09:51:22","slug":"kulturalnie-poznam-swiat","status":"publish","type":"page","link":"http:\/\/spmlodzawy.pl\/index.php\/kulturalnie-poznam-swiat\/","title":{"rendered":"KULTURAlnie poznam \u015bwiat!"},"content":{"rendered":"<p style=\"text-align: center;\"><strong><em><u><img decoding=\"async\" loading=\"lazy\" class=\"image wp-image-19163 attachment-full alignleft\" src=\"http:\/\/spmlodzawy.pl\/wp-content\/uploads\/2019\/10\/p_293_52354_1.jpg\" alt=\"\" width=\"201\" height=\"108\" \/>\u201eKULTURAlnie poznam \u015bwiat!\u201d<\/u><\/em><\/strong><\/p>\n<p style=\"text-align: center;\"><strong><em>Projekt wsp\u00f3\u0142finansowany ze \u015brodk\u00f3w <u>Fundacji PZU<\/u> na podstawie umowy dotacji\u00a0 zawartej<br \/>\n<\/em><\/strong><strong><em>ze STOWARZYSZENIEM ROZWOJU M\u0141ODZAW \u2013 NASZA PRZYSZ\u0141O\u015a\u0106<\/em><\/strong><\/p>\n<p>Harmonogram projektu:<\/p>\n<table>\n<tbody>\n<tr>\n<td colspan=\"2\" width=\"1087\"><strong>DZIA\u0141ANIE<\/strong><\/td>\n<td width=\"183\"><strong>TERMIN REALIZACJI<\/strong><\/td>\n<\/tr>\n<tr>\n<td width=\"69\">1.<\/td>\n<td width=\"1018\"><strong>DZIA\u0141ANIE 1. REKRUTACJA, SPOTKANIE ORGANIZACYJNE <\/strong><\/p>\n<p>Poinformowanie uczni\u00f3w szko\u0142y podstawowej i ich rodzic\u00f3w oraz rodzic\u00f3w dzieci z przedszkola o celach projektu i dzia\u0142aniach zaplanowanych w ramach projektu. Rekrutacja uczestnik\u00f3w. Przedstawienie wst\u0119pnego harmonogramu.<\/td>\n<td width=\"183\">01. 10.2022\u00a0 \u2013 09.10. 2022<\/td>\n<\/tr>\n<tr>\n<td width=\"69\">2.<\/td>\n<td width=\"1018\"><strong>DZIA\u0141ANIE 2. WARSZTATY &#8222;POZNAJEMY \u015aWIAT&#8221;<\/strong><\/p>\n<p>Warsztaty prowadzone b\u0119d\u0105 przez grup\u0119 podr\u00f3\u017cnik\u00f3w z Krakowa (p\u0142atne) i\/lub przez zaproszonych go\u015bci, kt\u00f3rzy zwiedzili ciekawe miejsca na \u015bwiecie albo mieszkali i pracowali w innych krajach. Podzia\u0142 na 3 grupy wiekowe. Ka\u017cda grupa 3 spotkania po 2 godziny zaj\u0119\u0107 (w sumie ka\u017cda grupa 6 godzin warsztat\u00f3w). Ilo\u015b\u0107 uczestnik\u00f3w &#8211; 75. Warsztaty odbywa\u0107 si\u0119 b\u0119d\u0105 w budynku Szko\u0142y Podstawowej w M\u0142odzawach.<\/td>\n<td width=\"183\">01. 10.2022\u00a0 \u2013 12.03. 2023<\/td>\n<\/tr>\n<tr>\n<td width=\"69\">3.<\/td>\n<td width=\"1018\"><strong>DZIA\u0141ANIE 3. OD WYSOKIEJ KULTURY DO PRZEPI\u0118KNEJ NATURY<\/strong><\/p>\n<p>Wyjazd edukacyjny do Kielc i Zagna\u0144ska w dw\u00f3ch grupach wiekowych:<\/p>\n<p><strong>I. dla dzieci z przedszkola i z klas I-III. Liczba uczestnik\u00f3w 40. Liczba opiekun\u00f3w: 4 <\/strong><\/p>\n<p>1. Spektakl w Teatrze Lalki i Aktora Kubu\u015b w Kielcach;<\/p>\n<p>2. Zwiedzanie &#8222;Kompleksu \u015awi\u0119tokrzyska Polana&#8221; w Zagna\u0144sku (Oceanika, Park Miniatur, Wystawa Fascynuj\u0105cy \u015awiat Owad\u00f3w).<\/p>\n<p><strong>II. dla dzieci i m\u0142odzie\u017cy z klas IV &#8211; VIII. Liczba uczestnik\u00f3w 35. Liczba opiekun\u00f3w: 4 <\/strong><\/p>\n<p>1. Spektakl w Teatrze \u017beromskiego w Kielcach;<\/p>\n<p>2. Zwiedzanie &#8222;Kompleksu \u015awi\u0119tokrzyska Polana&#8221; w Zagna\u0144sku (Oceanika, Park Miniatur, Wystawa Fascynuj\u0105cy \u015awiat Owad\u00f3w).<\/td>\n<td width=\"183\">10. 10.2022\u00a0 \u2013 31.10. 2022<\/td>\n<\/tr>\n<tr>\n<td width=\"69\">4.<\/td>\n<td width=\"1018\"><strong>DZIA\u0141ANIE 4. FILHARMONIA I SZTUKA NA POWA\u017bNIE&#8230; <\/strong><\/p>\n<p>Popo\u0142udniowo &#8211; wieczorny wyjazd edukacyjny do Krakowa dla m\u0142odzie\u017cy 12-15 lat. Liczba uczestnik\u00f3w 25. Liczba opiekun\u00f3w: 3<\/p>\n<p>1. Koncert w Filharmonii w Krakowie;<\/p>\n<p>2. Zwiedzanie wystawy sztuki wsp\u00f3\u0142czesnej w Galerii Sztuki;<\/p>\n<p>3. Zwiedzanie Muzeum \u017bywych Motyli.<\/p>\n<p>4. Wieczorny spacer po Krakowskim Rynku.<\/td>\n<td width=\"183\">01.11.2022 \u2013 15.01. 2023<\/td>\n<\/tr>\n<tr>\n<td width=\"69\">5.<\/td>\n<td width=\"1018\"><strong>DZIA\u0141ANIE 5. \u0141\u00d3D\u0179 &#8211; STOLICA POLSKIEGO FILMU I NIE TYLKO&#8230; <\/strong><\/p>\n<p>Dwudniowy wyjazd edukacyjny. Liczba uczestnik\u00f3w 45. Liczba opiekun\u00f3w: 4<\/p>\n<p>1. Zwiedzanie zabytk\u00f3w i atrakcji: ul. Piotrkowska, Plac Wolno\u015bci, Park Ocala\u0142ych, Szlak Bajkowa \u0141\u00f3d\u017a, Manufaktura i inne fabryki.<\/p>\n<p>2. Udzia\u0142 w spektaklu teatralnym w Teatrze Muzycznym;<\/p>\n<p>3. Zwiedzanie Muzeum Sztuki + udzia\u0142 w zaj\u0119ciach muzealnych;<\/p>\n<p>4. Zwiedzanie i warsztaty w Centrum Nauki Experymentarium;<\/p>\n<p>5. Zwiedzanie Muzeum Kinematografii;<\/p>\n<p>6. Zorganizowanie posi\u0142ku dla uczestnik\u00f3w;<\/p>\n<p>7. Zorganizowanie noclegu dla uczestnik\u00f3w.<\/td>\n<td width=\"183\">01. 11.2023\u00a0 \u2013 26.03. 2023<\/td>\n<\/tr>\n<tr>\n<td width=\"69\">6.<\/td>\n<td width=\"1018\"><strong>DZIA\u0141ANIE 6. PODSUMOWANIE PROJEKTU <\/strong><\/p>\n<p>Prezentacja filmu z przeprowadzonych w ramach projektu dzia\u0142a\u0144 oraz wykonanie przez uczestnik\u00f3w kola\u017cy zdj\u0119\u0107 z ka\u017cdego dzia\u0142ania. Na podsumowanie zaprosimy panie z KGW M\u0142odzawy, kt\u00f3re pomog\u0105 nam przygotowa\u0107 pocz\u0119stunek oraz lokalne w\u0142adze urz\u0119du gminy i so\u0142tys\u00f3w naszych miejscowo\u015bci.<\/td>\n<td width=\"183\">27.03. 2023 \u2013 31.03.2023<\/td>\n<\/tr>\n<\/tbody>\n<\/table>\n","protected":false},"excerpt":{"rendered":"<p>\u201eKULTURAlnie poznam \u015bwiat!\u201d Projekt wsp\u00f3\u0142finansowany ze \u015brodk\u00f3w Fundacji PZU na podstawie umowy dotacji\u00a0 zawartej ze STOWARZYSZENIEM ROZWOJU M\u0141ODZAW \u2013 NASZA PRZYSZ\u0141O\u015a\u0106 Harmonogram projektu: DZIA\u0141ANIE TERMIN REALIZACJI 1. DZIA\u0141ANIE 1. REKRUTACJA, SPOTKANIE ORGANIZACYJNE Poinformowanie uczni\u00f3w szko\u0142y podstawowej i ich rodzic\u00f3w oraz &hellip; <a href=\"http:\/\/spmlodzawy.pl\/index.php\/kulturalnie-poznam-swiat\/\">Czytaj dalej <span class=\"meta-nav\">&rarr;<\/span><\/a><\/p>\n","protected":false},"author":1,"featured_media":0,"parent":0,"menu_order":0,"comment_status":"closed","ping_status":"closed","template":"","meta":[],"_links":{"self":[{"href":"http:\/\/spmlodzawy.pl\/index.php\/wp-json\/wp\/v2\/pages\/42066"}],"collection":[{"href":"http:\/\/spmlodzawy.pl\/index.php\/wp-json\/wp\/v2\/pages"}],"about":[{"href":"http:\/\/spmlodzawy.pl\/index.php\/wp-json\/wp\/v2\/types\/page"}],"author":[{"embeddable":true,"href":"http:\/\/spmlodzawy.pl\/index.php\/wp-json\/wp\/v2\/users\/1"}],"replies":[{"embeddable":true,"href":"http:\/\/spmlodzawy.pl\/index.php\/wp-json\/wp\/v2\/comments?post=42066"}],"version-history":[{"count":3,"href":"http:\/\/spmlodzawy.pl\/index.php\/wp-json\/wp\/v2\/pages\/42066\/revisions"}],"predecessor-version":[{"id":42070,"href":"http:\/\/spmlodzawy.pl\/index.php\/wp-json\/wp\/v2\/pages\/42066\/revisions\/42070"}],"wp:attachment":[{"href":"http:\/\/spmlodzawy.pl\/index.php\/wp-json\/wp\/v2\/media?parent=42066"}],"curies":[{"name":"wp","href":"https:\/\/api.w.org\/{rel}","templated":true}]}}