{"id":45178,"date":"2023-09-15T18:18:43","date_gmt":"2023-09-15T16:18:43","guid":{"rendered":"http:\/\/spmlodzawy.pl\/?page_id=45178"},"modified":"2023-09-15T18:18:43","modified_gmt":"2023-09-15T16:18:43","slug":"mamo-tato-matematyka-jest-wszedzie","status":"publish","type":"page","link":"http:\/\/spmlodzawy.pl\/index.php\/mamo-tato-matematyka-jest-wszedzie\/","title":{"rendered":"\u201eMAMO, TATO MATEMATYKA JEST WSZ\u0118DZIE!\u201d"},"content":{"rendered":"<p style=\"text-align: justify;\"><img decoding=\"async\" loading=\"lazy\" class=\"size-medium wp-image-44977 alignleft\" src=\"http:\/\/spmlodzawy.pl\/wp-content\/uploads\/2023\/09\/mBank_logo_fundacja_RGB-3-300x86.jpg\" alt=\"\" width=\"300\" height=\"86\" srcset=\"http:\/\/spmlodzawy.pl\/wp-content\/uploads\/2023\/09\/mBank_logo_fundacja_RGB-3-300x86.jpg 300w, http:\/\/spmlodzawy.pl\/wp-content\/uploads\/2023\/09\/mBank_logo_fundacja_RGB-3-1024x292.jpg 1024w, http:\/\/spmlodzawy.pl\/wp-content\/uploads\/2023\/09\/mBank_logo_fundacja_RGB-3-768x219.jpg 768w, http:\/\/spmlodzawy.pl\/wp-content\/uploads\/2023\/09\/mBank_logo_fundacja_RGB-3-1536x439.jpg 1536w, http:\/\/spmlodzawy.pl\/wp-content\/uploads\/2023\/09\/mBank_logo_fundacja_RGB-3-2048x585.jpg 2048w\" sizes=\"(max-width: 300px) 100vw, 300px\" \/>Nowy rok szkolny zbli\u017ca si\u0119 wielkimi krokami a wraz z nim czeka nas du\u017co atrakcji. Jedn\u0105 z nich jest realizacja programu grantowego mPot\u0119ga pt. \u201eMAMO, TATO MATEMATYKA JEST WSZ\u0118DZIE!\u201d. <strong>Projekt dofinansowa\u0142a Fundacja mBanku. <\/strong>Skierowany jest do uczni\u00f3w klas IV \u2013 VI i b\u0119dzie trwa\u0142 od 1 wrze\u015bnia do 31 grudnia. W ramach programu odb\u0119d\u0105 si\u0119: warsztaty poza szkoln\u0105 \u0142awk\u0105, wyjazd edukacyjny do Krakowa, a podczas niego wizyta w muzeum oraz na AGH, zaj\u0119cia na rynku oraz matematyka na trampolinach. Odb\u0119d\u0105 si\u0119 r\u00f3wnie\u017c podchody matematyczne \u2013 gra terenowa z nagrodami, wycieczka do lasu oraz dzia\u0142anie fina\u0142owe. My\u015bl\u0105 przewodni\u0105 projektu jest pokazanie, \u017ce matematyka jest wsz\u0119dzie. Do realizacji projektu zaprosimy rodzic\u00f3w, \u00a0z kt\u00f3rymi uczniowie b\u0119d\u0105 \u015bwietnie si\u0119 bawi\u0107 matematyk\u0105.<\/p>\n","protected":false},"excerpt":{"rendered":"<p>Nowy rok szkolny zbli\u017ca si\u0119 wielkimi krokami a wraz z nim czeka nas du\u017co atrakcji. Jedn\u0105 z nich jest realizacja programu grantowego mPot\u0119ga pt. \u201eMAMO, TATO MATEMATYKA JEST WSZ\u0118DZIE!\u201d. Projekt dofinansowa\u0142a Fundacja mBanku. Skierowany jest do uczni\u00f3w klas IV \u2013 &hellip; <a href=\"http:\/\/spmlodzawy.pl\/index.php\/mamo-tato-matematyka-jest-wszedzie\/\">Czytaj dalej <span class=\"meta-nav\">&rarr;<\/span><\/a><\/p>\n","protected":false},"author":1,"featured_media":0,"parent":0,"menu_order":0,"comment_status":"closed","ping_status":"closed","template":"","meta":[],"_links":{"self":[{"href":"http:\/\/spmlodzawy.pl\/index.php\/wp-json\/wp\/v2\/pages\/45178"}],"collection":[{"href":"http:\/\/spmlodzawy.pl\/index.php\/wp-json\/wp\/v2\/pages"}],"about":[{"href":"http:\/\/spmlodzawy.pl\/index.php\/wp-json\/wp\/v2\/types\/page"}],"author":[{"embeddable":true,"href":"http:\/\/spmlodzawy.pl\/index.php\/wp-json\/wp\/v2\/users\/1"}],"replies":[{"embeddable":true,"href":"http:\/\/spmlodzawy.pl\/index.php\/wp-json\/wp\/v2\/comments?post=45178"}],"version-history":[{"count":1,"href":"http:\/\/spmlodzawy.pl\/index.php\/wp-json\/wp\/v2\/pages\/45178\/revisions"}],"predecessor-version":[{"id":45179,"href":"http:\/\/spmlodzawy.pl\/index.php\/wp-json\/wp\/v2\/pages\/45178\/revisions\/45179"}],"wp:attachment":[{"href":"http:\/\/spmlodzawy.pl\/index.php\/wp-json\/wp\/v2\/media?parent=45178"}],"curies":[{"name":"wp","href":"https:\/\/api.w.org\/{rel}","templated":true}]}}