{"id":45189,"date":"2023-09-15T18:31:01","date_gmt":"2023-09-15T16:31:01","guid":{"rendered":"http:\/\/spmlodzawy.pl\/?page_id=45189"},"modified":"2024-11-04T15:32:54","modified_gmt":"2024-11-04T14:32:54","slug":"natalka-i-antek-w-swiecie-wielkiej-matematyki-2023-2024","status":"publish","type":"page","link":"http:\/\/spmlodzawy.pl\/index.php\/natalka-i-antek-w-swiecie-wielkiej-matematyki-2023-2024\/","title":{"rendered":"\u201eNatalka i Antek w \u015bwiecie wielkiej matematyki 2024\/2025\u201d"},"content":{"rendered":"<p style=\"text-align: justify;\"><em><strong><img decoding=\"async\" loading=\"lazy\" class=\"wp-image-51817 alignleft\" src=\"http:\/\/spmlodzawy.pl\/wp-content\/uploads\/2024\/11\/1920x810-300x127.png\" alt=\"\" width=\"212\" height=\"90\" srcset=\"http:\/\/spmlodzawy.pl\/wp-content\/uploads\/2024\/11\/1920x810-300x127.png 300w, http:\/\/spmlodzawy.pl\/wp-content\/uploads\/2024\/11\/1920x810-1024x432.png 1024w, http:\/\/spmlodzawy.pl\/wp-content\/uploads\/2024\/11\/1920x810-768x324.png 768w, http:\/\/spmlodzawy.pl\/wp-content\/uploads\/2024\/11\/1920x810-1536x648.png 1536w, http:\/\/spmlodzawy.pl\/wp-content\/uploads\/2024\/11\/1920x810.png 1920w\" sizes=\"(max-width: 212px) 100vw, 212px\" \/>\u201eNatalka i Antek w \u015bwiecie wielkiej matematyki 2024\/2025\u201d <\/strong><\/em>to ju\u017c kolejna edycja projektu matematycznego wydawnictwa MAC. <strong>Przyst\u0105pili do niego uczniowie klasy III.<\/strong><\/p>\n<p style=\"text-align: justify;\">G\u0142\u00f3wnym celem projektu jest zaprzyja\u017anienie dzieci z matematyk\u0105. Budowanie \u015bwiadomo\u015bci, \u017ce jest ona obecna we wszystkich dziedzinach \u017cycia, otacza nas na co dzie\u0144. Natalka i Antek zach\u0119c\u0105 dzieci do poznawania matematyki poprzez wykonywanie zada\u0144, ale nie tych z podr\u0119cznika. Nauczyciel krok po kroku wprowadza ich w \u015bwiat wielkiej matematyki.<\/p>\n<p>Projekt sk\u0142ada si\u0119 z o\u015bmiu modu\u0142\u00f3w o r\u00f3\u017cnorodnej tematyce, ka\u017cdy realizowany jest przez miesi\u0105c. S\u0105 to nast\u0119puj\u0105ce modu\u0142y:<br \/>\n\u2013 Matematyka w grach planszowych,<br \/>\n\u2013 Matematyka w sklepie,<br \/>\n\u2013 Matematyka w ciele cz\u0142owieka,<br \/>\n\u2013 Matematyka na urodzinach,<br \/>\n\u2013 Matematyka w stra\u017cy po\u017carnej,<br \/>\n\u2013 Matematyka w restauracji,<br \/>\n\u2013 Matematyka w ogr\u00f3dku,<br \/>\n\u2013 Matematyka w kosmosie &#8211; podr\u00f3\u017c do gwiazd.<\/p>\n<p>&nbsp;<\/p>\n","protected":false},"excerpt":{"rendered":"<p>\u201eNatalka i Antek w \u015bwiecie wielkiej matematyki 2024\/2025\u201d to ju\u017c kolejna edycja projektu matematycznego wydawnictwa MAC. Przyst\u0105pili do niego uczniowie klasy III. G\u0142\u00f3wnym celem projektu jest zaprzyja\u017anienie dzieci z matematyk\u0105. Budowanie \u015bwiadomo\u015bci, \u017ce jest ona obecna we wszystkich dziedzinach \u017cycia, &hellip; <a href=\"http:\/\/spmlodzawy.pl\/index.php\/natalka-i-antek-w-swiecie-wielkiej-matematyki-2023-2024\/\">Czytaj dalej <span class=\"meta-nav\">&rarr;<\/span><\/a><\/p>\n","protected":false},"author":1,"featured_media":0,"parent":0,"menu_order":0,"comment_status":"closed","ping_status":"closed","template":"","meta":[],"_links":{"self":[{"href":"http:\/\/spmlodzawy.pl\/index.php\/wp-json\/wp\/v2\/pages\/45189"}],"collection":[{"href":"http:\/\/spmlodzawy.pl\/index.php\/wp-json\/wp\/v2\/pages"}],"about":[{"href":"http:\/\/spmlodzawy.pl\/index.php\/wp-json\/wp\/v2\/types\/page"}],"author":[{"embeddable":true,"href":"http:\/\/spmlodzawy.pl\/index.php\/wp-json\/wp\/v2\/users\/1"}],"replies":[{"embeddable":true,"href":"http:\/\/spmlodzawy.pl\/index.php\/wp-json\/wp\/v2\/comments?post=45189"}],"version-history":[{"count":5,"href":"http:\/\/spmlodzawy.pl\/index.php\/wp-json\/wp\/v2\/pages\/45189\/revisions"}],"predecessor-version":[{"id":51820,"href":"http:\/\/spmlodzawy.pl\/index.php\/wp-json\/wp\/v2\/pages\/45189\/revisions\/51820"}],"wp:attachment":[{"href":"http:\/\/spmlodzawy.pl\/index.php\/wp-json\/wp\/v2\/media?parent=45189"}],"curies":[{"name":"wp","href":"https:\/\/api.w.org\/{rel}","templated":true}]}}