{"id":45260,"date":"2023-09-17T19:54:52","date_gmt":"2023-09-17T17:54:52","guid":{"rendered":"http:\/\/spmlodzawy.pl\/?page_id=45260"},"modified":"2023-11-15T14:58:14","modified_gmt":"2023-11-15T13:58:14","slug":"luzne-lekcje-z-naukowcami","status":"publish","type":"page","link":"http:\/\/spmlodzawy.pl\/index.php\/luzne-lekcje-z-naukowcami\/","title":{"rendered":"\u201eLu\u017ane lekcje z naukowcami &#8211; poznajemy i eksperymentujemy\u201d"},"content":{"rendered":"<p style=\"text-align: justify;\"><img decoding=\"async\" loading=\"lazy\" class=\" wp-image-45261 alignleft\" src=\"http:\/\/spmlodzawy.pl\/wp-content\/uploads\/2023\/09\/366372766_6547706965311411_9174788340936400944_n-200x300.jpg\" alt=\"\" width=\"99\" height=\"149\" srcset=\"http:\/\/spmlodzawy.pl\/wp-content\/uploads\/2023\/09\/366372766_6547706965311411_9174788340936400944_n-200x300.jpg 200w, http:\/\/spmlodzawy.pl\/wp-content\/uploads\/2023\/09\/366372766_6547706965311411_9174788340936400944_n.jpg 640w\" sizes=\"(max-width: 99px) 100vw, 99px\" \/>\u201eLu\u017ane lekcje z naukowcami &#8211; poznajemy i eksperymentujemy\u201d to Og\u00f3lnopolski Projekt Edukacyjny przeznaczony dla szk\u00f3\u0142 i przedszkoli. W naszej szkole b\u0119dziemy go realizowa\u0107 <strong><em>w klasie II.<\/em><\/strong><\/p>\n<p style=\"text-align: justify;\"><em><strong>Projekt jest zgodny z podstawowymi kierunkami realizacji polityki o\u015bwiatowej pa\u0144stwa w roku szkolnym 2023\/2024 \u201eRozwijanie umiej\u0119tno\u015bci uczni\u00f3w i nauczycieli z wykorzystaniem sprz\u0119tu zakupionego w ramach programu \u201eLaboratoria przysz\u0142o\u015bci\u201d.<\/strong><\/em><\/p>\n<p style=\"text-align: justify;\"><span style=\"text-decoration: underline;\"><strong>Celami projektu jest:<\/strong><\/span><\/p>\n<ul style=\"text-align: justify;\">\n<li>Przybli\u017cenie dzieciom w wieku przedszkolnym oraz wczesnoszkolnym znanych postaci ze \u015bwiata nauki.<\/li>\n<li>Zdobywanie wiedzy na temat znanych naukowc\u00f3w oraz ich odkry\u0107.<\/li>\n<li>Rozbudzanie zainteresowania dzieci \u015bwiatem nauki.<\/li>\n<li>Poznawanie r\u00f3\u017cnorodnych eksperyment\u00f3w oraz danie mo\u017cliwo\u015bci nauki poprzez do\u015bwiadczanie za pomoc\u0105 wykonywanych samodzielnie eksperyment\u00f3w.<\/li>\n<li>Rozwijanie kreatywnego oraz tw\u00f3rczego my\u015blenia.<\/li>\n<li>Pobudzanie wyobra\u017ani i kszta\u0142towanie umiej\u0119tno\u015bci obserwacji i wyci\u0105gania wniosk\u00f3w.<\/li>\n<li>Budowanie pozytywnych relacji w grupie poprzez wsp\u00f3\u0142prac\u0119.<\/li>\n<li>Integracja zespo\u0142u klasowego.<\/li>\n<li>Nauka poprzez do\u015bwiadczanie i zabaw\u0119.<\/li>\n<li>Wykorzystanie TIK w edukacji.<\/li>\n<\/ul>\n<p style=\"text-align: justify;\">Dzi\u0119ki udzia\u0142owi w projekcie uczestnicy poznaj\u0105 sylwetki kilku naukowc\u00f3w, zdob\u0119d\u0105 nowe do\u015bwiadczenia, a tak\u017ce rozwin\u0105 zainteresowania dotycz\u0105ce nauki i eksperymentowania.<\/p>\n<p style=\"text-align: justify;\"><em><strong>\u00a0<\/strong><\/em><\/p>\n","protected":false},"excerpt":{"rendered":"<p>\u201eLu\u017ane lekcje z naukowcami &#8211; poznajemy i eksperymentujemy\u201d to Og\u00f3lnopolski Projekt Edukacyjny przeznaczony dla szk\u00f3\u0142 i przedszkoli. W naszej szkole b\u0119dziemy go realizowa\u0107 w klasie II. Projekt jest zgodny z podstawowymi kierunkami realizacji polityki o\u015bwiatowej pa\u0144stwa w roku szkolnym 2023\/2024 &hellip; <a href=\"http:\/\/spmlodzawy.pl\/index.php\/luzne-lekcje-z-naukowcami\/\">Czytaj dalej <span class=\"meta-nav\">&rarr;<\/span><\/a><\/p>\n","protected":false},"author":1,"featured_media":0,"parent":0,"menu_order":0,"comment_status":"closed","ping_status":"closed","template":"","meta":[],"_links":{"self":[{"href":"http:\/\/spmlodzawy.pl\/index.php\/wp-json\/wp\/v2\/pages\/45260"}],"collection":[{"href":"http:\/\/spmlodzawy.pl\/index.php\/wp-json\/wp\/v2\/pages"}],"about":[{"href":"http:\/\/spmlodzawy.pl\/index.php\/wp-json\/wp\/v2\/types\/page"}],"author":[{"embeddable":true,"href":"http:\/\/spmlodzawy.pl\/index.php\/wp-json\/wp\/v2\/users\/1"}],"replies":[{"embeddable":true,"href":"http:\/\/spmlodzawy.pl\/index.php\/wp-json\/wp\/v2\/comments?post=45260"}],"version-history":[{"count":4,"href":"http:\/\/spmlodzawy.pl\/index.php\/wp-json\/wp\/v2\/pages\/45260\/revisions"}],"predecessor-version":[{"id":46370,"href":"http:\/\/spmlodzawy.pl\/index.php\/wp-json\/wp\/v2\/pages\/45260\/revisions\/46370"}],"wp:attachment":[{"href":"http:\/\/spmlodzawy.pl\/index.php\/wp-json\/wp\/v2\/media?parent=45260"}],"curies":[{"name":"wp","href":"https:\/\/api.w.org\/{rel}","templated":true}]}}