{"id":45674,"date":"2023-10-07T12:55:23","date_gmt":"2023-10-07T10:55:23","guid":{"rendered":"http:\/\/spmlodzawy.pl\/?page_id=45674"},"modified":"2023-10-08T20:53:06","modified_gmt":"2023-10-08T18:53:06","slug":"moj-eko-swiat","status":"publish","type":"page","link":"http:\/\/spmlodzawy.pl\/index.php\/moj-eko-swiat\/","title":{"rendered":"M\u00f3j eko-\u015bwiat"},"content":{"rendered":"<p>Innowacja pedagogiczna ,,M\u00d3J EKO \u2013 \u015aWIAT\u201d sk\u0142ada si\u0119 z dzia\u0142a\u0144 upowszechniaj\u0105cych i poszerzaj\u0105cych wiedz\u0119 z zakresu ekologii i ochrony \u015brodowiska w\u015br\u00f3d uczni\u00f3w klas I \u2013 III.<\/p>\n<p style=\"text-align: justify;\">Celem innowacji jest:<\/p>\n<ul>\n<li style=\"text-align: justify;\">u\u015bwiadomienie wp\u0142ywu cz\u0142owieka na \u015brodowisko naturalne i konieczno\u015b\u0107 podejmowania racjonalnych dzia\u0142a\u0144 na rzecz ochrony \u015brodowiska,<\/li>\n<li style=\"text-align: justify;\">przewidywanie i ocena nast\u0119pstw dzia\u0142alno\u015bci cz\u0142owieka,<\/li>\n<li style=\"text-align: justify;\">zaznajomienie z podstawowymi zasadami ochrony \u015brodowiska,<\/li>\n<li style=\"text-align: justify;\">wyrobienie nawyku segregowania i wt\u00f3rnego wykorzystania niekt\u00f3rych odpad\u00f3w,<\/li>\n<li style=\"text-align: justify;\">u\u015bwiadomienie konieczno\u015bci oszcz\u0119dzania wody, pr\u0105du, papieru,<\/li>\n<li style=\"text-align: justify;\">rozbudzanie ch\u0119ci dbania o \u015brodowisko poprzez w\u0142\u0105czanie si\u0119 w akcje ekologiczne,<\/li>\n<li style=\"text-align: justify;\">kszta\u0142towanie wra\u017cliwo\u015bci na pi\u0119kno przyrody i odczuwania przyjemno\u015bci w obcowaniu z przyrod\u0105,<\/li>\n<li style=\"text-align: justify;\">pog\u0142\u0119bianie wiedzy na temat zagro\u017ce\u0144 na jakie nara\u017cone s\u0105 zwierz\u0119ta oraz sposob\u00f3w niesienia pomocy w przetrwaniu zimy,<\/li>\n<li style=\"text-align: justify;\">rozwijanie umiej\u0119tno\u015bci prowadzenia obserwacji przyrodniczych.<\/li>\n<\/ul>\n<p>&nbsp;<\/p>\n","protected":false},"excerpt":{"rendered":"<p>Innowacja pedagogiczna ,,M\u00d3J EKO \u2013 \u015aWIAT\u201d sk\u0142ada si\u0119 z dzia\u0142a\u0144 upowszechniaj\u0105cych i poszerzaj\u0105cych wiedz\u0119 z zakresu ekologii i ochrony \u015brodowiska w\u015br\u00f3d uczni\u00f3w klas I \u2013 III. Celem innowacji jest: u\u015bwiadomienie wp\u0142ywu cz\u0142owieka na \u015brodowisko naturalne i konieczno\u015b\u0107 podejmowania racjonalnych dzia\u0142a\u0144 &hellip; <a href=\"http:\/\/spmlodzawy.pl\/index.php\/moj-eko-swiat\/\">Czytaj dalej <span class=\"meta-nav\">&rarr;<\/span><\/a><\/p>\n","protected":false},"author":1,"featured_media":0,"parent":0,"menu_order":0,"comment_status":"closed","ping_status":"closed","template":"","meta":[],"_links":{"self":[{"href":"http:\/\/spmlodzawy.pl\/index.php\/wp-json\/wp\/v2\/pages\/45674"}],"collection":[{"href":"http:\/\/spmlodzawy.pl\/index.php\/wp-json\/wp\/v2\/pages"}],"about":[{"href":"http:\/\/spmlodzawy.pl\/index.php\/wp-json\/wp\/v2\/types\/page"}],"author":[{"embeddable":true,"href":"http:\/\/spmlodzawy.pl\/index.php\/wp-json\/wp\/v2\/users\/1"}],"replies":[{"embeddable":true,"href":"http:\/\/spmlodzawy.pl\/index.php\/wp-json\/wp\/v2\/comments?post=45674"}],"version-history":[{"count":2,"href":"http:\/\/spmlodzawy.pl\/index.php\/wp-json\/wp\/v2\/pages\/45674\/revisions"}],"predecessor-version":[{"id":45689,"href":"http:\/\/spmlodzawy.pl\/index.php\/wp-json\/wp\/v2\/pages\/45674\/revisions\/45689"}],"wp:attachment":[{"href":"http:\/\/spmlodzawy.pl\/index.php\/wp-json\/wp\/v2\/media?parent=45674"}],"curies":[{"name":"wp","href":"https:\/\/api.w.org\/{rel}","templated":true}]}}