{"id":45681,"date":"2023-10-07T13:03:37","date_gmt":"2023-10-07T11:03:37","guid":{"rendered":"http:\/\/spmlodzawy.pl\/?page_id=45681"},"modified":"2023-10-07T13:03:37","modified_gmt":"2023-10-07T11:03:37","slug":"magiczna-moc-bajek","status":"publish","type":"page","link":"http:\/\/spmlodzawy.pl\/index.php\/magiczna-moc-bajek\/","title":{"rendered":"Magiczna moc bajek"},"content":{"rendered":"<p style=\"text-align: justify;\"><img decoding=\"async\" loading=\"lazy\" class=\"wp-image-45682 alignleft\" src=\"http:\/\/spmlodzawy.pl\/wp-content\/uploads\/2023\/10\/logo-whote-1-300x300-1.png\" alt=\"\" width=\"105\" height=\"105\" srcset=\"http:\/\/spmlodzawy.pl\/wp-content\/uploads\/2023\/10\/logo-whote-1-300x300-1.png 300w, http:\/\/spmlodzawy.pl\/wp-content\/uploads\/2023\/10\/logo-whote-1-300x300-1-150x150.png 150w\" sizes=\"(max-width: 105px) 100vw, 105px\" \/>W tym roku szkolnym 2023\/2024 uczniowie klasy I przyst\u0105pili do Mi\u0119dzynarodowego Projektu Czytelniczego ,,Magiczna moc bajek\u201d. G\u0142\u00f3wnym celem Projektu jest promowanie w\u015br\u00f3d dzieci czytania bajek i ba\u015bni jako sposobu na ich rozw\u00f3j, kszta\u0142cenie, zdobywanie wiedzy i wychowanie szcz\u0119\u015bliwego cz\u0142owieka oraz kszta\u0142towanie postaw spo\u0142ecznych u dzieci wobec os\u00f3b z niepe\u0142nosprawno\u015bci\u0105. Ponadto:<\/p>\n<ul>\n<li style=\"text-align: justify;\">Upowszechnianie czytelnictwa, rozwijanie kompetencji czytelniczych w\u015br\u00f3d dzieci.<\/li>\n<li style=\"text-align: justify;\">Przekazywanie za po\u015brednictwem literatury warto\u015bci moralnych.<\/li>\n<li style=\"text-align: justify;\">Uwra\u017cliwienie na pi\u0119kno j\u0119zyka polskiego i zach\u0119canie do pos\u0142ugiwania si\u0119 poprawn\u0105 polszczyzn\u0105.<\/li>\n<li style=\"text-align: justify;\">Wyzwalanie pozytywnych emocji (rado\u015bci, zadowolenia, poczucia bezpiecze\u0144stwa).<\/li>\n<li style=\"text-align: justify;\">Rozwijanie wyobra\u017ani, koncentracji i uwagi, zdolno\u015bci tw\u00f3rczego my\u015blenia.<\/li>\n<li style=\"text-align: justify;\">Wspomaganie wszechstronnego rozwoju dziecka.<\/li>\n<li style=\"text-align: justify;\">Kszta\u0142towanie postawy empatii wobec os\u00f3b niepe\u0142nosprawnych.<\/li>\n<li style=\"text-align: justify;\">Przedstawienie dzieci z niepe\u0142nosprawno\u015bci\u0105 jako warto\u015bciowych ludzi, kt\u00f3rzy chc\u0105 si\u0119 bawi\u0107, \u015bmia\u0107, uczestniczy\u0107 w \u017cyciu grupy.<\/li>\n<li style=\"text-align: justify;\">U\u015bwiadomienie dzieciom swoich praw i obowi\u0105zk\u00f3w.<\/li>\n<li style=\"text-align: justify;\">Popularyzowanie w\u015br\u00f3d dzieci animacji jako sztuki oraz tzw. dobrych dobranocek z mora\u0142em.<\/li>\n<li style=\"text-align: justify;\">Promowanie kultury wysokiej, wra\u017cliwo\u015bci na pi\u0119kno.<\/li>\n<li style=\"text-align: justify;\">Rozwijanie wiedzy o kulturze w\u0142asnego regionu i jej zwi\u0105zkach z kultur\u0105 narodow\u0105.<\/li>\n<\/ul>\n","protected":false},"excerpt":{"rendered":"<p>W tym roku szkolnym 2023\/2024 uczniowie klasy I przyst\u0105pili do Mi\u0119dzynarodowego Projektu Czytelniczego ,,Magiczna moc bajek\u201d. G\u0142\u00f3wnym celem Projektu jest promowanie w\u015br\u00f3d dzieci czytania bajek i ba\u015bni jako sposobu na ich rozw\u00f3j, kszta\u0142cenie, zdobywanie wiedzy i wychowanie szcz\u0119\u015bliwego cz\u0142owieka oraz &hellip; <a href=\"http:\/\/spmlodzawy.pl\/index.php\/magiczna-moc-bajek\/\">Czytaj dalej <span class=\"meta-nav\">&rarr;<\/span><\/a><\/p>\n","protected":false},"author":1,"featured_media":0,"parent":0,"menu_order":0,"comment_status":"closed","ping_status":"closed","template":"","meta":[],"_links":{"self":[{"href":"http:\/\/spmlodzawy.pl\/index.php\/wp-json\/wp\/v2\/pages\/45681"}],"collection":[{"href":"http:\/\/spmlodzawy.pl\/index.php\/wp-json\/wp\/v2\/pages"}],"about":[{"href":"http:\/\/spmlodzawy.pl\/index.php\/wp-json\/wp\/v2\/types\/page"}],"author":[{"embeddable":true,"href":"http:\/\/spmlodzawy.pl\/index.php\/wp-json\/wp\/v2\/users\/1"}],"replies":[{"embeddable":true,"href":"http:\/\/spmlodzawy.pl\/index.php\/wp-json\/wp\/v2\/comments?post=45681"}],"version-history":[{"count":1,"href":"http:\/\/spmlodzawy.pl\/index.php\/wp-json\/wp\/v2\/pages\/45681\/revisions"}],"predecessor-version":[{"id":45683,"href":"http:\/\/spmlodzawy.pl\/index.php\/wp-json\/wp\/v2\/pages\/45681\/revisions\/45683"}],"wp:attachment":[{"href":"http:\/\/spmlodzawy.pl\/index.php\/wp-json\/wp\/v2\/media?parent=45681"}],"curies":[{"name":"wp","href":"https:\/\/api.w.org\/{rel}","templated":true}]}}