{"id":45685,"date":"2023-10-07T13:18:55","date_gmt":"2023-10-07T11:18:55","guid":{"rendered":"http:\/\/spmlodzawy.pl\/?page_id=45685"},"modified":"2023-10-07T13:19:20","modified_gmt":"2023-10-07T11:19:20","slug":"ratujemy-i-uczymy-ratowac-2","status":"publish","type":"page","link":"http:\/\/spmlodzawy.pl\/index.php\/ratujemy-i-uczymy-ratowac-2\/","title":{"rendered":"Ratujemy i Uczymy Ratowa\u0107"},"content":{"rendered":"<p style=\"text-align: left;\"><em><strong><img decoding=\"async\" loading=\"lazy\" class=\"wp-image-44841 alignleft\" src=\"http:\/\/spmlodzawy.pl\/wp-content\/uploads\/2023\/07\/logo-rur-pl-1.png\" alt=\"\" width=\"180\" height=\"108\" \/><span style=\"color: #c70e0e;\">\u201eGdyby co dziesi\u0105ty mieszkaniec Ziemi<\/span><\/strong><\/em><br \/>\n<span style=\"color: #c70e0e;\"><em><strong>potrafi\u0142 udziela\u0107 pierwszej pomocy,<\/strong><\/em><\/span><br \/>\n<span style=\"color: #c70e0e;\"><em><strong>ocali\u0142oby to MILION ludzi rocznie&#8230;&#8221;<\/strong><\/em><\/span><\/p>\n<p style=\"text-align: justify;\">Program Edukacyjny <em><strong>&#8222;Ratujemy i Uczymy Ratowa\u0107&#8221; skierowany jest do uczni\u00f3w klas I-III.<\/strong><\/em> Powsta\u0142 on dzi\u0119ki Fundacji Wielkiej Orkiestry \u015awi\u0105tecznej Pomocy Jurka Owsiaka i jest realizowany od 2006 roku przez wiele szk\u00f3\u0142.<\/p>\n<p style=\"text-align: justify;\">G\u0142\u00f3wnym celem Programu jest poznanie przez uczni\u00f3w zasad pierwszej pomocy oraz doskonalenie umiej\u0119tno\u015bci podejmowania przez nich, jako \u015bwiadk\u00f3w zdarzenia dzia\u0142a\u0144 ratuj\u0105cych \u017cycie.<\/p>\n<p style=\"text-align: justify;\">Program swym zakresem obejmuje tematy: bezpiecze\u0144stwo, sprawdzanie przytomno\u015bci, wzywanie pomocy, sprawdzenie oddechu, u\u0142o\u017cenie nieprzytomnego w pozycji bocznej, oddechy ratownicze i uciskanie klatki piersiowej, \u0142a\u0144cuch prze\u017cycia.<\/p>\n<p style=\"text-align: justify;\"><em><strong>Dzi\u0119ki programowi dzieci oswajaj\u0105 si\u0119 z tak wa\u017cnymi zagadnieniami i kszta\u0142tuj\u0105 w\u0142a\u015bciwe nawyki \u2013 pierwsza pomoc staje si\u0119 dla nich czym\u015b naturalnym.\u00a0<\/strong><\/em><\/p>\n","protected":false},"excerpt":{"rendered":"<p>\u201eGdyby co dziesi\u0105ty mieszkaniec Ziemi potrafi\u0142 udziela\u0107 pierwszej pomocy, ocali\u0142oby to MILION ludzi rocznie&#8230;&#8221; Program Edukacyjny &#8222;Ratujemy i Uczymy Ratowa\u0107&#8221; skierowany jest do uczni\u00f3w klas I-III. Powsta\u0142 on dzi\u0119ki Fundacji Wielkiej Orkiestry \u015awi\u0105tecznej Pomocy Jurka Owsiaka i jest realizowany od &hellip; <a href=\"http:\/\/spmlodzawy.pl\/index.php\/ratujemy-i-uczymy-ratowac-2\/\">Czytaj dalej <span class=\"meta-nav\">&rarr;<\/span><\/a><\/p>\n","protected":false},"author":1,"featured_media":0,"parent":0,"menu_order":0,"comment_status":"closed","ping_status":"closed","template":"","meta":[],"_links":{"self":[{"href":"http:\/\/spmlodzawy.pl\/index.php\/wp-json\/wp\/v2\/pages\/45685"}],"collection":[{"href":"http:\/\/spmlodzawy.pl\/index.php\/wp-json\/wp\/v2\/pages"}],"about":[{"href":"http:\/\/spmlodzawy.pl\/index.php\/wp-json\/wp\/v2\/types\/page"}],"author":[{"embeddable":true,"href":"http:\/\/spmlodzawy.pl\/index.php\/wp-json\/wp\/v2\/users\/1"}],"replies":[{"embeddable":true,"href":"http:\/\/spmlodzawy.pl\/index.php\/wp-json\/wp\/v2\/comments?post=45685"}],"version-history":[{"count":2,"href":"http:\/\/spmlodzawy.pl\/index.php\/wp-json\/wp\/v2\/pages\/45685\/revisions"}],"predecessor-version":[{"id":45687,"href":"http:\/\/spmlodzawy.pl\/index.php\/wp-json\/wp\/v2\/pages\/45685\/revisions\/45687"}],"wp:attachment":[{"href":"http:\/\/spmlodzawy.pl\/index.php\/wp-json\/wp\/v2\/media?parent=45685"}],"curies":[{"name":"wp","href":"https:\/\/api.w.org\/{rel}","templated":true}]}}