{"id":45696,"date":"2023-10-11T14:39:25","date_gmt":"2023-10-11T12:39:25","guid":{"rendered":"http:\/\/spmlodzawy.pl\/?page_id=45696"},"modified":"2023-10-11T14:39:25","modified_gmt":"2023-10-11T12:39:25","slug":"zmysly-w-kulturze","status":"publish","type":"page","link":"http:\/\/spmlodzawy.pl\/index.php\/zmysly-w-kulturze\/","title":{"rendered":"&#8222;Zmys\u0142y w kulturze&#8221;"},"content":{"rendered":"<p style=\"text-align: justify;\"><strong><em><u><img decoding=\"async\" loading=\"lazy\" class=\"image wp-image-19163 attachment-full alignleft\" src=\"http:\/\/spmlodzawy.pl\/wp-content\/uploads\/2019\/10\/p_293_52354_1.jpg\" alt=\"\" width=\"220\" height=\"118\" \/>\u201eZMYS\u0141Y W KULTURZE&#8221; <\/u><\/em><\/strong>to projekt realizowany w naszej szkole i przedszkolu od pa\u017adziernika 2023 roku. <strong><em>Jest wsp\u00f3\u0142finansowany ze \u015brodk\u00f3w <u>Fundacji PZU<\/u> na podstawie umowy dotacji\u00a0 zawartej ze STOWARZYSZENIEM ROZWOJU M\u0141ODZAW \u2013 NASZA PRZYSZ\u0141O\u015a\u0106.<\/em><\/strong><\/p>\n<p style=\"text-align: justify;\">G\u0142\u00f3wnym celem projektu jest zainteresowanie dzieci i m\u0142odzie\u017cy szeroko rozumian\u0105 kultur\u0105.<\/p>\n<p style=\"text-align: center;\"><a href=\"http:\/\/spmlodzawy.pl\/wp-content\/uploads\/2023\/10\/PLAKAT_ZMYSLY-W-KULTURZE.pdf\"><em><strong>HARMONOGRAM PROJEKTU<\/strong><\/em><\/a><\/p>\n<p>&nbsp;<\/p>\n","protected":false},"excerpt":{"rendered":"<p>\u201eZMYS\u0141Y W KULTURZE&#8221; to projekt realizowany w naszej szkole i przedszkolu od pa\u017adziernika 2023 roku. Jest wsp\u00f3\u0142finansowany ze \u015brodk\u00f3w Fundacji PZU na podstawie umowy dotacji\u00a0 zawartej ze STOWARZYSZENIEM ROZWOJU M\u0141ODZAW \u2013 NASZA PRZYSZ\u0141O\u015a\u0106. G\u0142\u00f3wnym celem projektu jest zainteresowanie dzieci i &hellip; <a href=\"http:\/\/spmlodzawy.pl\/index.php\/zmysly-w-kulturze\/\">Czytaj dalej <span class=\"meta-nav\">&rarr;<\/span><\/a><\/p>\n","protected":false},"author":1,"featured_media":0,"parent":0,"menu_order":0,"comment_status":"closed","ping_status":"closed","template":"","meta":[],"_links":{"self":[{"href":"http:\/\/spmlodzawy.pl\/index.php\/wp-json\/wp\/v2\/pages\/45696"}],"collection":[{"href":"http:\/\/spmlodzawy.pl\/index.php\/wp-json\/wp\/v2\/pages"}],"about":[{"href":"http:\/\/spmlodzawy.pl\/index.php\/wp-json\/wp\/v2\/types\/page"}],"author":[{"embeddable":true,"href":"http:\/\/spmlodzawy.pl\/index.php\/wp-json\/wp\/v2\/users\/1"}],"replies":[{"embeddable":true,"href":"http:\/\/spmlodzawy.pl\/index.php\/wp-json\/wp\/v2\/comments?post=45696"}],"version-history":[{"count":1,"href":"http:\/\/spmlodzawy.pl\/index.php\/wp-json\/wp\/v2\/pages\/45696\/revisions"}],"predecessor-version":[{"id":45697,"href":"http:\/\/spmlodzawy.pl\/index.php\/wp-json\/wp\/v2\/pages\/45696\/revisions\/45697"}],"wp:attachment":[{"href":"http:\/\/spmlodzawy.pl\/index.php\/wp-json\/wp\/v2\/media?parent=45696"}],"curies":[{"name":"wp","href":"https:\/\/api.w.org\/{rel}","templated":true}]}}