{"id":48427,"date":"2024-03-14T13:16:28","date_gmt":"2024-03-14T12:16:28","guid":{"rendered":"http:\/\/spmlodzawy.pl\/?page_id=48427"},"modified":"2024-03-14T13:24:18","modified_gmt":"2024-03-14T12:24:18","slug":"pieniazki-zlote-i-srebrne-krazki","status":"publish","type":"page","link":"http:\/\/spmlodzawy.pl\/index.php\/pieniazki-zlote-i-srebrne-krazki\/","title":{"rendered":"PIENI\u0104\u017bKI \u2013 Z\u0141OTE I SREBRNE KR\u0104\u017bKI"},"content":{"rendered":"<p style=\"text-align: justify;\"><strong><i><img decoding=\"async\" loading=\"lazy\" class=\"alignnone size-medium wp-image-48436 alignleft\" src=\"http:\/\/spmlodzawy.pl\/wp-content\/uploads\/2024\/03\/mbank-logo-mfundacja-1-300x86.jpg\" alt=\"\" width=\"300\" height=\"86\" srcset=\"http:\/\/spmlodzawy.pl\/wp-content\/uploads\/2024\/03\/mbank-logo-mfundacja-1-300x86.jpg 300w, http:\/\/spmlodzawy.pl\/wp-content\/uploads\/2024\/03\/mbank-logo-mfundacja-1-1024x292.jpg 1024w, http:\/\/spmlodzawy.pl\/wp-content\/uploads\/2024\/03\/mbank-logo-mfundacja-1-768x219.jpg 768w, http:\/\/spmlodzawy.pl\/wp-content\/uploads\/2024\/03\/mbank-logo-mfundacja-1-1536x439.jpg 1536w, http:\/\/spmlodzawy.pl\/wp-content\/uploads\/2024\/03\/mbank-logo-mfundacja-1-2048x585.jpg 2048w\" sizes=\"(max-width: 300px) 100vw, 300px\" \/><\/i><\/strong>Od 1 marca do 16 czerwca w naszym przedszkolu b\u0119dziemy\u00a0 realizowali projekt<i><\/i><strong><i><em> \u201ePIENI\u0104\u017bKI \u2013 Z\u0141OTE I SREBRNE KR\u0104\u017bKI\u201d. <\/em><\/i><\/strong><\/p>\n<p style=\"text-align: justify;\"><strong><i>Inicjatywa jest realizowana i finansowana <\/i>w ramach programu grantowego \u201eRosn\u0119 z matematyk\u0105\u201d<\/strong><em><b>\u00a0 Fundacji mBanku.<\/b><\/em><\/p>\n<p style=\"text-align: justify;\">W ramach projektu rozwiniemy u naszych przedszkolak\u00f3w kompetencje matematyczne w zakresie pos\u0142ugiwania si\u0119 pieni\u0119dzmi. Do dzia\u0142a\u0144 zaanga\u017cujemy rodzic\u00f3w i dziadk\u00f3w.<\/p>\n<p style=\"text-align: justify;\">W RAMACH REALIZACJI PROJEKTU ZAPLANOWANO:<\/p>\n<p style=\"text-align: justify;\"><strong>I. Warsztaty i zaj\u0119cia edukacyjne:<\/strong><\/p>\n<ol style=\"text-align: justify;\">\n<li>\u201ePoznajemy pieni\u0105dze\u201d. S\u0105 to zaj\u0119cia dotycz\u0105ce poznawania i utrwalania wizerunk\u00f3w i warto\u015bci monet. Zaj\u0119cia tylko dla dzieci. Zabawy ruchowe, film edukacyjny.<\/li>\n<li>Zabawy edukacyjne z pieni\u0119dzmi. Wycinanie monet i banknot\u00f3w, uk\u0142adanie puzzli, odbijanie monet, uk\u0142adanie rytm\u00f3w z monet i banknot\u00f3w, gra terenowa. Zaj\u0119cia tylko z dzie\u0107mi.<\/li>\n<li>Projektowanie w\u0142asnych monet i banknot\u00f3w. Zabawy plastyczno \u2013 techniczne z rodzicami (w grupach).<\/li>\n<li>Wycieczka do supermarketu \u2013 poznanie asortymentu i regu\u0142 kupna \u2013 sprzeda\u017cy.<\/li>\n<li>Zabawa w \u201esklep\u201d z udzia\u0142em dziadk\u00f3w z wykorzystaniem zakupionych akcesori\u00f3w.<\/li>\n<li>Matematyczne gry edukacyjne z udzia\u0142em rodzic\u00f3w. Metoda zabawowa i percepcyjna.<\/li>\n<\/ol>\n<p style=\"text-align: justify;\"><strong>II. Wyjazd edukacyjny do Pi\u0144czowa<\/strong> \u2013 bank, poczta. Obserwacja obs\u0142ugi bankomatu.<\/p>\n<p style=\"text-align: justify;\"><strong>III. Podsumowanie<\/strong> \u2013 wyst\u0119p dzieci, prezentacja filmu z dzia\u0142a\u0144 projektowych, pocz\u0119stunek dla zaproszonych go\u015bci.<\/p>\n<p style=\"text-align: center;\"><a href=\"http:\/\/spmlodzawy.pl\/wp-content\/uploads\/2024\/03\/HARMONOGRAM-PROJEKTU.pdf\"><strong><em>HARMONOGRAM PROJEKTU<\/em><\/strong><\/a><\/p>\n","protected":false},"excerpt":{"rendered":"<p>Od 1 marca do 16 czerwca w naszym przedszkolu b\u0119dziemy\u00a0 realizowali projekt \u201ePIENI\u0104\u017bKI \u2013 Z\u0141OTE I SREBRNE KR\u0104\u017bKI\u201d. Inicjatywa jest realizowana i finansowana w ramach programu grantowego \u201eRosn\u0119 z matematyk\u0105\u201d\u00a0 Fundacji mBanku. W ramach projektu rozwiniemy u naszych przedszkolak\u00f3w kompetencje &hellip; <a href=\"http:\/\/spmlodzawy.pl\/index.php\/pieniazki-zlote-i-srebrne-krazki\/\">Czytaj dalej <span class=\"meta-nav\">&rarr;<\/span><\/a><\/p>\n","protected":false},"author":1,"featured_media":0,"parent":0,"menu_order":0,"comment_status":"closed","ping_status":"closed","template":"","meta":[],"_links":{"self":[{"href":"http:\/\/spmlodzawy.pl\/index.php\/wp-json\/wp\/v2\/pages\/48427"}],"collection":[{"href":"http:\/\/spmlodzawy.pl\/index.php\/wp-json\/wp\/v2\/pages"}],"about":[{"href":"http:\/\/spmlodzawy.pl\/index.php\/wp-json\/wp\/v2\/types\/page"}],"author":[{"embeddable":true,"href":"http:\/\/spmlodzawy.pl\/index.php\/wp-json\/wp\/v2\/users\/1"}],"replies":[{"embeddable":true,"href":"http:\/\/spmlodzawy.pl\/index.php\/wp-json\/wp\/v2\/comments?post=48427"}],"version-history":[{"count":4,"href":"http:\/\/spmlodzawy.pl\/index.php\/wp-json\/wp\/v2\/pages\/48427\/revisions"}],"predecessor-version":[{"id":48438,"href":"http:\/\/spmlodzawy.pl\/index.php\/wp-json\/wp\/v2\/pages\/48427\/revisions\/48438"}],"wp:attachment":[{"href":"http:\/\/spmlodzawy.pl\/index.php\/wp-json\/wp\/v2\/media?parent=48427"}],"curies":[{"name":"wp","href":"https:\/\/api.w.org\/{rel}","templated":true}]}}