{"id":51822,"date":"2024-11-04T15:35:09","date_gmt":"2024-11-04T14:35:09","guid":{"rendered":"http:\/\/spmlodzawy.pl\/?page_id=51822"},"modified":"2025-10-09T17:14:00","modified_gmt":"2025-10-09T15:14:00","slug":"kodowanie-na-dywanie","status":"publish","type":"page","link":"http:\/\/spmlodzawy.pl\/index.php\/kodowanie-na-dywanie\/","title":{"rendered":"&#8222;KODOWANIE NA DYWANIE&#8221;"},"content":{"rendered":"<p style=\"text-align: justify;\"><em><strong><img decoding=\"async\" loading=\"lazy\" class=\" wp-image-51829 alignleft\" src=\"http:\/\/spmlodzawy.pl\/wp-content\/uploads\/2024\/11\/logo.png\" alt=\"\" width=\"162\" height=\"89\" \/>Og\u00f3lnopolski Program ,,Kodowanie na dywanie\u201d<\/strong><\/em> to inicjatywa skierowana do szeroko rozumianej edukacji. Chcemy pokaza\u0107, \u017ce programowania mo\u017cna uczy\u0107 odpowiedzialnie, wplataj\u0105c je do codziennych aktywno\u015bci dydaktycznych, niezale\u017cnie od realizowanych aktualnie tre\u015bci. Poprzez nauk\u0119 kodowania mo\u017cna rozwija\u0107 wiele kluczowych umiej\u0119tno\u015bci w tw\u00f3rczy i atrakcyjny dla dziecka spos\u00f3b. Przygoda z kodowaniem nie musi by\u0107 ani trudna, ani nieciekawa, nie wymaga te\u017c dost\u0119pu do specjalistycznego sprz\u0119tu.<\/p>\n<p style=\"text-align: justify;\"><strong>Adresatami programu s\u0105 <\/strong>nauczyciele i ich podopieczni w przedszkolach, szko\u0142ach i innych plac\u00f3wkach o charakterze edukacyjnym oraz rodzice. W naszej szkole po raz kolejny do programu przyst\u0105pi\u0105 uczniowie klas I-III.<\/p>\n<p style=\"text-align: justify;\"><strong>Celem g\u0142\u00f3wnym projektu <\/strong>jest \u015bwiadome, merytoryczne i metodyczne wprowadzanie element\u00f3w programowania i robotyki do zaj\u0119\u0107 dydaktycznych na r\u00f3\u017cnych etapach edukacji.<\/p>\n","protected":false},"excerpt":{"rendered":"<p>Og\u00f3lnopolski Program ,,Kodowanie na dywanie\u201d to inicjatywa skierowana do szeroko rozumianej edukacji. Chcemy pokaza\u0107, \u017ce programowania mo\u017cna uczy\u0107 odpowiedzialnie, wplataj\u0105c je do codziennych aktywno\u015bci dydaktycznych, niezale\u017cnie od realizowanych aktualnie tre\u015bci. Poprzez nauk\u0119 kodowania mo\u017cna rozwija\u0107 wiele kluczowych umiej\u0119tno\u015bci w tw\u00f3rczy &hellip; <a href=\"http:\/\/spmlodzawy.pl\/index.php\/kodowanie-na-dywanie\/\">Czytaj dalej <span class=\"meta-nav\">&rarr;<\/span><\/a><\/p>\n","protected":false},"author":1,"featured_media":0,"parent":0,"menu_order":0,"comment_status":"closed","ping_status":"closed","template":"","meta":[],"_links":{"self":[{"href":"http:\/\/spmlodzawy.pl\/index.php\/wp-json\/wp\/v2\/pages\/51822"}],"collection":[{"href":"http:\/\/spmlodzawy.pl\/index.php\/wp-json\/wp\/v2\/pages"}],"about":[{"href":"http:\/\/spmlodzawy.pl\/index.php\/wp-json\/wp\/v2\/types\/page"}],"author":[{"embeddable":true,"href":"http:\/\/spmlodzawy.pl\/index.php\/wp-json\/wp\/v2\/users\/1"}],"replies":[{"embeddable":true,"href":"http:\/\/spmlodzawy.pl\/index.php\/wp-json\/wp\/v2\/comments?post=51822"}],"version-history":[{"count":6,"href":"http:\/\/spmlodzawy.pl\/index.php\/wp-json\/wp\/v2\/pages\/51822\/revisions"}],"predecessor-version":[{"id":51831,"href":"http:\/\/spmlodzawy.pl\/index.php\/wp-json\/wp\/v2\/pages\/51822\/revisions\/51831"}],"wp:attachment":[{"href":"http:\/\/spmlodzawy.pl\/index.php\/wp-json\/wp\/v2\/media?parent=51822"}],"curies":[{"name":"wp","href":"https:\/\/api.w.org\/{rel}","templated":true}]}}