{"id":52981,"date":"2025-02-08T10:10:47","date_gmt":"2025-02-08T09:10:47","guid":{"rendered":"http:\/\/spmlodzawy.pl\/?page_id=52981"},"modified":"2025-02-08T10:13:21","modified_gmt":"2025-02-08T09:13:21","slug":"angielski-jest-fun-tastyczny","status":"publish","type":"page","link":"http:\/\/spmlodzawy.pl\/index.php\/angielski-jest-fun-tastyczny\/","title":{"rendered":"ANGIELSKI JEST FUN-TASTYCZNY"},"content":{"rendered":"<p style=\"text-align: justify;\"><img decoding=\"async\" loading=\"lazy\" class=\" wp-image-52984 alignleft\" src=\"http:\/\/spmlodzawy.pl\/wp-content\/uploads\/2025\/02\/icon-300x152.png\" alt=\"\" width=\"183\" height=\"93\" srcset=\"http:\/\/spmlodzawy.pl\/wp-content\/uploads\/2025\/02\/icon-300x152.png 300w, http:\/\/spmlodzawy.pl\/wp-content\/uploads\/2025\/02\/icon-768x389.png 768w, http:\/\/spmlodzawy.pl\/wp-content\/uploads\/2025\/02\/icon.png 887w\" sizes=\"(max-width: 183px) 100vw, 183px\" \/>W roku 2024\/2025 <em><strong>najstarsza grupa przedszkolak\u00f3w<\/strong><\/em> &#8211; \u201eElfy\u201d bierze udzia\u0142 w III edycji Og\u00f3lnopolskiego projektu edukacyjnego <strong><em>&#8222;Angielski jest fun-tastyczny!&#8221;<\/em><\/strong>. Jego g\u0142\u00f3wnym celem jest pokazanie uczniom jak wa\u017cna w naszych czasach jest znajomo\u015b\u0107 j\u0119zyka angielskiego, rozbudzenie zainteresowania krajami angloj\u0119zycznymi oraz zapoznanie dzieci i nauczycieli z ide\u0105 dwuj\u0119zycznego nauczania.<\/p>\n<p style=\"text-align: justify;\">Ponadto projekt ma tak\u017ce na celu zwi\u0119kszenie motywacji do nauki j\u0119zyka angielskiego, uatrakcyjnienie sposobu nauczania i uczenia si\u0119 j\u0119zyka,zapoznanie z wybranymi ksi\u0105\u017ckami w j\u0119zyku angielskim.<\/p>\n<p style=\"text-align: justify;\">Dzi\u0119ki realizacji zaproponowanych zada\u0144 mo\u017cliwe jest stworzenie otoczenia przyjaznego nauce j\u0119zyka, rozwijanie kompetencji cyfrowych dzieci i nauczycieli oraz rozwijanie ciekawo\u015bci i tolerancji wobec innych nacji, kultur i zwyczaj\u00f3w.<\/p>\n","protected":false},"excerpt":{"rendered":"<p>W roku 2024\/2025 najstarsza grupa przedszkolak\u00f3w &#8211; \u201eElfy\u201d bierze udzia\u0142 w III edycji Og\u00f3lnopolskiego projektu edukacyjnego &#8222;Angielski jest fun-tastyczny!&#8221;. Jego g\u0142\u00f3wnym celem jest pokazanie uczniom jak wa\u017cna w naszych czasach jest znajomo\u015b\u0107 j\u0119zyka angielskiego, rozbudzenie zainteresowania krajami angloj\u0119zycznymi oraz zapoznanie &hellip; <a href=\"http:\/\/spmlodzawy.pl\/index.php\/angielski-jest-fun-tastyczny\/\">Czytaj dalej <span class=\"meta-nav\">&rarr;<\/span><\/a><\/p>\n","protected":false},"author":1,"featured_media":0,"parent":0,"menu_order":0,"comment_status":"closed","ping_status":"closed","template":"","meta":[],"_links":{"self":[{"href":"http:\/\/spmlodzawy.pl\/index.php\/wp-json\/wp\/v2\/pages\/52981"}],"collection":[{"href":"http:\/\/spmlodzawy.pl\/index.php\/wp-json\/wp\/v2\/pages"}],"about":[{"href":"http:\/\/spmlodzawy.pl\/index.php\/wp-json\/wp\/v2\/types\/page"}],"author":[{"embeddable":true,"href":"http:\/\/spmlodzawy.pl\/index.php\/wp-json\/wp\/v2\/users\/1"}],"replies":[{"embeddable":true,"href":"http:\/\/spmlodzawy.pl\/index.php\/wp-json\/wp\/v2\/comments?post=52981"}],"version-history":[{"count":3,"href":"http:\/\/spmlodzawy.pl\/index.php\/wp-json\/wp\/v2\/pages\/52981\/revisions"}],"predecessor-version":[{"id":52986,"href":"http:\/\/spmlodzawy.pl\/index.php\/wp-json\/wp\/v2\/pages\/52981\/revisions\/52986"}],"wp:attachment":[{"href":"http:\/\/spmlodzawy.pl\/index.php\/wp-json\/wp\/v2\/media?parent=52981"}],"curies":[{"name":"wp","href":"https:\/\/api.w.org\/{rel}","templated":true}]}}