{"id":52987,"date":"2025-02-08T10:14:14","date_gmt":"2025-02-08T09:14:14","guid":{"rendered":"http:\/\/spmlodzawy.pl\/?page_id=52987"},"modified":"2025-02-08T10:18:38","modified_gmt":"2025-02-08T09:18:38","slug":"uwaga-elfik-patrzy","status":"publish","type":"page","link":"http:\/\/spmlodzawy.pl\/index.php\/uwaga-elfik-patrzy\/","title":{"rendered":"UWAGA, ELFIK PATRZY!"},"content":{"rendered":"<p style=\"text-align: justify;\"><img decoding=\"async\" loading=\"lazy\" class=\"wp-image-52991 alignleft\" src=\"http:\/\/spmlodzawy.pl\/wp-content\/uploads\/2025\/02\/Bez-tytulu-300x212.jpg\" alt=\"\" width=\"143\" height=\"101\" srcset=\"http:\/\/spmlodzawy.pl\/wp-content\/uploads\/2025\/02\/Bez-tytulu-300x212.jpg 300w, http:\/\/spmlodzawy.pl\/wp-content\/uploads\/2025\/02\/Bez-tytulu.jpg 750w\" sizes=\"(max-width: 143px) 100vw, 143px\" \/>Najm\u0142odsze przedszkolaki \u2013 \u201eSmerfy\u201d w roku 2024\/2025 podj\u0119\u0142y realizacj\u0119 II edycji projektu edukacyjnego <strong><em>\u201eUwaga, Elfik patrzy!\u201d<\/em><\/strong>, kt\u00f3ry jest wzorowany na tradycji z kraj\u00f3w angloj\u0119zycznych i zwyczajach \u015bwi\u0105tecznych w USA. Dzieci do\u015bwiadczaj\u0105 atmosfery zwi\u0105zanej z przygotowaniami do \u015awiat Bo\u017cego Narodzenia poprzez \u201epsoty\u201d g\u0142\u00f3wnego bohatera \u2013 psotnego Elfika. G\u0142\u00f3wnym celem projektu jest rozwijanie kreatywno\u015bci, zaanga\u017cowania w nauk\u0119 oraz integracja dzieci poprzez zabaw\u0119. Podj\u0119te dzia\u0142ania pozytywnie wp\u0142ywaj\u0105 tak\u017ce na kszta\u0142towanie postaw prospo\u0142ecznych w\u015br\u00f3d najm\u0142odszych oraz wzmacniaj\u0105 wi\u0119zi kole\u017ce\u0144skie i umiej\u0119tno\u015b\u0107 wsp\u00f3\u0142pracy w grupie.<\/p>\n","protected":false},"excerpt":{"rendered":"<p>Najm\u0142odsze przedszkolaki \u2013 \u201eSmerfy\u201d w roku 2024\/2025 podj\u0119\u0142y realizacj\u0119 II edycji projektu edukacyjnego \u201eUwaga, Elfik patrzy!\u201d, kt\u00f3ry jest wzorowany na tradycji z kraj\u00f3w angloj\u0119zycznych i zwyczajach \u015bwi\u0105tecznych w USA. Dzieci do\u015bwiadczaj\u0105 atmosfery zwi\u0105zanej z przygotowaniami do \u015awiat Bo\u017cego Narodzenia poprzez &hellip; <a href=\"http:\/\/spmlodzawy.pl\/index.php\/uwaga-elfik-patrzy\/\">Czytaj dalej <span class=\"meta-nav\">&rarr;<\/span><\/a><\/p>\n","protected":false},"author":1,"featured_media":0,"parent":0,"menu_order":0,"comment_status":"closed","ping_status":"closed","template":"","meta":[],"_links":{"self":[{"href":"http:\/\/spmlodzawy.pl\/index.php\/wp-json\/wp\/v2\/pages\/52987"}],"collection":[{"href":"http:\/\/spmlodzawy.pl\/index.php\/wp-json\/wp\/v2\/pages"}],"about":[{"href":"http:\/\/spmlodzawy.pl\/index.php\/wp-json\/wp\/v2\/types\/page"}],"author":[{"embeddable":true,"href":"http:\/\/spmlodzawy.pl\/index.php\/wp-json\/wp\/v2\/users\/1"}],"replies":[{"embeddable":true,"href":"http:\/\/spmlodzawy.pl\/index.php\/wp-json\/wp\/v2\/comments?post=52987"}],"version-history":[{"count":4,"href":"http:\/\/spmlodzawy.pl\/index.php\/wp-json\/wp\/v2\/pages\/52987\/revisions"}],"predecessor-version":[{"id":52995,"href":"http:\/\/spmlodzawy.pl\/index.php\/wp-json\/wp\/v2\/pages\/52987\/revisions\/52995"}],"wp:attachment":[{"href":"http:\/\/spmlodzawy.pl\/index.php\/wp-json\/wp\/v2\/media?parent=52987"}],"curies":[{"name":"wp","href":"https:\/\/api.w.org\/{rel}","templated":true}]}}