{"id":55579,"date":"2025-09-25T14:09:41","date_gmt":"2025-09-25T12:09:41","guid":{"rendered":"http:\/\/spmlodzawy.pl\/?page_id=55579"},"modified":"2025-09-25T14:11:21","modified_gmt":"2025-09-25T12:11:21","slug":"natalka-i-antek-w-swiecie-wielkiej-matematyki-2025-2026","status":"publish","type":"page","link":"http:\/\/spmlodzawy.pl\/index.php\/natalka-i-antek-w-swiecie-wielkiej-matematyki-2025-2026\/","title":{"rendered":"Natalka i Antek w \u015bwiecie wielkiej matematyki 2025\/2026"},"content":{"rendered":"<div class=\"entry-content\">\n<p style=\"text-align: justify;\"><em><strong><img decoding=\"async\" loading=\"lazy\" class=\"wp-image-55582 alignleft\" src=\"http:\/\/spmlodzawy.pl\/wp-content\/uploads\/2025\/09\/cloud.jpg\" alt=\"\" width=\"97\" height=\"79\" \/>\u201eNatalka i Antek w \u015bwiecie wielkiej matematyki 2025\/2026\u201d <\/strong><\/em>to ju\u017c kolejna edycja projektu matematycznego wydawnictwa MAC. <strong>Przyst\u0105pili do niego uczniowie klasy I.<\/strong><\/p>\n<p style=\"text-align: justify;\">G\u0142\u00f3wnym celem projektu jest zaprzyja\u017anienie dzieci z matematyk\u0105. Budowanie \u015bwiadomo\u015bci, \u017ce jest ona obecna we wszystkich dziedzinach \u017cycia, otacza nas na co dzie\u0144. Natalka i Antek zach\u0119c\u0105 dzieci do poznawania matematyki poprzez wykonywanie zada\u0144, ale nie tych z podr\u0119cznika. Nauczyciel krok po kroku wprowadza ich w \u015bwiat wielkiej matematyki.<\/p>\n<p style=\"text-align: justify;\">Projekt sk\u0142ada si\u0119 z o\u015bmiu modu\u0142\u00f3w o r\u00f3\u017cnorodnej tematyce, ka\u017cdy realizowany jest przez miesi\u0105c.<\/p>\n<\/div>\n","protected":false},"excerpt":{"rendered":"<p>\u201eNatalka i Antek w \u015bwiecie wielkiej matematyki 2025\/2026\u201d to ju\u017c kolejna edycja projektu matematycznego wydawnictwa MAC. Przyst\u0105pili do niego uczniowie klasy I. G\u0142\u00f3wnym celem projektu jest zaprzyja\u017anienie dzieci z matematyk\u0105. Budowanie \u015bwiadomo\u015bci, \u017ce jest ona obecna we wszystkich dziedzinach \u017cycia, &hellip; <a href=\"http:\/\/spmlodzawy.pl\/index.php\/natalka-i-antek-w-swiecie-wielkiej-matematyki-2025-2026\/\">Czytaj dalej <span class=\"meta-nav\">&rarr;<\/span><\/a><\/p>\n","protected":false},"author":1,"featured_media":0,"parent":0,"menu_order":0,"comment_status":"closed","ping_status":"closed","template":"","meta":[],"_links":{"self":[{"href":"http:\/\/spmlodzawy.pl\/index.php\/wp-json\/wp\/v2\/pages\/55579"}],"collection":[{"href":"http:\/\/spmlodzawy.pl\/index.php\/wp-json\/wp\/v2\/pages"}],"about":[{"href":"http:\/\/spmlodzawy.pl\/index.php\/wp-json\/wp\/v2\/types\/page"}],"author":[{"embeddable":true,"href":"http:\/\/spmlodzawy.pl\/index.php\/wp-json\/wp\/v2\/users\/1"}],"replies":[{"embeddable":true,"href":"http:\/\/spmlodzawy.pl\/index.php\/wp-json\/wp\/v2\/comments?post=55579"}],"version-history":[{"count":2,"href":"http:\/\/spmlodzawy.pl\/index.php\/wp-json\/wp\/v2\/pages\/55579\/revisions"}],"predecessor-version":[{"id":55583,"href":"http:\/\/spmlodzawy.pl\/index.php\/wp-json\/wp\/v2\/pages\/55579\/revisions\/55583"}],"wp:attachment":[{"href":"http:\/\/spmlodzawy.pl\/index.php\/wp-json\/wp\/v2\/media?parent=55579"}],"curies":[{"name":"wp","href":"https:\/\/api.w.org\/{rel}","templated":true}]}}