{"id":5663,"date":"2018-07-13T19:52:01","date_gmt":"2018-07-13T17:52:01","guid":{"rendered":"http:\/\/spmlodzawy.pl\/?page_id=5663"},"modified":"2018-07-18T09:26:22","modified_gmt":"2018-07-18T07:26:22","slug":"tradycja-odlegla-a-bliska","status":"publish","type":"page","link":"http:\/\/spmlodzawy.pl\/index.php\/tradycja-odlegla-a-bliska\/","title":{"rendered":"Tradycja. Odleg\u0142a, a bliska&#8230;"},"content":{"rendered":"<p style=\"text-align: justify;\"><strong><a href=\"http:\/\/saek.pl\/\"><img decoding=\"async\" loading=\"lazy\" class=\"wp-image-5512 alignleft\" src=\"http:\/\/spmlodzawy.pl\/wp-content\/uploads\/2018\/07\/LOGOTYPY-dla-grantobiorcow_lipiec-300x81.jpg\" alt=\"\" width=\"356\" height=\"96\" \/><\/a>&#8222;Tradycja. Odleg\u0142a, a bliska&#8230;&#8221;<\/strong> to zadanie dla dzieci w wieku 8-12, lat mieszkaj\u0105cych w M\u0142odzawach, realizowany w ramach projektu &#8222;\u015awi\u0119tokrzyska Akademia Edukacji Kulturowej&#8221; dofinansowanej ze \u015brodk\u00f3w Narodowego Centrum Kultury w ramach Programu Bardzo M\u0142oda Kultura\u00a0 2016-2018. Projekt realizowany w okresie od 1 lipca do ko\u0144ca wrze\u015bnia 2018 roku.<\/p>\n<p style=\"text-align: justify;\">Realizatorem programu jest Stowarzyszenie Rozwoju M\u0142odzaw \u2013 Nasza Przysz\u0142o\u015b\u0107 w partnerstwie z Ko\u0142em Gospody\u0144 Wiejskich \u201eM\u0142odzawy Dzi\u015b i Jutro\u201d, Szko\u0142\u0105 Podstawow\u0105 w \u00a0M\u0142odzawach i Samorz\u0105dowym Centrum Kultury w \u00a0Pi\u0144czowie. \u00a0G\u0142\u00f3wnym celem projektu jest zapewnienie ciekawego i atrakcyjnego sposobu sp\u0119dzania czasu podczas wakacji, a r\u00f3wnocze\u015bnie przybli\u017cenie tradycji wsi.<\/p>\n<p style=\"text-align: justify;\">W programie poznawanie historii miejscowo\u015bci, wyjazdy edukacyjne, turniej gier i zabaw dawnych, warsztaty tradycji lokalnej: darcie pierza, szycie, haftowanie, malowanie na materiale, kiszenie kapusty itp. Uczestnicy zgromadz\u0105 r\u00f3wnie\u017c r\u00f3\u017cne przedmioty wykorzystywane dawniej na wsi i wyeksponuj\u0105 je razem wytworami w\u0142asnej pracy \u00a0na wystawce zorganizowanej w Szkole Podstawowej w M\u0142odzawach.<\/p>\n","protected":false},"excerpt":{"rendered":"<p>&#8222;Tradycja. Odleg\u0142a, a bliska&#8230;&#8221; to zadanie dla dzieci w wieku 8-12, lat mieszkaj\u0105cych w M\u0142odzawach, realizowany w ramach projektu &#8222;\u015awi\u0119tokrzyska Akademia Edukacji Kulturowej&#8221; dofinansowanej ze \u015brodk\u00f3w Narodowego Centrum Kultury w ramach Programu Bardzo M\u0142oda Kultura\u00a0 2016-2018. Projekt realizowany w okresie &hellip; <a href=\"http:\/\/spmlodzawy.pl\/index.php\/tradycja-odlegla-a-bliska\/\">Czytaj dalej <span class=\"meta-nav\">&rarr;<\/span><\/a><\/p>\n","protected":false},"author":1,"featured_media":0,"parent":0,"menu_order":0,"comment_status":"closed","ping_status":"closed","template":"","meta":[],"_links":{"self":[{"href":"http:\/\/spmlodzawy.pl\/index.php\/wp-json\/wp\/v2\/pages\/5663"}],"collection":[{"href":"http:\/\/spmlodzawy.pl\/index.php\/wp-json\/wp\/v2\/pages"}],"about":[{"href":"http:\/\/spmlodzawy.pl\/index.php\/wp-json\/wp\/v2\/types\/page"}],"author":[{"embeddable":true,"href":"http:\/\/spmlodzawy.pl\/index.php\/wp-json\/wp\/v2\/users\/1"}],"replies":[{"embeddable":true,"href":"http:\/\/spmlodzawy.pl\/index.php\/wp-json\/wp\/v2\/comments?post=5663"}],"version-history":[{"count":5,"href":"http:\/\/spmlodzawy.pl\/index.php\/wp-json\/wp\/v2\/pages\/5663\/revisions"}],"predecessor-version":[{"id":5701,"href":"http:\/\/spmlodzawy.pl\/index.php\/wp-json\/wp\/v2\/pages\/5663\/revisions\/5701"}],"wp:attachment":[{"href":"http:\/\/spmlodzawy.pl\/index.php\/wp-json\/wp\/v2\/media?parent=5663"}],"curies":[{"name":"wp","href":"https:\/\/api.w.org\/{rel}","templated":true}]}}