{"id":6875,"date":"2018-09-27T20:24:10","date_gmt":"2018-09-27T18:24:10","guid":{"rendered":"http:\/\/spmlodzawy.pl\/?page_id=6875"},"modified":"2019-07-28T18:27:37","modified_gmt":"2019-07-28T16:27:37","slug":"tuprogramujemy","status":"publish","type":"page","link":"http:\/\/spmlodzawy.pl\/index.php\/tuprogramujemy\/","title":{"rendered":"Tu#programujeMY"},"content":{"rendered":"<p><center><img decoding=\"async\" loading=\"lazy\" class=\"alignnone size-full wp-image-11512\" src=\"http:\/\/spmlodzawy.pl\/wp-content\/uploads\/2019\/02\/tu_programujemy.png\" alt=\"\" width=\"270\" height=\"78\" \/><\/center><center><b>O projekcie<\/b><\/center><\/p>\n<p style=\"text-align: justify;\">Stowarzyszenie Nowe Oblicze Edukacji w partnerstwie z Fundacj\u0105 Girls Code Fun realizuje innowacyjny projekt \u201eTu#programujeMY\u201d, zapewniaj\u0105cy <b>wsparcie dla uczni\u00f3w, nauczycieli i szk\u00f3\u0142 z wojew\u00f3dztwa \u015bwi\u0119tokrzyskiego.<\/b> Projekt jest dofinansowany ze \u015brodk\u00f3w Unii Europejskiej w ramach Europejskiego Funduszu Rozwoju Regionalnego, Programu Operacyjnego Polska Cyfrowa na lata 2014-2020. Celem projektu jest rozw\u00f3j kompetencji cyfrowych i medialnych, w szczeg\u00f3lno\u015bci z zakresu nauki i nauczania programowania nauczycieli publicznej edukacji wczesnoszkolnej oraz uczni\u00f3w kl. 1-3 publicznych Szk\u00f3\u0142 Podstawowych z woj. \u015bwi\u0119tokrzyskiego.<\/p>\n<p><center><b>Wsparcie dla nauczycieli<\/b><\/center><\/p>\n<p style=\"text-align: justify;\"><strong>\u201eTu#programujeMY\u201d<\/strong> to projekt, dzi\u0119ki kt\u00f3remu <b>381 nauczycieli<\/b> edukacji wczesnoszkolnej podniesie poziom swojej wiedzy i umiej\u0119tno\u015bci w zakresie programowania. W ramach projektu nauczyciele wezm\u0105 udzia\u0142 w webinarium &#8211; szkoleniu on-line z wykorzystaniem platformy internetowej poszerzaj\u0105cej wiedz\u0119 z zakresu nauki i nauczania programowania. Nauczyciele b\u0119d\u0105 uczestniczy\u0107 w szkoleniach w trakcie kt\u00f3rych poznaj\u0105 podstawy programowania i przygotuj\u0105 si\u0119 do prowadzenia zaj\u0119\u0107 z dzie\u0107mi przy u\u017cyciu innowacyjnego robota i pomocy dydaktycznych. Po uko\u0144czeniu szkolenia pedagodzy rozpoczn\u0105 realizacj\u0119 cyklu zaj\u0119\u0107 z uczniami, kt\u00f3re zostan\u0105 przeprowadzone w oparciu o nowoczesne scenariusze zaj\u0119\u0107 obejmuj\u0105ce atrakcyjne metody nauki programowania. Na potrzeby realizacji projektu wszyscy nauczyciele otrzymaj\u0105 tablety z oprogramowaniem.<\/p>\n<p><center><b>Wsparcie dla uczni\u00f3w<\/b><\/center><\/p>\n<p style=\"text-align: justify;\">Dzi\u0119ki realizacji projektu <b>4485 uczni\u00f3w klas 1-3<\/b> publicznych Szk\u00f3\u0142 Podstawowych z wojew\u00f3dztwa \u015bwi\u0119tokrzyskiego b\u0119dzie mia\u0142o mo\u017cliwo\u015b\u0107 nauki podstaw programowania, poznania j\u0119zyka programowania i rozwoju umiej\u0119tno\u015bci cyfrowych w praktyce. Narz\u0119dziem do nauki programowania b\u0119dzie robot. Przy u\u017cyciu tablet\u00f3w i dedykowanych dla robota aplikacji, mali u\u017cytkownicy b\u0119d\u0105 mogli tworzy\u0107 sekwencje zdarze\u0144 przy u\u017cyciu prostego interfejsu. Programowanie jest umiej\u0119tno\u015bci\u0105 kt\u00f3ra kszta\u0142ci zdolno\u015bci intelektualne, kompetencja ta b\u0119dzie procentowa\u0142a na przysz\u0142o\u015b\u0107 w takich dziedzinach, jak robotyka, in\u017cynieria, czy technologia.<\/p>\n<p><center><b>Wsparcie dla szk\u00f3\u0142<\/b><\/center><\/p>\n<p style=\"text-align: justify;\"><b>96 publicznych Szko\u0142ach Podstawowych<\/b> z gmin wiejskich i wiejsko-miejskich z wojew\u00f3dztwa \u015bwi\u0119tokrzyskiego otrzyma nowoczesny sprz\u0119t i pomoce dydaktyczne, kt\u00f3re zostan\u0105 przekazane w takiej ilo\u015bci, ilu nauczycieli z danej szko\u0142y przyst\u0105pi\u0142o do projektu. Dzi\u0119ki realizacji projektu szko\u0142a zyska kadr\u0119 nauczycieli klas 1-3 przygotowan\u0105 do prowadzenia zaj\u0119\u0107 z programowania. Materia\u0142y dydaktyczne i roboty b\u0119d\u0105 s\u0142u\u017cy\u0107 innym uczniom po zako\u0144czeniu realizacji projektu.<\/p>\n<p style=\"text-align: justify;\"><em><strong>Projekt jest realizowany od 1 czerwca 2018 r. do 31 pa\u017adziernika 2020 r.<\/strong><\/em><\/p>\n","protected":false},"excerpt":{"rendered":"<p>O projekcie Stowarzyszenie Nowe Oblicze Edukacji w partnerstwie z Fundacj\u0105 Girls Code Fun realizuje innowacyjny projekt \u201eTu#programujeMY\u201d, zapewniaj\u0105cy wsparcie dla uczni\u00f3w, nauczycieli i szk\u00f3\u0142 z wojew\u00f3dztwa \u015bwi\u0119tokrzyskiego. Projekt jest dofinansowany ze \u015brodk\u00f3w Unii Europejskiej w ramach Europejskiego Funduszu Rozwoju Regionalnego, &hellip; <a href=\"http:\/\/spmlodzawy.pl\/index.php\/tuprogramujemy\/\">Czytaj dalej <span class=\"meta-nav\">&rarr;<\/span><\/a><\/p>\n","protected":false},"author":1,"featured_media":0,"parent":0,"menu_order":0,"comment_status":"closed","ping_status":"closed","template":"","meta":[],"_links":{"self":[{"href":"http:\/\/spmlodzawy.pl\/index.php\/wp-json\/wp\/v2\/pages\/6875"}],"collection":[{"href":"http:\/\/spmlodzawy.pl\/index.php\/wp-json\/wp\/v2\/pages"}],"about":[{"href":"http:\/\/spmlodzawy.pl\/index.php\/wp-json\/wp\/v2\/types\/page"}],"author":[{"embeddable":true,"href":"http:\/\/spmlodzawy.pl\/index.php\/wp-json\/wp\/v2\/users\/1"}],"replies":[{"embeddable":true,"href":"http:\/\/spmlodzawy.pl\/index.php\/wp-json\/wp\/v2\/comments?post=6875"}],"version-history":[{"count":7,"href":"http:\/\/spmlodzawy.pl\/index.php\/wp-json\/wp\/v2\/pages\/6875\/revisions"}],"predecessor-version":[{"id":14497,"href":"http:\/\/spmlodzawy.pl\/index.php\/wp-json\/wp\/v2\/pages\/6875\/revisions\/14497"}],"wp:attachment":[{"href":"http:\/\/spmlodzawy.pl\/index.php\/wp-json\/wp\/v2\/media?parent=6875"}],"curies":[{"name":"wp","href":"https:\/\/api.w.org\/{rel}","templated":true}]}}