{"id":7059,"date":"2018-10-02T13:34:42","date_gmt":"2018-10-02T11:34:42","guid":{"rendered":"http:\/\/spmlodzawy.pl\/?page_id=7059"},"modified":"2022-03-22T19:22:44","modified_gmt":"2022-03-22T18:22:44","slug":"fundacja-pzu-dotknij-kultury-nie-sparzysz-sie","status":"publish","type":"page","link":"http:\/\/spmlodzawy.pl\/index.php\/fundacja-pzu-dotknij-kultury-nie-sparzysz-sie\/","title":{"rendered":"FUNDACJA PZU \u201eDOTKNIJ KULTURY \u2013 NIE SPARZYSZ SI\u0118\u201d"},"content":{"rendered":"<p style=\"text-align: justify;\"><img decoding=\"async\" loading=\"lazy\" class=\" wp-image-34399 alignleft\" src=\"http:\/\/spmlodzawy.pl\/wp-content\/uploads\/2018\/10\/p_293_52354_1.jpg\" alt=\"\" width=\"198\" height=\"106\" \/>Po raz kolejny mamy zaszczyt realizowa\u0107 projekt w ramach konkursu dotacyjnego PZU z Kultur\u0105\u00a0 przy wsp\u00f3\u0142pracy i dofinansowaniu Fundacji PZU.<\/p>\n<p style=\"text-align: justify;\">G\u0142\u00f3wnym celem projektu jest zainteresowanie dzieci i m\u0142odzie\u017cy szeroko rozumian\u0105 kultur\u0105. W ramach inicjatywy zorganizujemy cykliczne warsztaty historyczne, wyjazd do Krakowa (opera, lekcja w Muzeum Narodowym), 2-dniowy wyjazd edukacyjny do Wroc\u0142awia (teatr, warsztaty w Muzeum Miejskim, zwiedzanie zabytk\u00f3w, warsztaty w Panoramie Rac\u0142awickiej) oraz wyjazd edukacyjny do Kielc (teatr, warsztaty w Muzeum Narodowym, zabytki zwi\u0105zane z odzyskaniem niepodleg\u0142o\u015bci). Dla najstarszych uczestnik\u00f3w projektu zaplanowali\u015bmy konkurs &#8222;Zwiedzane miasta dawniej i dzi\u015b&#8221;.<\/p>\n","protected":false},"excerpt":{"rendered":"<p>Po raz kolejny mamy zaszczyt realizowa\u0107 projekt w ramach konkursu dotacyjnego PZU z Kultur\u0105\u00a0 przy wsp\u00f3\u0142pracy i dofinansowaniu Fundacji PZU. G\u0142\u00f3wnym celem projektu jest zainteresowanie dzieci i m\u0142odzie\u017cy szeroko rozumian\u0105 kultur\u0105. W ramach inicjatywy zorganizujemy cykliczne warsztaty historyczne, wyjazd do &hellip; <a href=\"http:\/\/spmlodzawy.pl\/index.php\/fundacja-pzu-dotknij-kultury-nie-sparzysz-sie\/\">Czytaj dalej <span class=\"meta-nav\">&rarr;<\/span><\/a><\/p>\n","protected":false},"author":1,"featured_media":0,"parent":0,"menu_order":0,"comment_status":"closed","ping_status":"closed","template":"","meta":[],"_links":{"self":[{"href":"http:\/\/spmlodzawy.pl\/index.php\/wp-json\/wp\/v2\/pages\/7059"}],"collection":[{"href":"http:\/\/spmlodzawy.pl\/index.php\/wp-json\/wp\/v2\/pages"}],"about":[{"href":"http:\/\/spmlodzawy.pl\/index.php\/wp-json\/wp\/v2\/types\/page"}],"author":[{"embeddable":true,"href":"http:\/\/spmlodzawy.pl\/index.php\/wp-json\/wp\/v2\/users\/1"}],"replies":[{"embeddable":true,"href":"http:\/\/spmlodzawy.pl\/index.php\/wp-json\/wp\/v2\/comments?post=7059"}],"version-history":[{"count":3,"href":"http:\/\/spmlodzawy.pl\/index.php\/wp-json\/wp\/v2\/pages\/7059\/revisions"}],"predecessor-version":[{"id":34400,"href":"http:\/\/spmlodzawy.pl\/index.php\/wp-json\/wp\/v2\/pages\/7059\/revisions\/34400"}],"wp:attachment":[{"href":"http:\/\/spmlodzawy.pl\/index.php\/wp-json\/wp\/v2\/media?parent=7059"}],"curies":[{"name":"wp","href":"https:\/\/api.w.org\/{rel}","templated":true}]}}