{"id":794,"date":"2017-10-14T20:45:39","date_gmt":"2017-10-14T18:45:39","guid":{"rendered":"http:\/\/spmlodzawy.pl\/?page_id=794"},"modified":"2022-03-22T19:27:46","modified_gmt":"2022-03-22T18:27:46","slug":"fundacja-pzu-mali-kulturalni-mlodzi-oryginalni-ide-dalej","status":"publish","type":"page","link":"http:\/\/spmlodzawy.pl\/index.php\/fundacja-pzu-mali-kulturalni-mlodzi-oryginalni-ide-dalej\/","title":{"rendered":"FUNDACJA PZU &#8222;MALI KULTURALNI &#8211; M\u0141ODZI ORYGINALNI&#8230;id\u0119 dalej&#8221;"},"content":{"rendered":"<p><img decoding=\"async\" loading=\"lazy\" class=\"alignnone size-full wp-image-34399\" src=\"http:\/\/spmlodzawy.pl\/wp-content\/uploads\/2018\/10\/p_293_52354_1.jpg\" alt=\"\" width=\"293\" height=\"157\" \/><\/p>\n<p style=\"text-align: center;\"><strong>\u201eMALI KU<\/strong><strong>LTURALNI &#8211; M\u0141ODZI ORYGINALNI\u2026 id\u0119 dalej\u201d<\/strong><\/p>\n<p style=\"text-align: center;\"><strong><em>P<span style=\"color: #000000;\">rojekt wsp\u00f3\u0142finansowany ze \u015brodk\u00f3w <u>Fundacji PZU<\/u> <\/span><\/em><\/strong><\/p>\n<p style=\"text-align: center;\"><span style=\"color: #000000;\"><em>na podstawie umowy dotacji\u00a0 zawartej<strong> \u00a0<\/strong>ze <strong>STOWARZYSZENIEM ROZWOJU M\u0141ODZAW \u2013 NASZA PRZYSZ\u0141O\u015a\u0106 <\/strong><\/em><\/span><\/p>\n<p><strong><span style=\"color: #000000;\">Harmonogram projektu:<\/span><\/strong><\/p>\n<table>\n<tbody>\n<tr>\n<td style=\"text-align: center;\" colspan=\"2\" width=\"869\"><span style=\"color: #000000;\"><strong>DZIA\u0141ANIE<\/strong><\/span><\/td>\n<td width=\"146\"><span style=\"color: #000000;\"><strong>TERMIN REALIZACJI<\/strong><\/span><\/td>\n<\/tr>\n<tr>\n<td width=\"55\"><span style=\"color: #000000;\">1.<\/span><\/td>\n<td width=\"814\">\n<p style=\"text-align: justify;\"><span style=\"color: #000000;\">REKRUTACJA, SPOTKANIE ORGANIZACYJNE<\/span><\/p>\n<p style=\"text-align: justify;\"><span style=\"color: #000000;\">Poinformowanie uczni\u00f3w szko\u0142y podstawowej i ich rodzic\u00f3w oraz m\u0142odzie\u017cy gimnazjalnej o celach projektu i dzia\u0142aniach zaplanowanych w ramach projektu. Rekrutacja uczestnik\u00f3w. Przedstawienie wst\u0119pnego harmonogramu.<\/span><\/p>\n<\/td>\n<td width=\"146\"><span style=\"color: #000000;\">01. 10.2017<\/span><\/p>\n<p><span style=\"color: #000000;\">\u2013 15.10. 2017<\/span><\/td>\n<\/tr>\n<tr>\n<td width=\"55\"><span style=\"color: #000000;\">2.<\/span><\/td>\n<td width=\"814\"><span style=\"color: #000000;\">WEEKENDOWE KIELCE<\/span><\/p>\n<p style=\"text-align: justify;\"><span style=\"color: #000000;\">Wyjazd edukacyjny popo\u0142udniowy zorganizowany w sobot\u0119 dla m\u0142odzie\u017cy gimnazjalnej i ze szko\u0142y \u015bredniej.<\/span><\/p>\n<p style=\"text-align: justify;\"><span style=\"color: #000000;\">Liczba uczestnik\u00f3w 30. Liczba opiekun\u00f3w: 2<\/span><\/p>\n<p style=\"text-align: justify;\"><span style=\"color: #000000;\">Obejrzenie filmu dla m\u0142odzie\u017cy w kinie &#8222;Helios&#8221;.<\/span><\/p>\n<\/td>\n<td width=\"146\"><span style=\"color: #000000;\">16. 10.2017<\/span><\/p>\n<p><span style=\"color: #000000;\">\u201329.10. 2017<\/span><\/td>\n<\/tr>\n<tr>\n<td width=\"55\"><span style=\"color: #000000;\">3.<\/span><\/td>\n<td width=\"814\"><span style=\"color: #000000;\">\u015aLADAMI G\u00d3RNIK\u00d3W &#8211; KOPALNIA SOLI W BOCHNI<\/span><\/p>\n<p style=\"text-align: justify;\"><span style=\"color: #000000;\">Popo\u0142udniowy wyjazd edukacyjny dla uczni\u00f3w Szko\u0142y Podstawowej w M\u0142odzawach po\u0142\u0105czony z noclegiem w kopalni.<\/span><\/p>\n<p style=\"text-align: justify;\"><span style=\"color: #000000;\">Liczba uczestnik\u00f3w 45.\u00a0 Liczba opiekun\u00f3w: 4<\/span><\/p>\n<p style=\"text-align: justify;\"><span style=\"color: #000000;\">1. Zwiedzenie kopalni;<\/span><\/p>\n<p style=\"text-align: justify;\"><span style=\"color: #000000;\">2. Udzia\u0142 w zaj\u0119ciach edukacyjnych w podziemiach kopalni;<\/span><\/p>\n<p style=\"text-align: justify;\"><span style=\"color: #000000;\">3.\u00a0 Konkurs dla uczestnik\u00f3w pt. &#8222;Ma\u0142y kulturalny &#8211; jestem aktorem&#8221; &#8211; grupowe odgrywanie scenek dramowych;<\/span><\/p>\n<\/td>\n<td width=\"146\"><span style=\"color: #000000;\">30. 10.2017<\/span><\/p>\n<p><span style=\"color: #000000;\">\u2013 26.11. 2017<\/span><\/td>\n<\/tr>\n<tr>\n<td width=\"55\"><span style=\"color: #000000;\">4.<\/span><\/td>\n<td width=\"814\"><span style=\"color: #000000;\">KIELECKIE ATRAKCJE KULTURALNE<\/span><\/p>\n<p style=\"text-align: justify;\"><span style=\"color: #000000;\">Wyjazd edukacyjny dla uczni\u00f3w Szko\u0142y Podstawowej w M\u0142odzawach.<\/span><\/p>\n<p style=\"text-align: justify;\"><span style=\"color: #000000;\">Liczba uczestnik\u00f3w 45. Liczba opiekun\u00f3w: 4<\/span><\/p>\n<p style=\"text-align: justify;\"><span style=\"color: #000000;\">1. Wys\u0142uchanie i obejrzenie bajki muzycznej w Filharmonii \u015awi\u0119tokrzyskiej + zwiedzanie budynku;<\/span><\/p>\n<p style=\"text-align: justify;\"><span style=\"color: #000000;\">2. Obejrzenie wystawy sztuki wsp\u00f3\u0142czesnej + udzia\u0142 w warsztatach w Galerii Sztuki WINDA w Kielcach.<\/span><\/p>\n<p style=\"text-align: justify;\"><span style=\"color: #000000;\">3. Obejrzenie filmu dla dzieci w kinie &#8222;Helios&#8221;.<\/span><\/p>\n<\/td>\n<td width=\"146\"><span style=\"color: #000000;\">27. 11.2017<\/span><\/p>\n<p><span style=\"color: #000000;\">\u2013 17.12. 2017<\/span><\/td>\n<\/tr>\n<tr>\n<td width=\"55\"><span style=\"color: #000000;\">5.<\/span><\/td>\n<td width=\"814\"><span style=\"color: #000000;\">CO S\u0141YCHA\u0106 W GRODZIE KRAKA? &#8211; ZIMOWY KRAK\u00d3W<\/span><\/p>\n<p style=\"text-align: justify;\"><span style=\"color: #000000;\">Wyjazd edukacyjny jednodniowy zorganizowany w sobot\u0119 dla m\u0142odzie\u017cy gimnazjalnej i szko\u0142y \u015bredniej.<\/span><\/p>\n<p style=\"text-align: justify;\"><span style=\"color: #000000;\">Liczba uczestnik\u00f3w 30. Liczba opiekun\u00f3w: 2<\/span><\/p>\n<p style=\"text-align: justify;\"><span style=\"color: #000000;\">1. Zwiedzanie zabytk\u00f3w Krakowa;<\/span><\/p>\n<p style=\"text-align: justify;\"><span style=\"color: #000000;\">2. Udzia\u0142 w spektaklu teatralnym; 3, Obejrzenie wystawy <\/span><span style=\"color: #000000;\">sztuki wsp\u00f3\u0142czesnej + udzia\u0142 w warsztatach w Galerii Sztuki Wsp\u00f3\u0142czesnej BUNKIER SZTUKI w Krakowie;<\/span><\/p>\n<p style=\"text-align: justify;\"><span style=\"color: #000000;\">4. Krak\u00f3w noc\u0105 &#8211; zwiedzanie i przebywanie na Rynku G\u0142\u00f3wnym.<\/span><\/p>\n<\/td>\n<td width=\"146\"><span style=\"color: #000000;\">01. 01.2018<\/span><\/p>\n<p><span style=\"color: #000000;\">\u2013 28.01. 2018<\/span><\/td>\n<\/tr>\n<tr>\n<td width=\"55\"><span style=\"color: #000000;\">6.<\/span><\/td>\n<td width=\"814\"><span style=\"color: #000000;\">WARSZAWA &#8211; MOJA STOLICA!<\/span><\/p>\n<p style=\"text-align: justify;\"><span style=\"color: #000000;\">Dwudniowy wyjazd edukacyjny dla uczni\u00f3w Szko\u0142y Podstawowej w M\u0142odzawach.<\/span><\/p>\n<p style=\"text-align: justify;\"><span style=\"color: #000000;\">Liczba uczestnik\u00f3w 45. Liczba opiekun\u00f3w: 4<\/span><\/p>\n<p style=\"text-align: justify;\"><span style=\"color: #000000;\">1. Zwiedzanie zabytk\u00f3w: \u0141azienki Kr\u00f3lewskie, Belweder, Stare Miasto, Zamek Kr\u00f3lewski, Barbakan, Plac Zamkowy, Gr\u00f3b Nieznanego \u017bo\u0142nierza, Pa\u0142ac Kultury i Nauki, Trakt Kr\u00f3lewski;<\/span><\/p>\n<p style=\"text-align: justify;\"><span style=\"color: #000000;\">2. Udzia\u0142 w spektaklu teatralnym;<\/span><\/p>\n<p style=\"text-align: justify;\"><span style=\"color: #000000;\">3. Zwiedzanie muzeum w \u0141azienkach Kr\u00f3lewskich + udzia\u0142 w zaj\u0119ciach muzealnych;<\/span><\/p>\n<p style=\"text-align: justify;\"><span style=\"color: #000000;\">4. Zwiedzanie i nauka w Centrum Nauki Kopernik.<\/span><\/p>\n<p style=\"text-align: justify;\"><span style=\"color: #000000;\">5. Konkurs dla uczestnik\u00f3w pt. &#8222;Ma\u0142y kulturalny &#8211; opowiadam o zabytkach stolicy&#8221; (kt\u00f3re dziecko najwi\u0119cej zapami\u0119ta\u0142o);<\/span><\/p>\n<p style=\"text-align: justify;\"><span style=\"color: #000000;\">6. Zorganizowanie posi\u0142ku dla uczestnik\u00f3w.<\/span><\/p>\n<p style=\"text-align: justify;\"><span style=\"color: #000000;\">7. Zorganizowanie noclegu dla uczestnik\u00f3w.<\/span><\/p>\n<\/td>\n<td width=\"146\"><span style=\"color: #000000;\">02.02. 2018<\/span><\/p>\n<p><span style=\"color: #000000;\">\u2013 25.02.2018<\/span><\/td>\n<\/tr>\n<tr>\n<td width=\"55\"><span style=\"color: #000000;\">7.<\/span><\/td>\n<td width=\"814\"><span style=\"color: #000000;\">SZTUKA TEATRALNA NIE MUSI BY\u0106 NUDNA! &#8211; PODSUMOWANIE PROJEKTU<\/span><\/p>\n<p style=\"text-align: justify;\"><span style=\"color: #000000;\">1. Wsp\u00f3lne ogl\u0105danie sztuki \u017cartobliwej teatralnej o tematyce profilaktycznej zaprezentowanej przez Teatr Kurtyna z Krakowa (rodzice, dzieci, zaproszeni go\u015bcie);<\/span><\/p>\n<p style=\"text-align: justify;\"><span style=\"color: #000000;\">2. Prezentacja filmu z przeprowadzonych w ramach projektu.<\/span><\/p>\n<\/td>\n<td width=\"146\"><span style=\"color: #000000;\">26.02. 2018<\/span><\/p>\n<p><span style=\"color: #000000;\">\u2013 28.02.2018<\/span><\/td>\n<\/tr>\n<\/tbody>\n<\/table>\n","protected":false},"excerpt":{"rendered":"<p>\u201eMALI KULTURALNI &#8211; M\u0141ODZI ORYGINALNI\u2026 id\u0119 dalej\u201d Projekt wsp\u00f3\u0142finansowany ze \u015brodk\u00f3w Fundacji PZU na podstawie umowy dotacji\u00a0 zawartej \u00a0ze STOWARZYSZENIEM ROZWOJU M\u0141ODZAW \u2013 NASZA PRZYSZ\u0141O\u015a\u0106 Harmonogram projektu: DZIA\u0141ANIE TERMIN REALIZACJI 1. REKRUTACJA, SPOTKANIE ORGANIZACYJNE Poinformowanie uczni\u00f3w szko\u0142y podstawowej i ich &hellip; <a href=\"http:\/\/spmlodzawy.pl\/index.php\/fundacja-pzu-mali-kulturalni-mlodzi-oryginalni-ide-dalej\/\">Czytaj dalej <span class=\"meta-nav\">&rarr;<\/span><\/a><\/p>\n","protected":false},"author":1,"featured_media":0,"parent":0,"menu_order":0,"comment_status":"closed","ping_status":"closed","template":"","meta":[],"_links":{"self":[{"href":"http:\/\/spmlodzawy.pl\/index.php\/wp-json\/wp\/v2\/pages\/794"}],"collection":[{"href":"http:\/\/spmlodzawy.pl\/index.php\/wp-json\/wp\/v2\/pages"}],"about":[{"href":"http:\/\/spmlodzawy.pl\/index.php\/wp-json\/wp\/v2\/types\/page"}],"author":[{"embeddable":true,"href":"http:\/\/spmlodzawy.pl\/index.php\/wp-json\/wp\/v2\/users\/1"}],"replies":[{"embeddable":true,"href":"http:\/\/spmlodzawy.pl\/index.php\/wp-json\/wp\/v2\/comments?post=794"}],"version-history":[{"count":8,"href":"http:\/\/spmlodzawy.pl\/index.php\/wp-json\/wp\/v2\/pages\/794\/revisions"}],"predecessor-version":[{"id":34406,"href":"http:\/\/spmlodzawy.pl\/index.php\/wp-json\/wp\/v2\/pages\/794\/revisions\/34406"}],"wp:attachment":[{"href":"http:\/\/spmlodzawy.pl\/index.php\/wp-json\/wp\/v2\/media?parent=794"}],"curies":[{"name":"wp","href":"https:\/\/api.w.org\/{rel}","templated":true}]}}