{"id":8876,"date":"2018-12-20T14:34:13","date_gmt":"2018-12-20T13:34:13","guid":{"rendered":"http:\/\/spmlodzawy.pl\/?page_id=8876"},"modified":"2018-12-20T14:34:13","modified_gmt":"2018-12-20T13:34:13","slug":"konkurs-na-ozdobe-swiateczna","status":"publish","type":"page","link":"http:\/\/spmlodzawy.pl\/index.php\/konkurs-na-ozdobe-swiateczna\/","title":{"rendered":"Konkurs na ozdob\u0119 \u015bwi\u0105teczn\u0105"},"content":{"rendered":"Gallery with ID 315 doesn't exist.\n","protected":false},"excerpt":{"rendered":"","protected":false},"author":1,"featured_media":0,"parent":0,"menu_order":0,"comment_status":"closed","ping_status":"closed","template":"","meta":[],"_links":{"self":[{"href":"http:\/\/spmlodzawy.pl\/index.php\/wp-json\/wp\/v2\/pages\/8876"}],"collection":[{"href":"http:\/\/spmlodzawy.pl\/index.php\/wp-json\/wp\/v2\/pages"}],"about":[{"href":"http:\/\/spmlodzawy.pl\/index.php\/wp-json\/wp\/v2\/types\/page"}],"author":[{"embeddable":true,"href":"http:\/\/spmlodzawy.pl\/index.php\/wp-json\/wp\/v2\/users\/1"}],"replies":[{"embeddable":true,"href":"http:\/\/spmlodzawy.pl\/index.php\/wp-json\/wp\/v2\/comments?post=8876"}],"version-history":[{"count":1,"href":"http:\/\/spmlodzawy.pl\/index.php\/wp-json\/wp\/v2\/pages\/8876\/revisions"}],"predecessor-version":[{"id":8877,"href":"http:\/\/spmlodzawy.pl\/index.php\/wp-json\/wp\/v2\/pages\/8876\/revisions\/8877"}],"wp:attachment":[{"href":"http:\/\/spmlodzawy.pl\/index.php\/wp-json\/wp\/v2\/media?parent=8876"}],"curies":[{"name":"wp","href":"https:\/\/api.w.org\/{rel}","templated":true}]}}