{"id":8990,"date":"2018-12-22T16:36:34","date_gmt":"2018-12-22T15:36:34","guid":{"rendered":"http:\/\/spmlodzawy.pl\/?page_id=8990"},"modified":"2019-04-18T07:27:36","modified_gmt":"2019-04-18T05:27:36","slug":"byly-sobie-pieniadze-2","status":"publish","type":"page","link":"http:\/\/spmlodzawy.pl\/index.php\/byly-sobie-pieniadze-2\/","title":{"rendered":"By\u0142y sobie pieni\u0105dze"},"content":{"rendered":"<div class=\"entry-content\">\n<p style=\"text-align: justify;\"><strong><i><img decoding=\"async\" loading=\"lazy\" class=\"size-medium wp-image-11517 alignleft\" src=\"http:\/\/spmlodzawy.pl\/wp-content\/uploads\/2019\/04\/BGK-fundacja-RGB-01-9-300x162.png\" alt=\"\" width=\"300\" height=\"162\" \/>Edukacja ekonomiczna dla uczni\u00f3w edukacji wczesnoszkolnej\u00a0<\/i><\/strong><i> <\/i><em><strong>\u201eBY\u0141Y SOBIE PIENI\u0104DZE\u201d<\/strong><\/em>, kt\u00f3rego organizatorem i koordynatorem jest <strong><i>Fundacja BGK im. J. K. Steczkowskiego w Warszawie.<\/i><\/strong><\/p>\n<p style=\"text-align: justify;\">Program realizowany jest w klasie II i III. Jego celem jest podniesienie poziomu wiedzy finansowej uczni\u00f3w oraz wprowadzenie w podstawy finans\u00f3w tak, aby potrafi\u0142y lepiej funkcjonowa\u0107 w nowoczesnym spo\u0142ecze\u0144stwie. Cele realizowane s\u0105 poprzez przeprowadzenie autorskich zaj\u0119\u0107 o finansach.<\/p>\n<p style=\"text-align: justify;\">Tematyka zaj\u0119\u0107 obejmuje swym zakresem m. in. warto\u015bci pieni\u0105dza, podstaw ekonomii, zarz\u0105dzania finansami osobistymi, roli i funkcji bank\u00f3w, ale tak\u017ce umiej\u0119tno\u015bci krytycznego my\u015blenia i zastosowania tej wiedzy w praktyce oraz podejmowania racjonalnych wybor\u00f3w konsumenckich. Wiadomo\u015bci zosta\u0142y skorelowane z podstaw\u0105 programow\u0105. Nauczycielki maj\u0105 do dyspozycji scenariusze zaj\u0119\u0107 oraz pakiety edukacyjne zawieraj\u0105ce potrzebne pomoce dydaktyczne.<\/p>\n<\/div>\n","protected":false},"excerpt":{"rendered":"<p>Edukacja ekonomiczna dla uczni\u00f3w edukacji wczesnoszkolnej\u00a0 \u201eBY\u0141Y SOBIE PIENI\u0104DZE\u201d, kt\u00f3rego organizatorem i koordynatorem jest Fundacja BGK im. J. K. Steczkowskiego w Warszawie. Program realizowany jest w klasie II i III. Jego celem jest podniesienie poziomu wiedzy finansowej uczni\u00f3w oraz wprowadzenie &hellip; <a href=\"http:\/\/spmlodzawy.pl\/index.php\/byly-sobie-pieniadze-2\/\">Czytaj dalej <span class=\"meta-nav\">&rarr;<\/span><\/a><\/p>\n","protected":false},"author":1,"featured_media":0,"parent":0,"menu_order":0,"comment_status":"closed","ping_status":"closed","template":"","meta":[],"_links":{"self":[{"href":"http:\/\/spmlodzawy.pl\/index.php\/wp-json\/wp\/v2\/pages\/8990"}],"collection":[{"href":"http:\/\/spmlodzawy.pl\/index.php\/wp-json\/wp\/v2\/pages"}],"about":[{"href":"http:\/\/spmlodzawy.pl\/index.php\/wp-json\/wp\/v2\/types\/page"}],"author":[{"embeddable":true,"href":"http:\/\/spmlodzawy.pl\/index.php\/wp-json\/wp\/v2\/users\/1"}],"replies":[{"embeddable":true,"href":"http:\/\/spmlodzawy.pl\/index.php\/wp-json\/wp\/v2\/comments?post=8990"}],"version-history":[{"count":4,"href":"http:\/\/spmlodzawy.pl\/index.php\/wp-json\/wp\/v2\/pages\/8990\/revisions"}],"predecessor-version":[{"id":11528,"href":"http:\/\/spmlodzawy.pl\/index.php\/wp-json\/wp\/v2\/pages\/8990\/revisions\/11528"}],"wp:attachment":[{"href":"http:\/\/spmlodzawy.pl\/index.php\/wp-json\/wp\/v2\/media?parent=8990"}],"curies":[{"name":"wp","href":"https:\/\/api.w.org\/{rel}","templated":true}]}}