{"id":12639,"date":"2019-05-22T19:19:22","date_gmt":"2019-05-22T17:19:22","guid":{"rendered":"http:\/\/spmlodzawy.pl\/?page_id=12639"},"modified":"2019-05-22T19:32:11","modified_gmt":"2019-05-22T17:32:11","slug":"procedury-bezpieczenstwa","status":"publish","type":"page","link":"https:\/\/spmlodzawy.pl\/index.php\/procedury-bezpieczenstwa\/","title":{"rendered":"Procedury bezpiecze\u0144stwa"},"content":{"rendered":"<h3 style=\"text-align: center;\"><strong><a href=\"http:\/\/spmlodzawy.pl\/wp-content\/uploads\/2019\/05\/PROCEDURY-INTERWENCYJNE.pdf\">PROCEDURY INTERWENCYJNE<\/a><\/strong><\/h3>\n<h3 style=\"text-align: center;\"><strong><a href=\"http:\/\/spmlodzawy.pl\/wp-content\/uploads\/2019\/05\/Procedury-post\u0119powania-komisji-wych..pdf\">Procedury post\u0119powania komisji wych.<\/a><\/strong><\/h3>\n<h3 style=\"text-align: center;\"><strong><a href=\"http:\/\/spmlodzawy.pl\/wp-content\/uploads\/2019\/05\/procedura_cyberprzemoc.pdf\">procedura_cyberprzemoc<\/a><\/strong><\/h3>\n<h3 style=\"text-align: center;\"><strong><a href=\"http:\/\/spmlodzawy.pl\/wp-content\/uploads\/2019\/05\/procedura_\u0142amanie-prawa-autorskiego.pdf\">procedura_\u0142amanie prawa autorskiego<\/a><\/strong><\/h3>\n<h3 style=\"text-align: center;\"><strong><a href=\"http:\/\/spmlodzawy.pl\/wp-content\/uploads\/2019\/05\/procedura_nadmierne-korzystanie-z-internetu.pdf\">procedura_nadmierne korzystanie z internetu<\/a><\/strong><\/h3>\n<h3 style=\"text-align: center;\"><strong><a href=\"http:\/\/spmlodzawy.pl\/wp-content\/uploads\/2019\/05\/procedura_naruszenie-prywatno\u015bci.pdf\">procedura_naruszenie prywatno\u015bci<\/a><\/strong><\/h3>\n<h3 style=\"text-align: center;\"><strong><a href=\"http:\/\/spmlodzawy.pl\/wp-content\/uploads\/2019\/05\/procedura_niebezpieczne-kontakty.pdf\">procedura_niebezpieczne kontakty<\/a><\/strong><\/h3>\n<h3 style=\"text-align: center;\"><strong><a href=\"http:\/\/spmlodzawy.pl\/wp-content\/uploads\/2019\/05\/procedura_seksting.pdf\">procedura_seksting<\/a><\/strong><\/h3>\n<h3 style=\"text-align: center;\"><strong><a href=\"http:\/\/spmlodzawy.pl\/wp-content\/uploads\/2019\/05\/procedura_tre\u015bci-szkodliwe....pdf\">procedura_tre\u015bci szkodliwe&#8230;<\/a><\/strong><\/h3>\n<h3 style=\"text-align: center;\"><strong><a href=\"http:\/\/spmlodzawy.pl\/wp-content\/uploads\/2019\/05\/procedura_tre\u015bci-szkodliwe.pdf\">procedura_tre\u015bci szkodliwe<\/a><\/strong><\/h3>\n<h3 style=\"text-align: center;\"><a href=\"http:\/\/spmlodzawy.pl\/wp-content\/uploads\/2019\/05\/procedura_zagro\u017cenie-sieci.pdf\"><strong>procedura_zagro\u017cenie sieci<\/strong><\/a><\/h3>\n","protected":false},"excerpt":{"rendered":"<p>PROCEDURY INTERWENCYJNE Procedury post\u0119powania komisji wych. procedura_cyberprzemoc procedura_\u0142amanie prawa autorskiego procedura_nadmierne korzystanie z internetu procedura_naruszenie prywatno\u015bci procedura_niebezpieczne kontakty procedura_seksting procedura_tre\u015bci szkodliwe&#8230; procedura_tre\u015bci szkodliwe procedura_zagro\u017cenie sieci<\/p>\n","protected":false},"author":1,"featured_media":0,"parent":0,"menu_order":0,"comment_status":"closed","ping_status":"closed","template":"","meta":[],"_links":{"self":[{"href":"https:\/\/spmlodzawy.pl\/index.php\/wp-json\/wp\/v2\/pages\/12639"}],"collection":[{"href":"https:\/\/spmlodzawy.pl\/index.php\/wp-json\/wp\/v2\/pages"}],"about":[{"href":"https:\/\/spmlodzawy.pl\/index.php\/wp-json\/wp\/v2\/types\/page"}],"author":[{"embeddable":true,"href":"https:\/\/spmlodzawy.pl\/index.php\/wp-json\/wp\/v2\/users\/1"}],"replies":[{"embeddable":true,"href":"https:\/\/spmlodzawy.pl\/index.php\/wp-json\/wp\/v2\/comments?post=12639"}],"version-history":[{"count":4,"href":"https:\/\/spmlodzawy.pl\/index.php\/wp-json\/wp\/v2\/pages\/12639\/revisions"}],"predecessor-version":[{"id":12659,"href":"https:\/\/spmlodzawy.pl\/index.php\/wp-json\/wp\/v2\/pages\/12639\/revisions\/12659"}],"wp:attachment":[{"href":"https:\/\/spmlodzawy.pl\/index.php\/wp-json\/wp\/v2\/media?parent=12639"}],"curies":[{"name":"wp","href":"https:\/\/api.w.org\/{rel}","templated":true}]}}