{"id":1630,"date":"2017-11-03T06:06:15","date_gmt":"2017-11-03T05:06:15","guid":{"rendered":"http:\/\/spmlodzawy.pl\/?page_id=1630"},"modified":"2025-09-11T12:54:58","modified_gmt":"2025-09-11T10:54:58","slug":"rada-rodzicow-2","status":"publish","type":"page","link":"https:\/\/spmlodzawy.pl\/index.php\/rada-rodzicow-2\/","title":{"rendered":"Rada Rodzic\u00f3w"},"content":{"rendered":"<h3><\/h3>\n<h3 style=\"text-align: center;\"><strong>Ma\u0142gorzata Swat \u2013 przewodnicz\u0105ca<\/strong><\/h3>\n<h3 style=\"text-align: center;\"><strong>Ma\u0142gorzata Kluz<\/strong> <strong>\u2013 zast\u0119pca przewodnicz\u0105cej<\/strong><\/h3>\n<h3 style=\"text-align: center;\"><strong>Anna B\u0142aszczyk\u00a0<\/strong> <strong>\u2013 skarbnik<\/strong><\/h3>\n<h3 style=\"text-align: center;\"><strong>Marlena Kwieci\u0144ska<\/strong><strong>\u00a0 \u2013 sekretarz<\/strong><\/h3>\n","protected":false},"excerpt":{"rendered":"<p>Ma\u0142gorzata Swat \u2013 przewodnicz\u0105ca Ma\u0142gorzata Kluz \u2013 zast\u0119pca przewodnicz\u0105cej Anna B\u0142aszczyk\u00a0 \u2013 skarbnik Marlena Kwieci\u0144ska\u00a0 \u2013 sekretarz<\/p>\n","protected":false},"author":1,"featured_media":0,"parent":0,"menu_order":0,"comment_status":"closed","ping_status":"closed","template":"","meta":[],"_links":{"self":[{"href":"https:\/\/spmlodzawy.pl\/index.php\/wp-json\/wp\/v2\/pages\/1630"}],"collection":[{"href":"https:\/\/spmlodzawy.pl\/index.php\/wp-json\/wp\/v2\/pages"}],"about":[{"href":"https:\/\/spmlodzawy.pl\/index.php\/wp-json\/wp\/v2\/types\/page"}],"author":[{"embeddable":true,"href":"https:\/\/spmlodzawy.pl\/index.php\/wp-json\/wp\/v2\/users\/1"}],"replies":[{"embeddable":true,"href":"https:\/\/spmlodzawy.pl\/index.php\/wp-json\/wp\/v2\/comments?post=1630"}],"version-history":[{"count":13,"href":"https:\/\/spmlodzawy.pl\/index.php\/wp-json\/wp\/v2\/pages\/1630\/revisions"}],"predecessor-version":[{"id":55311,"href":"https:\/\/spmlodzawy.pl\/index.php\/wp-json\/wp\/v2\/pages\/1630\/revisions\/55311"}],"wp:attachment":[{"href":"https:\/\/spmlodzawy.pl\/index.php\/wp-json\/wp\/v2\/media?parent=1630"}],"curies":[{"name":"wp","href":"https:\/\/api.w.org\/{rel}","templated":true}]}}