{"id":44831,"date":"2023-07-11T20:47:33","date_gmt":"2023-07-11T18:47:33","guid":{"rendered":"http:\/\/spmlodzawy.pl\/?page_id=44831"},"modified":"2026-04-22T13:35:37","modified_gmt":"2026-04-22T11:35:37","slug":"galeria-7","status":"publish","type":"page","link":"https:\/\/spmlodzawy.pl\/index.php\/galeria-7\/","title":{"rendered":"Galeria"},"content":{"rendered":"<p style=\"text-align: center;\"><a href=\"http:\/\/spmlodzawy.pl\/index.php\/uroczyste-rozpoczecie-roku-szkolnego-2025-2026\/\"><strong>Uroczyste rozpocz\u0119cie roku szkolnego 2025\/2026<\/strong><\/a><\/p>\n<p style=\"text-align: center;\"><strong><a href=\"http:\/\/spmlodzawy.pl\/index.php\/dzien-kropki-w-klasach-i-iii-3\/\">Dzie\u0144 Kropki w klasach I-III<\/a><\/strong><\/p>\n<p style=\"text-align: center;\"><a href=\"http:\/\/spmlodzawy.pl\/index.php\/dzien-przedszkolaka-4\/\"><strong>Dzie\u0144 Przedszkolaka<\/strong><\/a><\/p>\n<p style=\"text-align: center;\"><a href=\"http:\/\/spmlodzawy.pl\/index.php\/gry-i-zabawy-w-ramach-zajec-z-kodowania\/\"><strong>Gry i zabawy w ramach zaj\u0119\u0107 z kodowania<\/strong><\/a><\/p>\n<p style=\"text-align: center;\"><strong><a href=\"http:\/\/spmlodzawy.pl\/index.php\/dzien-sportu-w-przedszkolu\/\">Tydzie\u0144 Sportu w przedszkolu<\/a><\/strong><\/p>\n<p style=\"text-align: center;\"><a href=\"https:\/\/spmlodzawy.pl\/index.php\/europejski-tydzien-sportu-w-szkole\/\"><strong>Europejski Tydzie\u0144 Sportu w szkole<\/strong><\/a><\/p>\n<p style=\"text-align: center;\"><a href=\"http:\/\/spmlodzawy.pl\/index.php\/dzien-chlopaka-w-przedszkolu-3\/\"><strong>Dzie\u0144 Ch\u0142opaka w przedszkolu<\/strong><\/a><\/p>\n<p style=\"text-align: center;\"><strong><a href=\"http:\/\/spmlodzawy.pl\/index.php\/ogolnopolski-dzien-glosnego-czytania\/\">Og\u00f3lnopolski Dzie\u0144 G\u0142o\u015bnego Czytania<\/a><\/strong><\/p>\n<p style=\"text-align: center;\"><a href=\"https:\/\/spmlodzawy.pl\/index.php\/warsztaty-z-lego-w-przedszkolu\/\"><strong>Warsztaty z lego w przedszkolu<\/strong><\/a><\/p>\n<p style=\"text-align: center;\"><a href=\"https:\/\/spmlodzawy.pl\/index.php\/wizyta-zolnierzy-w-naszej-szkole\/\"><strong>Wizyta \u017co\u0142nierzy w naszej szkole<\/strong><\/a><\/p>\n<p style=\"text-align: center;\"><a href=\"https:\/\/spmlodzawy.pl\/index.php\/dzien-dyni-w-klasie-i\/\"><strong>Dzie\u0144 Dyni w klasie I<\/strong><\/a><\/p>\n<p style=\"text-align: center;\"><a href=\"https:\/\/spmlodzawy.pl\/index.php\/wizyta-zolnierzy-w-przedszkolu-2\/\"><strong>Wizyta \u017co\u0142nierzy w przedszkolu<\/strong><\/a><\/p>\n<p style=\"text-align: center;\"><a href=\"https:\/\/spmlodzawy.pl\/index.php\/wizyta-mikolaja-w-klasach-i-iii\/\"><strong>Wizyta Miko\u0142aja w klasach I-III<\/strong><\/a><\/p>\n<p style=\"text-align: center;\"><a href=\"https:\/\/spmlodzawy.pl\/index.php\/mikolaj-w-przedszkolu-6\/\"><strong>Miko\u0142aj w przedszkolu<\/strong><\/a><\/p>\n<p style=\"text-align: center;\"><a href=\"https:\/\/spmlodzawy.pl\/index.php\/dzien-babci-i-dziadka-7\/\"><strong>Dzie\u0144 Babci i Dziadka<\/strong><\/a><\/p>\n<p style=\"text-align: center;\"><a href=\"https:\/\/spmlodzawy.pl\/index.php\/bal-karnawalowy-w-przedszkolu-6\/\"><strong>Bal karnawa\u0142owy w przedszkolu<\/strong><\/a><\/p>\n<p style=\"text-align: center;\"><a href=\"https:\/\/spmlodzawy.pl\/index.php\/warsztaty-pieczenia-faworkow-z-udzialem-pan-z-kgw\/\"><strong>Warsztaty pieczenia fawork\u00f3w z udzia\u0142em pa\u0144 z KGW<\/strong><\/a><\/p>\n<p style=\"text-align: center;\"><a href=\"https:\/\/spmlodzawy.pl\/index.php\/dwudniowy-wyjazd-do-warszawy\/\"><strong>Dwudniowy wyjazd do Warszawy<\/strong><\/a><\/p>\n<p style=\"text-align: center;\"><a href=\"https:\/\/spmlodzawy.pl\/index.php\/projekt-matematyczny-w-przedszkolu-2\/\"><strong>Projekt matematyczny w przedszkolu<\/strong><\/a><\/p>\n<p style=\"text-align: center;\"><a href=\"https:\/\/spmlodzawy.pl\/index.php\/zajecia-przedszkolakow-w-ramach-projektu-mbanku\/\"><strong>Zaj\u0119cia przedszkolak\u00f3w w ramach projektu mBanku<\/strong><\/a><\/p>\n<p style=\"text-align: center;\"><a href=\"https:\/\/spmlodzawy.pl\/index.php\/zajecia-w-ramach-wystawy-interaktywnej-o-matmo\/\"><strong>Zaj\u0119cia w ramach wystawy interaktywnej &#8222;O matmo!&#8221;<\/strong><\/a><\/p>\n<p style=\"text-align: center;\"><strong><a href=\"https:\/\/spmlodzawy.pl\/index.php\/mali-poszukiwacze-matematyki-matematyczne-kanapki\/\">Mali Poszukiwacze Matematyki &#8211; matematyczne kanapki<\/a><\/strong><\/p>\n<p style=\"text-align: center;\"><a href=\"https:\/\/spmlodzawy.pl\/index.php\/przedszkolaki-robia-zakupy-w-ramach-projektu\/\"><strong>Przedszkolaki robi\u0105 zakupy w ramach projektu<\/strong><\/a><\/p>\n<p style=\"text-align: center;\"><a href=\"https:\/\/spmlodzawy.pl\/index.php\/natalka-i-antek-w-swiecie-wielkiej-matematyki-matematyka-w-przyrodzie\/\"><strong>&#8222;Natalka i Antek w \u015bwiecie wielkiej matematyki&#8221; &#8211; matematyka w przyrodzie<\/strong><\/a><\/p>\n","protected":false},"excerpt":{"rendered":"<p>Uroczyste rozpocz\u0119cie roku szkolnego 2025\/2026 Dzie\u0144 Kropki w klasach I-III Dzie\u0144 Przedszkolaka Gry i zabawy w ramach zaj\u0119\u0107 z kodowania Tydzie\u0144 Sportu w przedszkolu Europejski Tydzie\u0144 Sportu w szkole Dzie\u0144 Ch\u0142opaka w przedszkolu Og\u00f3lnopolski Dzie\u0144 G\u0142o\u015bnego Czytania Warsztaty z lego &hellip; <a href=\"https:\/\/spmlodzawy.pl\/index.php\/galeria-7\/\">Czytaj dalej <span class=\"meta-nav\">&rarr;<\/span><\/a><\/p>\n","protected":false},"author":1,"featured_media":0,"parent":0,"menu_order":0,"comment_status":"closed","ping_status":"closed","template":"","meta":[],"_links":{"self":[{"href":"https:\/\/spmlodzawy.pl\/index.php\/wp-json\/wp\/v2\/pages\/44831"}],"collection":[{"href":"https:\/\/spmlodzawy.pl\/index.php\/wp-json\/wp\/v2\/pages"}],"about":[{"href":"https:\/\/spmlodzawy.pl\/index.php\/wp-json\/wp\/v2\/types\/page"}],"author":[{"embeddable":true,"href":"https:\/\/spmlodzawy.pl\/index.php\/wp-json\/wp\/v2\/users\/1"}],"replies":[{"embeddable":true,"href":"https:\/\/spmlodzawy.pl\/index.php\/wp-json\/wp\/v2\/comments?post=44831"}],"version-history":[{"count":83,"href":"https:\/\/spmlodzawy.pl\/index.php\/wp-json\/wp\/v2\/pages\/44831\/revisions"}],"predecessor-version":[{"id":58407,"href":"https:\/\/spmlodzawy.pl\/index.php\/wp-json\/wp\/v2\/pages\/44831\/revisions\/58407"}],"wp:attachment":[{"href":"https:\/\/spmlodzawy.pl\/index.php\/wp-json\/wp\/v2\/media?parent=44831"}],"curies":[{"name":"wp","href":"https:\/\/api.w.org\/{rel}","templated":true}]}}