{"id":47492,"date":"2024-01-05T14:49:22","date_gmt":"2024-01-05T13:49:22","guid":{"rendered":"http:\/\/spmlodzawy.pl\/?page_id=47492"},"modified":"2026-04-18T09:29:00","modified_gmt":"2026-04-18T07:29:00","slug":"jadlospis","status":"publish","type":"page","link":"https:\/\/spmlodzawy.pl\/index.php\/jadlospis\/","title":{"rendered":"Sto\u0142\u00f3wka"},"content":{"rendered":"<h2 style=\"text-align: center;\"><em><strong>PRZEDSZKOLE<\/strong><\/em><\/h2>\n<p style=\"text-align: justify;\"><strong>Od 02 STYCZNIA 2024 roku <\/strong>op\u0142at\u0119 za obiady nale\u017cy wp\u0142aci\u0107 na wskazane konto bankowe:\u00a0 <strong>92 8509 0002 2001 0003 4470 0002<\/strong><\/p>\n<p><strong>W tytule przelewu nale\u017cy poda\u0107: imi\u0119 i nazwisko dziecka oraz miesi\u0105c, za kt\u00f3ry dokonywana jest p\u0142atno\u015b\u0107. <\/strong><\/p>\n<p>Dat\u0105 wp\u0142aty jest data wp\u0142ywu na rachunek bankowy szko\u0142y i przedszkola.<\/p>\n<p><strong>UWAGA !\u00a0 <u>WP\u0141ATY\u00a0 ZA STYCZE\u0143 PROSIMY DOKONA\u0106 DO 15.01.2024<\/u><\/strong><\/p>\n<ul style=\"text-align: justify;\">\n<li style=\"text-align: justify;\">Dziecko, u kt\u00f3rego wp\u0142ata w wyznaczonym terminie nie b\u0119dzie dokonana nie b\u0119dzie mog\u0142o korzysta\u0107 z obiad\u00f3w.<\/li>\n<li><strong>Odwo\u0142anie obiadu nale\u017cy zg\u0142asza\u0107 do wychowawcy grupy najp\u00f3\u017aniej do godz. 14:00 \u00a0w dniu poprzedzaj\u0105cym nieobecno\u015b\u0107. <\/strong><\/li>\n<li>Rodzice nie mog\u0105 sami odlicza\u0107 obiad\u00f3w bez wcze\u015bniejszego powiadomienia.<\/li>\n<\/ul>\n<p><strong>Za obiady, kt\u00f3re <u>nie zostan\u0105 <\/u>odwo\u0142ane nie b\u0119dzie dokonywany zwrot op\u0142aty.<\/strong><\/p>\n<p><img decoding=\"async\" loading=\"lazy\" class=\"alignnone wp-image-37287\" src=\"http:\/\/spmlodzawy.pl\/wp-content\/uploads\/2022\/06\/33-300x4.jpg\" alt=\"\" width=\"640\" height=\"9\" srcset=\"https:\/\/spmlodzawy.pl\/wp-content\/uploads\/2022\/06\/33-300x4.jpg 300w, https:\/\/spmlodzawy.pl\/wp-content\/uploads\/2022\/06\/33-768x10.jpg 768w, https:\/\/spmlodzawy.pl\/wp-content\/uploads\/2022\/06\/33-1024x14.jpg 1024w, https:\/\/spmlodzawy.pl\/wp-content\/uploads\/2022\/06\/33.jpg 1326w\" sizes=\"(max-width: 640px) 100vw, 640px\" \/><\/p>\n<p style=\"text-align: center;\"><strong>JAD\u0141OSPIS PRZEDSZKOLE<\/strong><\/p>\n<p><span style=\"text-decoration: underline;\"><strong>Poniedzia\u0142ek 20.04.2026<\/strong><\/span><br \/>\n<strong><em>\u015aniadanie<\/em><\/strong><br \/>\n\u2022 Pieczywo z mas\u0142em 82%, szynka, jajko gotowane, sa\u0142ata zielona, pomidor, papryka, d\u017cem (1,2,7,15)<br \/>\n\u2022 Herbata z miodem i cytryn\u0105<br \/>\n<em><strong>Obiad<\/strong><\/em><br \/>\n\u2022 Barszcz ukrai\u0144ski z ziemniakami (1,2,6)<br \/>\n\u2022 Knedle ze \u015bliwk\u0105, mas\u0142em i cukrem (1,2,3)<br \/>\n\u2022 Owoc<br \/>\n\u2022 Kompot z truskawek<br \/>\n<em><strong>Podwieczorek<\/strong><\/em><br \/>\n\u2022 Frytki z piekarnika z ketchupem, jab\u0142ko (1,2)<\/p>\n<p><span style=\"text-decoration: underline;\"><strong>Wtorek 21.04.2026<\/strong><\/span><br \/>\n<strong><em>\u015aniadanie<\/em><\/strong><br \/>\n\u2022 P\u0142atki kukurydziane z mlekiem (1,2,8)<br \/>\n\u2022 Owoc<br \/>\n<em><strong>Obiad<\/strong><\/em><br \/>\n\u2022 Zupa fasolowa z \u0142azankami (1,2,3,6)<br \/>\n\u2022 Kotlet mielony, ziemniaki puree, buraczki czerwone (1,2,3)<br \/>\n\u2022 Woda z miodem i cytryn\u0105<br \/>\n<em><strong>Podwieczorek<\/strong> <\/em><br \/>\n\u2022 Chrupki kukurydziane, serek waniliowy (1,2)<\/p>\n<p><span style=\"text-decoration: underline;\"><strong>\u015aroda 22.04.2026<\/strong><\/span><br \/>\n<em><strong>\u015aniadanie<\/strong><\/em><br \/>\n\u2022 Pieczywo mieszane z mas\u0142em 82%, szynka, jajecznica na ma\u015ble, sa\u0142ata zielona , papryka, pomidor, og\u00f3rek \u015bwie\u017cy (1,2,7,15)<br \/>\n\u2022 Herbata owocowa<br \/>\n<em><strong>Obiad<\/strong><\/em><br \/>\n\u2022 Zupa broku\u0142owa z ziemniakami (1,2,6)<br \/>\n\u2022 Filet z piersi kurczaka, makaron w sosie \u015bmietanowo-serowym (1,2,3)<br \/>\n\u2022 Owoc<br \/>\n\u2022 Kompot wieloowocowy<br \/>\n<em><strong>Podwieczorek<\/strong> <\/em><br \/>\n\u2022 Biszkopt, banan (1,2)<\/p>\n<p><span style=\"text-decoration: underline;\"><strong>Czwartek 23.04.2026<\/strong><\/span><br \/>\n<em><strong>\u015aniadanie<\/strong><\/em><br \/>\n\u2022 Pieczywo mieszane z mas\u0142em 82%, sa\u0142ata zielona, pasztet , ser \u017c\u00f3\u0142ty, pomidor, og\u00f3rek \u015bwie\u017cy, papryka czerwona, d\u017cem (1,2,7,15)<br \/>\n\u2022 Herbata z miodem i cytryn\u0105, kawa zbo\u017cowa (2)<br \/>\n<em><strong>Obiad<\/strong><\/em><br \/>\n\u2022 Ros\u00f3\u0142 z makaronem (1,6)<br \/>\n\u2022 Pa\u0142ka z kurczaka, ziemniaki puree, marchewka z jab\u0142kiem i pomara\u0144cz\u0105 (1,2,3)<br \/>\n\u2022 Herbata owocowa<br \/>\n<em><strong>Podwieczorek<\/strong> <\/em><br \/>\n\u2022 Mini p\u0105czek, owoc (1,2)<\/p>\n<p><span style=\"text-decoration: underline;\"><strong>Pi\u0105tek 24.04.2026<\/strong><\/span><br \/>\n<em><strong>\u015aniadanie<\/strong><\/em><br \/>\n\u2022 Pieczywo mieszane z mas\u0142em 82%,, sa\u0142ata zielona, pomidor, papryka czerwona, og\u00f3rek, makrela w pomidorach, serek waniliowy, d\u017cem (1,2,3,4,7,15)<br \/>\n\u2022 Herbata owocowa<br \/>\n<em><strong>Obiad<\/strong><\/em><br \/>\n\u2022 Zupa zalewajka z ziemniakami (1,2,6)<br \/>\n\u2022 Ry\u017c z jab\u0142kiem pra\u017conym i cynamonem (1,2)<br \/>\n\u2022 Kompot z truskawek<br \/>\n<em><strong>Podwieczorek<\/strong><\/em><br \/>\n\u2022 Jogurt pitny, owoc (2)<\/p>\n<p style=\"text-align: justify;\"><em>Do przygotowania posi\u0142k\u00f3w u\u017cywane s\u0105 przyprawy: pieprz, pieprz zio\u0142owy, lubczyk, ziele angielskie, li\u015b\u0107 laurowy, majeranek, oregano, bazylia, papryka s\u0142odka, s\u00f3l nisko sodowana.<\/em><\/p>\n<p style=\"text-align: center;\"><em>JAD\u0141OSPIS MO\u017bE ULEC ZMIANIE<\/em><\/p>\n<p style=\"text-align: center;\"><a href=\"http:\/\/spmlodzawy.pl\/wp-content\/uploads\/2024\/01\/Alergeny.pdf\"><em><strong>INFORMACJA O ALERGENACH I PRODUKTACH POWODUJ\u0104CYCH NIETOLERANCJE POKARMOWE<\/strong><\/em><\/a><\/p>\n<p><img decoding=\"async\" loading=\"lazy\" class=\"alignnone wp-image-37287\" src=\"http:\/\/spmlodzawy.pl\/wp-content\/uploads\/2022\/06\/33-300x4.jpg\" alt=\"\" width=\"640\" height=\"9\" srcset=\"https:\/\/spmlodzawy.pl\/wp-content\/uploads\/2022\/06\/33-300x4.jpg 300w, https:\/\/spmlodzawy.pl\/wp-content\/uploads\/2022\/06\/33-768x10.jpg 768w, https:\/\/spmlodzawy.pl\/wp-content\/uploads\/2022\/06\/33-1024x14.jpg 1024w, https:\/\/spmlodzawy.pl\/wp-content\/uploads\/2022\/06\/33.jpg 1326w\" sizes=\"(max-width: 640px) 100vw, 640px\" \/><\/p>\n<h2 style=\"text-align: center;\"><span style=\"color: #106110;\"><em><strong>SZKO\u0141A<\/strong><\/em><\/span><\/h2>\n<p style=\"text-align: justify;\"><strong>Od 02 STYCZNIA 2024 roku <\/strong>op\u0142at\u0119 za obiady nale\u017cy wp\u0142aci\u0107 na wskazane konto bankowe:\u00a0 <strong>92 8509 0002 2001 0003 4470 0002<\/strong><\/p>\n<p style=\"text-align: justify;\"><strong>W tytule przelewu nale\u017cy poda\u0107: imi\u0119 i nazwisko ucznia oraz miesi\u0105c, za kt\u00f3ry dokonywana jest p\u0142atno\u015b\u0107. <\/strong><\/p>\n<p>Dat\u0105 wp\u0142aty jest data wp\u0142ywu na rachunek bankowy szko\u0142y i przedszkola.<\/p>\n<p><strong>UWAGA !\u00a0 <u>WP\u0141ATY\u00a0 ZA STYCZE\u0143 PROSIMY DOKONA\u0106 DO 15.01.2024<\/u><\/strong><\/p>\n<ul style=\"text-align: justify;\">\n<li>Dziecko, u kt\u00f3rego wp\u0142ata w wyznaczonym terminie nie b\u0119dzie dokonana nie b\u0119dzie mog\u0142o korzysta\u0107 z obiad\u00f3w.<\/li>\n<li><strong>Odwo\u0142anie obiadu mo\u017cna zg\u0142asza\u0107 najp\u00f3\u017aniej do godz. 14:00 \u00a0w dniu poprzedzaj\u0105cym nieobecno\u015b\u0107 &#8211; telefonicznie pod nr tel. 723-486-827. <\/strong><\/li>\n<li>Rodzice nie mog\u0105 sami odlicza\u0107 obiad\u00f3w bez wcze\u015bniejszego powiadomienia.<\/li>\n<\/ul>\n<p><strong>Za obiady, kt\u00f3re <u>nie zostan\u0105 <\/u>odwo\u0142ane nie b\u0119dzie dokonywany zwrot op\u0142aty.<\/strong><\/p>\n<p>Je\u017celi nast\u0119puje rezygnacja z wy\u017cywienia, rodzic powinien poinformowa\u0107 o tym szko\u0142\u0119 przed ko\u0144cem miesi\u0105ca.<\/p>\n<p><img decoding=\"async\" loading=\"lazy\" class=\"alignnone wp-image-37287\" src=\"http:\/\/spmlodzawy.pl\/wp-content\/uploads\/2022\/06\/33-300x4.jpg\" alt=\"\" width=\"640\" height=\"9\" srcset=\"https:\/\/spmlodzawy.pl\/wp-content\/uploads\/2022\/06\/33-300x4.jpg 300w, https:\/\/spmlodzawy.pl\/wp-content\/uploads\/2022\/06\/33-768x10.jpg 768w, https:\/\/spmlodzawy.pl\/wp-content\/uploads\/2022\/06\/33-1024x14.jpg 1024w, https:\/\/spmlodzawy.pl\/wp-content\/uploads\/2022\/06\/33.jpg 1326w\" sizes=\"(max-width: 640px) 100vw, 640px\" \/><\/p>\n<p style=\"text-align: center;\"><strong>\u00a0JAD\u0141OSPIS SZKO\u0141A <\/strong><\/p>\n<p><span style=\"text-decoration: underline;\"><strong>Poniedzia\u0142ek 20.04.2026<\/strong><\/span><br \/>\n<strong><em>Obiad<\/em><\/strong><br \/>\n\u2022 Barszcz ukrai\u0144ski z ziemniakami (1,2,6)<br \/>\n\u2022 Knedle ze \u015bliwk\u0105, mas\u0142em i cukrem (1,2,3)<br \/>\n\u2022 Owoc<br \/>\n\u2022 Kompot z truskawek<\/p>\n<p><span style=\"text-decoration: underline;\"><strong>Wtorek 21.04.2026<\/strong><\/span><br \/>\n<em><strong>Obiad<\/strong><\/em><br \/>\n\u2022 Zupa fasolowa z \u0142azankami (1,2,3,6)<br \/>\n\u2022 Kotlet mielony, ziemniaki puree, buraczki czerwone (1,2,3)<br \/>\n\u2022 Woda z miodem i cytryn\u0105<\/p>\n<p><span style=\"text-decoration: underline;\"><strong>\u015aroda 22.04.2026<\/strong><\/span><br \/>\n<strong><em>Obiad<\/em><\/strong><br \/>\n\u2022 Zupa broku\u0142owa z ziemniakami (1,2,6)<br \/>\n\u2022 Filet z piersi kurczaka, makaron w sosie \u015bmietanowo-serowym (1,2,3)<br \/>\n\u2022 Owoc<br \/>\n\u2022 Kompot wieloowocowy<\/p>\n<p><span style=\"text-decoration: underline;\"><strong>Czwartek 23.04.2026<\/strong><\/span><br \/>\n<em><strong>Obiad<\/strong><\/em><br \/>\n\u2022 Ros\u00f3\u0142 z makaronem (1,6)<br \/>\n\u2022 Pa\u0142ka z kurczaka, ziemniaki puree, marchewka z jab\u0142kiem i pomara\u0144cz\u0105 (1,2,3)<br \/>\n\u2022 Herbata owocowa<\/p>\n<p><span style=\"text-decoration: underline;\"><strong>Pi\u0105tek 24.04.2026<\/strong><\/span><br \/>\n<em><strong>Obiad<\/strong><\/em><br \/>\n\u2022 Zupa zalewajka z ziemniakami (1,2,6)<br \/>\n\u2022 Ry\u017c z jab\u0142kiem pra\u017conym i cynamonem (1,2)<br \/>\n\u2022 Kompot z truskawek<\/p>\n<p><em>Do przygotowania posi\u0142k\u00f3w u\u017cywane s\u0105 przyprawy: pieprz, pieprz zio\u0142owy, lubczyk, ziele angielskie, li\u015b\u0107 laurowy, majeranek, oregano, bazylia, papryka s\u0142odka, s\u00f3l nisko sodowana.<\/em><\/p>\n<p style=\"text-align: center;\"><em>JAD\u0141OSPIS MO\u017bE ULEC ZMIANIE<\/em><\/p>\n<p style=\"text-align: center;\"><a href=\"http:\/\/spmlodzawy.pl\/wp-content\/uploads\/2024\/01\/Alergeny.pdf\"><em><strong>INFORMACJA O ALERGENACH I PRODUKTACH POWODUJ\u0104CYCH NIETOLERANCJE POKARMOWE<\/strong><\/em><\/a><\/p>\n<p><img decoding=\"async\" loading=\"lazy\" class=\"alignnone wp-image-37287\" src=\"http:\/\/spmlodzawy.pl\/wp-content\/uploads\/2022\/06\/33-300x4.jpg\" alt=\"\" width=\"640\" height=\"9\" srcset=\"https:\/\/spmlodzawy.pl\/wp-content\/uploads\/2022\/06\/33-300x4.jpg 300w, https:\/\/spmlodzawy.pl\/wp-content\/uploads\/2022\/06\/33-768x10.jpg 768w, https:\/\/spmlodzawy.pl\/wp-content\/uploads\/2022\/06\/33-1024x14.jpg 1024w, https:\/\/spmlodzawy.pl\/wp-content\/uploads\/2022\/06\/33.jpg 1326w\" sizes=\"(max-width: 640px) 100vw, 640px\" \/><\/p>\n","protected":false},"excerpt":{"rendered":"<p>PRZEDSZKOLE Od 02 STYCZNIA 2024 roku op\u0142at\u0119 za obiady nale\u017cy wp\u0142aci\u0107 na wskazane konto bankowe:\u00a0 92 8509 0002 2001 0003 4470 0002 W tytule przelewu nale\u017cy poda\u0107: imi\u0119 i nazwisko dziecka oraz miesi\u0105c, za kt\u00f3ry dokonywana jest p\u0142atno\u015b\u0107. Dat\u0105 wp\u0142aty &hellip; <a href=\"https:\/\/spmlodzawy.pl\/index.php\/jadlospis\/\">Czytaj dalej <span class=\"meta-nav\">&rarr;<\/span><\/a><\/p>\n","protected":false},"author":1,"featured_media":0,"parent":0,"menu_order":0,"comment_status":"closed","ping_status":"closed","template":"","meta":[],"_links":{"self":[{"href":"https:\/\/spmlodzawy.pl\/index.php\/wp-json\/wp\/v2\/pages\/47492"}],"collection":[{"href":"https:\/\/spmlodzawy.pl\/index.php\/wp-json\/wp\/v2\/pages"}],"about":[{"href":"https:\/\/spmlodzawy.pl\/index.php\/wp-json\/wp\/v2\/types\/page"}],"author":[{"embeddable":true,"href":"https:\/\/spmlodzawy.pl\/index.php\/wp-json\/wp\/v2\/users\/1"}],"replies":[{"embeddable":true,"href":"https:\/\/spmlodzawy.pl\/index.php\/wp-json\/wp\/v2\/comments?post=47492"}],"version-history":[{"count":104,"href":"https:\/\/spmlodzawy.pl\/index.php\/wp-json\/wp\/v2\/pages\/47492\/revisions"}],"predecessor-version":[{"id":58309,"href":"https:\/\/spmlodzawy.pl\/index.php\/wp-json\/wp\/v2\/pages\/47492\/revisions\/58309"}],"wp:attachment":[{"href":"https:\/\/spmlodzawy.pl\/index.php\/wp-json\/wp\/v2\/media?parent=47492"}],"curies":[{"name":"wp","href":"https:\/\/api.w.org\/{rel}","templated":true}]}}