{"id":48366,"date":"2024-03-12T12:32:41","date_gmt":"2024-03-12T11:32:41","guid":{"rendered":"http:\/\/spmlodzawy.pl\/?page_id=48366"},"modified":"2024-03-14T17:20:45","modified_gmt":"2024-03-14T16:20:45","slug":"standardy-ochrony-maloletnich","status":"publish","type":"page","link":"https:\/\/spmlodzawy.pl\/index.php\/standardy-ochrony-maloletnich\/","title":{"rendered":"Standardy Ochrony Ma\u0142oletnich"},"content":{"rendered":"<h2><\/h2>\n<p style=\"text-align: center;\"><em><strong><a href=\"http:\/\/spmlodzawy.pl\/wp-content\/uploads\/2024\/03\/STANDARDY-OCHRONY-MALOLETNICH_SP-Mlodzawy.doc.pdf\">STANDARDY OCHRONY MA\u0141OLETNICH W SZKOLE PODSTAWOWEJ W <\/a><a href=\"http:\/\/spmlodzawy.pl\/wp-content\/uploads\/2024\/03\/STANDARDY-OCHRONY-MALOLETNICH_SP-Mlodzawy.doc.pdf\">M\u0141OD<\/a><a href=\"http:\/\/spmlodzawy.pl\/wp-content\/uploads\/2024\/03\/STANDARDY-OCHRONY-MALOLETNICH_SP-Mlodzawy.doc.pdf\">ZAWACH<\/a><\/strong><\/em><\/p>\n<p style=\"text-align: center;\"><a href=\"http:\/\/spmlodzawy.pl\/wp-content\/uploads\/2024\/03\/standardy-ochrony-maloetnich-gazetka-dla-IV-VIII-1.pdf\"><strong>Standardy ochrony ma\u0142oletnich w szkole (informacje dla uczni\u00f3w)<\/strong><\/a><\/p>\n<p style=\"text-align: center;\"><em><strong><a href=\"http:\/\/spmlodzawy.pl\/wp-content\/uploads\/2024\/03\/STANDARDY-OCHRONY-MALOLETNICH_PRZEDSZKOLE.doc.pdf\">STANDARDY OCHRONY MA\u0141OLETNICH W PRZEDSZKOLU W M\u0141ODZAWACH<\/a><\/strong><\/em><\/p>\n<p>&nbsp;<\/p>\n<p style=\"text-align: justify;\"><em><strong>Standardy ochrony ma\u0142oletnich<\/strong><\/em><\/p>\n<p style=\"text-align: justify;\">Nowelizacja Kodeksu rodzinnego i opieku\u0144czego (Dz.U. 2023 poz. 1606) okre\u015bli\u0142a warunki skutecznej ochrony ma\u0142oletnich przed r\u00f3\u017cnymi formami przemocy. Wprowadzone zmiany wskazuj\u0105 na potrzeb\u0119 opracowania jasnych i sp\u00f3jnych standard\u00f3w post\u0119powania w sytuacjach podejrzenia krzywdzenia lub krzywdzenia ma\u0142oletnich.<\/p>\n<p style=\"text-align: justify;\"><strong>\u201eStandardy ochrony ma\u0142oletnich\u201d<\/strong> s\u0105 jednym z element\u00f3w systemowego rozwi\u0105zania ochrony ma\u0142oletnich przed krzywdzeniem i stanowi\u0105 form\u0119 zabezpieczenia ich praw. Nale\u017cy je traktowa\u0107 jako jedno z narz\u0119dzi wzmacniaj\u0105cych i u\u0142atwiaj\u0105cych skuteczniejsz\u0105 ochron\u0119 uczni\u00f3w przed krzywdzeniem.<\/p>\n<p style=\"text-align: justify;\"><strong>W konstruowaniu \u201eStandard\u00f3w ochrony ma\u0142oletnich\u201d przyj\u0119to nast\u0119puj\u0105ce za\u0142o\u017cenia:<\/strong><\/p>\n<ul style=\"text-align: justify;\">\n<li>w Szkole Podstawowej i w Przedszkolu w M\u0142odzawach nie s\u0105 zatrudniane osoby mog\u0105ce zagra\u017ca\u0107 bezpiecze\u0144stwu ma\u0142oletnich,<\/li>\n<li>wszyscy pracownicy potrafi\u0105 zdiagnozowa\u0107 symptomy krzywdzenia ma\u0142oletniego oraz podejmowa\u0107 interwencje w przypadku podejrzenia, \u017ce ma\u0142oletni jest ofiar\u0105 przemocy w szkole lub przemocy domowej,<\/li>\n<li>podejmowane w szkole post\u0119powania nie mog\u0105 narusza\u0107 praw dziecka, praw cz\u0142owieka, praw ucznia okre\u015blonych w statucie szko\u0142y oraz bezpiecze\u0144stwa danych osobowych,<\/li>\n<li>ma\u0142oletni wiedz\u0105, jak unika\u0107 zagro\u017ce\u0144 w kontaktach z doros\u0142ymi i r\u00f3wie\u015bnikami,<\/li>\n<li>ma\u0142oletni wiedz\u0105, do kogo zwraca\u0107 si\u0119 o pomoc w sytuacjach dla nich trudnych i czyni\u0105 to maj\u0105c \u015bwiadomo\u015b\u0107 skuteczno\u015bci podejmowanych w szkole dzia\u0142a\u0144,<\/li>\n<li>rodzice poszerzaj\u0105 wiedz\u0119 i umiej\u0119tno\u015bci o metodach wychowania dziecka bez stosowania przemocy oraz potrafi\u0105 je uczy\u0107 zasad bezpiecze\u0144stwa.<\/li>\n<\/ul>\n<p style=\"text-align: justify;\">Ponadto przyj\u0119to, \u017ce:<\/p>\n<ul style=\"text-align: justify;\">\n<li>prowadzone w Szkole Podstawowej i w Przedszkolu w M\u0142odzawach post\u0119powanie na wypadek krzywdzenia lub podejrzenia krzywdzenia ma\u0142oletnich jest zorganizowane w spos\u00f3b zapewniaj\u0105cy im skuteczn\u0105 ochron\u0119,<\/li>\n<li>dzia\u0142ania podejmowane w ramach ochrony ma\u0142oletnich przed krzywdzeniem s\u0105 dokumentowane oraz monitorowane i poddawane okresowej weryfikacji przy udziale wszystkich zainteresowanych podmiot\u00f3w.<\/li>\n<\/ul>\n<p style=\"text-align: justify;\">Uwzgl\u0119dniaj\u0105c powy\u017csze za\u0142o\u017cenia niniejsze dokumenty okre\u015blaj\u0105 zatem standardy ochrony ma\u0142oletnich, stanowi\u0105ce zbi\u00f3r zasad i procedur post\u0119powania w sytuacjach zagro\u017cenia ich bezpiecze\u0144stwa. Ich najwa\u017cniejszym celem jest ochrona ma\u0142oletnich przed r\u00f3\u017cnymi formami przemocy oraz budowanie bezpiecznego i przyjaznego \u015brodowiska w szkole i w przedszkolu.<\/p>\n<p style=\"text-align: justify;\"><strong>UWAGA-WA\u017bNE!!!<\/strong><\/p>\n<p style=\"text-align: justify;\"><strong>Prawo zabrania stosowania przemocy i krzywdzenia swoich bliskich. Je\u017celi Ty lub kto\u015b z Twoich bliskich jest osob\u0105 doznaj\u0105c\u0105 przemocy domowej, nie wstyd\u017a si\u0119 prosi\u0107 o pomoc. Wezwij Policj\u0119,<\/strong> <strong>dzwoni\u0105c na numer alarmowy 112. Prawo stoi po Twojej stronie!\u00a0<\/strong><\/p>\n<p style=\"text-align: justify;\"><strong>Masz prawo do z\u0142o\u017cenia zawiadomienia o pope\u0142nieniu przest\u0119pstwa z u\u017cyciem przemocy domowej do Prokuratury, Policji.<\/strong><\/p>\n<p style=\"text-align: justify;\"><strong>Mo\u017cesz tak\u017ce zwr\u00f3ci\u0107 si\u0119 po pomoc do podmiot\u00f3w i organizacji realizuj\u0105cych dzia\u0142ania na rzecz przeciwdzia\u0142ania przemocy domowej.<\/strong><\/p>\n<p style=\"text-align: justify;\"><strong>Pomog\u0105 Ci:<\/strong><\/p>\n<ul style=\"text-align: justify;\">\n<li><strong>O\u015brodki pomocy spo\u0142ecznej <\/strong>\u2013 w sprawach socjalnych, bytowych i prawnych.<\/li>\n<li><strong>Powiatowe Centrum Pomocy Rodzinie <\/strong>\u2013 w zakresie prawnym, socjalnym, terapeutycznym lub udziel\u0105 informacji na temat instytucji lokalnie dzia\u0142aj\u0105cych w tym zakresie w Twojej miejscowo\u015bci<strong>.<\/strong><\/li>\n<li><strong>O\u015brodki interwencji kryzysowej i O\u015brodki wsparcia <\/strong>\u2013 zapewniaj\u0105c schronienie Tobie i Twoim bliskim, gdy doznajesz przemocy domowej, udziel\u0105 Ci pomocy i wsparcia w przezwyci\u0119\u017ceniu sytuacji kryzysowej, a tak\u017ce opracuj\u0105 plan pomocy.<\/li>\n<li><strong>Specjalistyczne o\u015brodki wsparcia dla os\u00f3b doznaj\u0105cych przemocy domowej <\/strong>\u2013 zapewniaj\u0105c bezp\u0142atne ca\u0142odobowe schronienie Tobie i Twoim bliskim, gdy doznajesz przemocy domowej, oraz udziel\u0105 Ci kompleksowej, specjalistycznej pomocy w zakresie interwencyjnym, terapeutyczno-wspomagaj\u0105cym oraz potrzeb bytowych.<\/li>\n<li><strong>Okr\u0119gowe o\u015brodki i lokalne punkty dzia\u0142aj\u0105ce w ramach Sieci Pomocy Pokrzywdzonym Przest\u0119pstwem<\/strong> \u2013 zapewniaj\u0105c profesjonaln\u0105, kompleksow\u0105 i bezp\u0142atn\u0105 pomoc prawn\u0105, psychologiczn\u0105, psychoterapeutyczn\u0105 i materialn\u0105.<\/li>\n<li><strong>S\u0105dy opieku\u0144cze <\/strong>\u2013 w sprawach opieku\u0144czych i alimentacyjnych.<\/li>\n<li><strong>Plac\u00f3wki ochrony zdrowia <\/strong>\u2013 np. uzyska\u0107 za\u015bwiadczenie lekarskie o doznanych obra\u017ceniach.<\/li>\n<li><strong>Komisje rozwi\u0105zywania problem\u00f3w alkoholowych <\/strong>\u2013 podejmuj\u0105c dzia\u0142ania wobec osoby nadu\u017cywaj\u0105cej alkoholu.<\/li>\n<li><strong>Punkty nieodp\u0142atnej pomocy prawnej <\/strong>\u2013 w zakresie uzyskania pomocy prawnej.<\/li>\n<\/ul>\n<p style=\"text-align: justify;\"><strong>Mo\u017cesz zadzwoni\u0107 do:<\/strong><\/p>\n<ul style=\"text-align: justify;\">\n<li><strong>Og\u00f3lnopolskiego Pogotowia dla Ofiar Przemocy w Rodzinie \u201eNiebieska Linia\u201d tel. 800 12 00 02 <\/strong>(linia ca\u0142odobowa i bezp\u0142atna), w poniedzia\u0142ki w godz. 18<sup>00<\/sup>\u201322<sup>00<\/sup> mo\u017cna rozmawia\u0107 z konsultantem w j\u0119zyku angielskim, a we wtorki w godz. 18<sup>00<\/sup>\u201322<sup>00<\/sup> w j\u0119zyku rosyjskim.<strong><br \/>\nDy\u017cur prawny<\/strong> <strong>(22) 666 28 50 <\/strong>(linia p\u0142atna, czynna w poniedzia\u0142ek i wtorek w godzinach 17<sup>00<\/sup>\u201321<sup>00<\/sup>) oraz <strong> 800 12 00 02 <\/strong>(linia bezp\u0142atna, czynna w \u015brod\u0119 w godzinach 18<sup>00<\/sup>\u201322<sup>00<\/sup>). <strong>Poradnia e-mailowa: <\/strong>niebieskalinia@niebieskalinia.info. Cz\u0142onkowie rodzin z problemem przemocy i problemem alkoholowym mog\u0105 skonsultowa\u0107 si\u0119 tak\u017ce przez <strong>SKYPE: pogotowie.niebieska.linia<\/strong> ze specjalist\u0105 z zakresu przeciwdzia\u0142ania przemocy w rodzinie \u2013 konsultanci pos\u0142uguj\u0105 si\u0119 j\u0119zykiem migowym.<\/li>\n<li><strong>Og\u00f3lnokrajowej Linii Pomocy Pokrzywdzonym tel. +48 222 309 900 <\/strong>przez ca\u0142\u0105 dob\u0119 mo\u017cna anonimowo uzyska\u0107 informacje o mo\u017cliwo\u015bci uzyskania pomocy, szybk\u0105 porad\u0119 psychologiczn\u0105 i prawn\u0105, a tak\u017ce um\u00f3wi\u0107 si\u0119 na spotkanie ze specjalistami w dowolnym miejscu na terenie Polski. Mo\u017cliwe s\u0105 konsultacje w j\u0119zykach obcych oraz w j\u0119zyku migowym.<\/li>\n<li><strong>Policyjny telefon zaufania dla os\u00f3b doznaj\u0105cych przemocy domowej nr 800 120 226 <\/strong>(linia bezp\u0142atna przy po\u0142\u0105czeniu z telefon\u00f3w stacjonarnych, czynna codziennie w godzinach od 9<sup>30<\/sup> do 15<sup>30<\/sup>, od godz. 15<sup>30<\/sup> do 9<sup>30<\/sup> w\u0142\u0105czony jest automat).<\/li>\n<\/ul>\n<p style=\"text-align: justify;\">\n","protected":false},"excerpt":{"rendered":"<p>STANDARDY OCHRONY MA\u0141OLETNICH W SZKOLE PODSTAWOWEJ W M\u0141ODZAWACH Standardy ochrony ma\u0142oletnich w szkole (informacje dla uczni\u00f3w) STANDARDY OCHRONY MA\u0141OLETNICH W PRZEDSZKOLU W M\u0141ODZAWACH &nbsp; Standardy ochrony ma\u0142oletnich Nowelizacja Kodeksu rodzinnego i opieku\u0144czego (Dz.U. 2023 poz. 1606) okre\u015bli\u0142a warunki skutecznej ochrony &hellip; <a href=\"https:\/\/spmlodzawy.pl\/index.php\/standardy-ochrony-maloletnich\/\">Czytaj dalej <span class=\"meta-nav\">&rarr;<\/span><\/a><\/p>\n","protected":false},"author":1,"featured_media":0,"parent":0,"menu_order":0,"comment_status":"closed","ping_status":"closed","template":"","meta":[],"_links":{"self":[{"href":"https:\/\/spmlodzawy.pl\/index.php\/wp-json\/wp\/v2\/pages\/48366"}],"collection":[{"href":"https:\/\/spmlodzawy.pl\/index.php\/wp-json\/wp\/v2\/pages"}],"about":[{"href":"https:\/\/spmlodzawy.pl\/index.php\/wp-json\/wp\/v2\/types\/page"}],"author":[{"embeddable":true,"href":"https:\/\/spmlodzawy.pl\/index.php\/wp-json\/wp\/v2\/users\/1"}],"replies":[{"embeddable":true,"href":"https:\/\/spmlodzawy.pl\/index.php\/wp-json\/wp\/v2\/comments?post=48366"}],"version-history":[{"count":13,"href":"https:\/\/spmlodzawy.pl\/index.php\/wp-json\/wp\/v2\/pages\/48366\/revisions"}],"predecessor-version":[{"id":48446,"href":"https:\/\/spmlodzawy.pl\/index.php\/wp-json\/wp\/v2\/pages\/48366\/revisions\/48446"}],"wp:attachment":[{"href":"https:\/\/spmlodzawy.pl\/index.php\/wp-json\/wp\/v2\/media?parent=48366"}],"curies":[{"name":"wp","href":"https:\/\/api.w.org\/{rel}","templated":true}]}}