{"id":48401,"date":"2024-03-13T14:56:55","date_gmt":"2024-03-13T13:56:55","guid":{"rendered":"http:\/\/spmlodzawy.pl\/?page_id=48401"},"modified":"2025-03-19T15:46:52","modified_gmt":"2025-03-19T14:46:52","slug":"deklaracja-dostepnosci","status":"publish","type":"page","link":"https:\/\/spmlodzawy.pl\/index.php\/deklaracja-dostepnosci\/","title":{"rendered":"Deklaracja dost\u0119pno\u015bci"},"content":{"rendered":"<p style=\"text-align: justify;\"><strong>DEKLARACJA DOST\u0118PNO\u015aCI<\/strong><\/p>\n<p><a href=\"http:\/\/spmlodzawy.pl\/wp-content\/uploads\/2025\/03\/Raport-o-stanie-dostepnosci_SP-w-Mlodzawach.pdf\"><strong>Raport o stanie dost\u0119pno\u015bci &#8211; Szko\u0142a Podstawowa w M\u0142odzawach<\/strong><\/a><\/p>\n<p><strong><a href=\"http:\/\/spmlodzawy.pl\/wp-content\/uploads\/2025\/03\/Raport-o-stanie-dostepnosci_Przedszkole-w-Mlodzawach.pdf\">Raport o stanie dost\u0119pno\u015bci &#8211; Przedszkole w M\u0142odzawach<\/a><\/strong><\/p>\n<p style=\"text-align: justify;\"><strong>31.03.2020<\/strong><\/p>\n<p style=\"text-align: justify;\"><strong>Deklaracja dost\u0119pno\u015bci <\/strong><br \/>\nSzko\u0142a Podstawowa i Przedszkole w M\u0142odzawach zobowi\u0105zuje si\u0119 zapewni\u0107 dost\u0119pno\u015b\u0107 swojej strony internetowej zgodnie z Ustaw\u0105 z dnia 4 kwietnia 2019 r. o dost\u0119pno\u015bci cyfrowej stron internetowych i aplikacji mobilnych podmiot\u00f3w publicznych. O\u015bwiadczenie w sprawie dost\u0119pno\u015bci ma zastosowanie do strony internetowej: Szko\u0142y Podstawowej i Przedszkola w M\u0142odzawach.<\/p>\n<p style=\"text-align: justify;\">&#8211; Data publikacji strony internetowej: 2017<br \/>\n&#8211; Data ostatniej istotnej aktualizacji: 31.03.2023<\/p>\n<p style=\"text-align: justify;\"><strong>Status pod wzgl\u0119dem zgodno\u015bci<\/strong><br \/>\nStrona internetowa Szko\u0142y Podstawowej i Przedszkole\u00a0 w M\u0142odzawach jest cz\u0119\u015bciowo zgodna z ustaw\u0105 z dnia 4 kwietnia 2019 r. o dost\u0119pno\u015bci cyfrowej stron internetowych i aplikacji mobilnych podmiot\u00f3w publicznych z powodu niezgodno\u015bci lub w\u0142\u0105cze\u0144 wymienionych poni\u017cej.<\/p>\n<ul style=\"text-align: justify;\">\n<li>Zamieszczone na stronie aktualno\u015bci w formie plik\u00f3w PDF mog\u0105 nie by\u0107 dost\u0119pne cyfrowo w ca\u0142o\u015bci gdy\u017c by\u0142y skanowane.<\/li>\n<li>Zamieszczone na stronie aktualno\u015bci w formie plik\u00f3w PDF mog\u0105 nie by\u0107 dost\u0119pne cyfrowo w ca\u0142o\u015bci gdy\u017c zosta\u0142y przes\u0142ane przez podmiot zewn\u0119trzny.<\/li>\n<li>Cz\u0119\u015b\u0107 z opublikowanych zdj\u0119\u0107 nie posiada opisu alternatywnego, maj\u0105 one charakter promocyjny i nie s\u0105 wykorzystywane do realizacji bie\u017c\u0105cych zada\u0144.<\/li>\n<li>Nie wszystkie elementy nietekstowe, umieszczone na stronie internetowej, takie jak: zdj\u0119cia, obrazki ozdobne, ikony, itp., posiadaj\u0105 szczeg\u00f3\u0142owy opis.<\/li>\n<li>Nieczytelne przez czytniki ekranu dokumenty PDF u\u017cytkownicy mog\u0105 rozpozna\u0107 narz\u0119dziem OCR.<\/li>\n<\/ul>\n<p style=\"text-align: justify;\"><strong>Przygotowanie o\u015bwiadczenia w sprawie dost\u0119pno\u015bci<\/strong><\/p>\n<ul style=\"text-align: justify;\">\n<li>Deklaracj\u0119 sporz\u0105dzono dnia: <strong>2020-03-31.<\/strong><\/li>\n<li>Deklaracja zosta\u0142a ostatnio poddana przegl\u0105dowi i aktualizacji dnia: <strong>2025-03-19.<\/strong><\/li>\n<\/ul>\n<p style=\"text-align: justify;\"><strong>Metoda przygotowania o\u015bwiadczenia:<\/strong><br \/>\nDeklaracj\u0119 sporz\u0105dzono na podstawie samooceny przeprowadzonej przez podmiot publiczny.<\/p>\n<p style=\"text-align: justify;\"><strong>Informacje zwrotne i dane kontaktowe<\/strong><br \/>\nW przypadku problem\u00f3w z dost\u0119pno\u015bci\u0105 strony internetowej prosimy o kontakt. Osob\u0105 kontaktow\u0105 jest Ilona Modrzewiecka,\u00a0 i_modrzew@wp.pl. Kontaktowa\u0107 mo\u017cna si\u0119 tak\u017ce dzwoni\u0105c na numer telefonu 41 35 79 212. T\u0105 sam\u0105 drog\u0105 mo\u017cna sk\u0142ada\u0107 wnioski o udost\u0119pnienie informacji niedost\u0119pnej oraz sk\u0142ada\u0107 skargi na brak zapewnienia dost\u0119pno\u015bci.<\/p>\n<p style=\"text-align: justify;\"><strong>Informacje na temat procedury<\/strong><br \/>\nKa\u017cdy ma prawo do wyst\u0105pienia z \u017c\u0105daniem zapewnienia dost\u0119pno\u015bci cyfrowej strony internetowej, aplikacji mobilnej lub jakiego\u015b ich elementu. Mo\u017cna tak\u017ce za\u017c\u0105da\u0107 udost\u0119pnienia informacji za pomoc\u0105 alternatywnego sposobu dost\u0119pu, na przyk\u0142ad przez odczytanie niedost\u0119pnego cyfrowo dokumentu, opisanie zawarto\u015bci filmu bez audio deskrypcji itp. \u017b\u0105danie powinno zawiera\u0107 dane osoby zg\u0142aszaj\u0105cej \u017c\u0105danie, wskazanie, o kt\u00f3r\u0105 stron\u0119 internetow\u0105 lub aplikacj\u0119 mobiln\u0105 chodzi oraz spos\u00f3b kontaktu. Je\u017celi osoba \u017c\u0105daj\u0105ca zg\u0142asza potrzeb\u0119 otrzymania informacji za pomoc\u0105 alternatywnego sposobu dost\u0119pu, powinna tak\u017ce okre\u015bli\u0107 dogodny dla niej spos\u00f3b przedstawienia tej informacji. Podmiot publiczny powinien zrealizowa\u0107 \u017c\u0105danie niezw\u0142ocznie, nie p\u00f3\u017aniej ni\u017c w ci\u0105gu 7 dni od dnia wyst\u0105pienia z \u017c\u0105daniem. Je\u017celi dotrzymanie tego terminu nie jest mo\u017cliwe, podmiot publiczny niezw\u0142ocznie informuje o tym wnosz\u0105cego \u017c\u0105danie, kiedy realizacja \u017c\u0105dania b\u0119dzie mo\u017cliwa, przy czym termin ten nie mo\u017ce by\u0107 d\u0142u\u017cszy ni\u017c 2 miesi\u0105ce od dnia wyst\u0105pienia z \u017c\u0105daniem. Je\u017celi zapewnienie dost\u0119pno\u015bci cyfrowej nie jest mo\u017cliwe, podmiot publiczny mo\u017ce zaproponowa\u0107 alternatywny spos\u00f3b dost\u0119pu do informacji. W przypadku, gdy podmiot publiczny odm\u00f3wi realizacji \u017c\u0105dania zapewnienia dost\u0119pno\u015bci lub alternatywnego sposobu dost\u0119pu do informacji, wnosz\u0105cy \u017c\u0105danie mo\u017cne z\u0142o\u017cy\u0107 skarg\u0119 w sprawie zapewniana dost\u0119pno\u015bci cyfrowej strony internetowej, aplikacji mobilnej lub elementu strony internetowej, lub aplikacji mobilnej. Po wyczerpaniu wskazanej wy\u017cej procedury mo\u017cna tak\u017ce z\u0142o\u017cy\u0107 wniosek do Rzecznika Praw Obywatelskich.<\/p>\n<p style=\"text-align: justify;\"><strong>Strona internetowa Rzecznika Praw Obywatelskich:<\/strong><br \/>\n<a href=\"https:\/\/www.rpo.gov.pl\/\">https:\/\/www.rpo.gov.pl\/<\/a><br \/>\n<strong>Dane teleadresowe podmiotu publicznego:<\/strong><br \/>\nSzko\u0142a Podstawowa w M\u0142odzawach, M\u0142odzawy Du\u017ce 14A, 28-400 Pi\u0144cz\u00f3w<br \/>\ne-mail:<strong>spmlodzawy@wp.pl<\/strong>\u00a0Strona internetowa: <a href=\"http:\/\/www.spmlodzawy.pl\/\">www.spmlodzawy.pl<\/a><\/p>\n<p style=\"text-align: justify;\"><strong>Wersja mobilna serwisu<\/strong><br \/>\nSerwis mo\u017cna przegl\u0105da\u0107 na ekranach urz\u0105dze\u0144 mobilnych, takich jak telefony kom\u00f3rkowe i tablety.<br \/>\n<strong>Skr\u00f3ty klawiszowe<\/strong><br \/>\nSerwis nie zawiera skr\u00f3t\u00f3w klawiaturowych, kt\u00f3re mog\u0142yby wchodzi\u0107 w konflikt z technologiami asystuj\u0105cymi (np. programy czytaj\u0105ce), systemem lub aplikacjami u\u017cytkownik\u00f3w.<br \/>\n<strong>Dost\u0119pno\u015b\u0107 architektoniczna<\/strong><br \/>\nSzko\u0142a Podstawowa w M\u0142odzawach mie\u015bci si\u0119 w budynku pod adresem M\u0142odzawy Du\u017ce 14A, 28-400 Pi\u0144cz\u00f3w. Jest on w przystosowany do obs\u0142ugi os\u00f3b maj\u0105cych trudno\u015bci w poruszaniu si\u0119. Przed wej\u015bciem do budynku szko\u0142y znajduje si\u0119 podjazd dla os\u00f3b poruszaj\u0105cych si\u0119 na w\u00f3zkach. Szeroko\u015b\u0107 drzwi w budynku jest przystosowana do korzystania przez osoby niepe\u0142nosprawne. Nad wej\u015bciem nie ma g\u0142o\u015bnik\u00f3w systemu naprowadzaj\u0105cego d\u017awi\u0119kowo osoby niewidome i s\u0142abowidz\u0105ce. Ko\u0142o budynku Szko\u0142y Podstawowej w M\u0142odzawach znajduje si\u0119 parking, na kt\u00f3rym mog\u0105 zaparkowa\u0107 osoby z niepe\u0142nosprawno\u015bciami. Nie ma wydzielonego miejsca parkingowego dla os\u00f3b z niepe\u0142nosprawno\u015bciami. Budynek jest dwupi\u0119trowy, bez windy.<br \/>\n<strong>Informacja o dost\u0119pno\u015bci t\u0142umacza j\u0119zyka migowego:<\/strong><br \/>\nZgodnie z obowi\u0105zuj\u0105c\u0105 od dnia 1 kwietnia 2012 roku ustaw\u0105 o j\u0119zyku migowym i innych \u015brodkach komunikowania si\u0119 osoba uprawniona, kt\u00f3ra zamierza skorzysta\u0107 z us\u0142ug t\u0142umacza, zobowi\u0105zana jest zg\u0142osi\u0107 ten fakt w Urz\u0119dzie Gminy w Pi\u0144czowie, w terminie co najmniej na 3 dni robocze przed tym zdarzeniem (planowan\u0105 wizyt\u0105 w Szkole), z wy\u0142\u0105czeniem sytuacji nag\u0142ych.<br \/>\nW Szkole Podstawowej w M\u0142odzawach zg\u0142oszenia mo\u017cna dokona\u0107 w jednej z nast\u0119puj\u0105cych form:<\/p>\n<ul style=\"text-align: justify;\">\n<li>e-mail na adres:<strong> spmlodzawy@wp.pl<\/strong><\/li>\n<li>listownie (3 dni liczone od dnia otrzymania zawiadomienia przez Szko\u0142\u0119) Szko\u0142a Podstawowa w M\u0142odzawach, M\u0142odzawy Du\u017ce 14A, 28-400 Pi\u0144cz\u00f3w<\/li>\n<li>telefonicznie za po\u015brednictwem osoby trzeciej na nr 41 35 79 212<\/li>\n<\/ul>\n<p style=\"text-align: justify;\">\n","protected":false},"excerpt":{"rendered":"<p>DEKLARACJA DOST\u0118PNO\u015aCI Raport o stanie dost\u0119pno\u015bci &#8211; Szko\u0142a Podstawowa w M\u0142odzawach Raport o stanie dost\u0119pno\u015bci &#8211; Przedszkole w M\u0142odzawach 31.03.2020 Deklaracja dost\u0119pno\u015bci Szko\u0142a Podstawowa i Przedszkole w M\u0142odzawach zobowi\u0105zuje si\u0119 zapewni\u0107 dost\u0119pno\u015b\u0107 swojej strony internetowej zgodnie z Ustaw\u0105 z dnia &hellip; <a href=\"https:\/\/spmlodzawy.pl\/index.php\/deklaracja-dostepnosci\/\">Czytaj dalej <span class=\"meta-nav\">&rarr;<\/span><\/a><\/p>\n","protected":false},"author":1,"featured_media":0,"parent":0,"menu_order":0,"comment_status":"closed","ping_status":"closed","template":"","meta":[],"_links":{"self":[{"href":"https:\/\/spmlodzawy.pl\/index.php\/wp-json\/wp\/v2\/pages\/48401"}],"collection":[{"href":"https:\/\/spmlodzawy.pl\/index.php\/wp-json\/wp\/v2\/pages"}],"about":[{"href":"https:\/\/spmlodzawy.pl\/index.php\/wp-json\/wp\/v2\/types\/page"}],"author":[{"embeddable":true,"href":"https:\/\/spmlodzawy.pl\/index.php\/wp-json\/wp\/v2\/users\/1"}],"replies":[{"embeddable":true,"href":"https:\/\/spmlodzawy.pl\/index.php\/wp-json\/wp\/v2\/comments?post=48401"}],"version-history":[{"count":5,"href":"https:\/\/spmlodzawy.pl\/index.php\/wp-json\/wp\/v2\/pages\/48401\/revisions"}],"predecessor-version":[{"id":53847,"href":"https:\/\/spmlodzawy.pl\/index.php\/wp-json\/wp\/v2\/pages\/48401\/revisions\/53847"}],"wp:attachment":[{"href":"https:\/\/spmlodzawy.pl\/index.php\/wp-json\/wp\/v2\/media?parent=48401"}],"curies":[{"name":"wp","href":"https:\/\/api.w.org\/{rel}","templated":true}]}}