{"id":50749,"date":"2024-09-03T20:15:31","date_gmt":"2024-09-03T18:15:31","guid":{"rendered":"http:\/\/spmlodzawy.pl\/?page_id=50749"},"modified":"2025-06-29T20:01:16","modified_gmt":"2025-06-29T18:01:16","slug":"galeria-8","status":"publish","type":"page","link":"https:\/\/spmlodzawy.pl\/index.php\/galeria-8\/","title":{"rendered":"Galeria"},"content":{"rendered":"<p style=\"text-align: center;\"><strong><a href=\"http:\/\/spmlodzawy.pl\/index.php\/dzien-kropki-w-klasach-i-iii-2\/\">Dzie\u0144 Kropki w klasach I-III<\/a><\/strong><\/p>\n<p style=\"text-align: center;\"><a href=\"http:\/\/spmlodzawy.pl\/index.php\/pokaz-iluzjonisty\/\"><strong>Pokaz iluzjonisty<\/strong><\/a><\/p>\n<p style=\"text-align: center;\"><a href=\"http:\/\/spmlodzawy.pl\/index.php\/dzien-przedszkolaka-3\/\"><strong>Dzie\u0144 Przedszkolaka<\/strong><\/a><\/p>\n<p style=\"text-align: center;\"><a href=\"http:\/\/spmlodzawy.pl\/index.php\/europejski-tydzien-sportu-w-przedszkolu-2\/\"><strong>Europejski Tydzie\u0144 Sportu w przedszkolu<\/strong><\/a><\/p>\n<p style=\"text-align: center;\"><a href=\"http:\/\/spmlodzawy.pl\/index.php\/warsztaty-ekologiczne-i-kulinarne\/\"><strong>Warsztaty ekologiczne i kulinarne<\/strong><\/a><\/p>\n<p style=\"text-align: center;\"><a href=\"http:\/\/spmlodzawy.pl\/index.php\/pasowanie-na-przedszkolaka-5\/\"><strong>Pasowanie na Przedszkolaka<\/strong><\/a><\/p>\n<p style=\"text-align: center;\"><strong><a href=\"http:\/\/spmlodzawy.pl\/index.php\/dzien-dynia-w-klasach-i-iii\/\">Dzie\u0144 Dynia w klasach I-III<\/a><\/strong><\/p>\n<p style=\"text-align: center;\"><a href=\"http:\/\/spmlodzawy.pl\/index.php\/dzien-dyni-w-przedszkolu-2\/\"><strong>Dzie\u0144 Dyni w przedszkolu<\/strong><\/a><\/p>\n<p style=\"text-align: center;\"><a href=\"http:\/\/spmlodzawy.pl\/index.php\/projekt-mali-wielcy-odkrywcy\/\"><strong>Projekt &#8222;Mali Wielcy Odkrywcy&#8221;<\/strong><\/a><\/p>\n<p style=\"text-align: center;\"><a href=\"http:\/\/spmlodzawy.pl\/index.php\/matematyka-w-sklepie-natalka-i-antek-w-swiecie-wielkiej-matematyki\/\"><strong>Matematyka w sklepie &#8211; &#8222;Natalka i Antek w \u015bwiecie wielkiej matematyki&#8221;<\/strong><\/a><\/p>\n<p style=\"text-align: center;\"><a href=\"http:\/\/spmlodzawy.pl\/index.php\/dzien-pluszowego-misia-w-klasach-i-iii\/\"><strong>Dzie\u0144 Pluszowego Misia w klasach I-III<\/strong><\/a><\/p>\n<p style=\"text-align: center;\"><a href=\"http:\/\/spmlodzawy.pl\/index.php\/dzien-pluszowego-misia-w-przedszkolu-5\/\"><strong>Dzie\u0144 Pluszowego Misia w przedszkolu<\/strong><\/a><\/p>\n<p style=\"text-align: center;\"><a href=\"http:\/\/spmlodzawy.pl\/index.php\/andrzejki-w-przedszkolu-3\/\"><strong>Andrzejki w przedszkolu<\/strong><\/a><\/p>\n<p style=\"text-align: center;\"><a href=\"http:\/\/spmlodzawy.pl\/index.php\/mikolaj-w-przedszkolu-5\/\"><strong>Miko\u0142aj w przedszkolu<\/strong><\/a><\/p>\n<p style=\"text-align: center;\"><a href=\"http:\/\/spmlodzawy.pl\/index.php\/wizyta-mikolaja-w-szkole\/\"><strong>Wizyta Miko\u0142aja w szkole<\/strong><\/a><\/p>\n<p style=\"text-align: center;\"><strong><a href=\"http:\/\/spmlodzawy.pl\/index.php\/dzien-babci-i-dziadka-6\/\">Dzie\u0144 Babci i Dziadka<\/a><\/strong><\/p>\n<p style=\"text-align: center;\"><strong><a href=\"http:\/\/spmlodzawy.pl\/index.php\/bal-karnawalowy-w-przedszkolu-5\/\">Bal karnawa\u0142owy w przedszkolu<\/a><\/strong><\/p>\n<p style=\"text-align: center;\"><a href=\"http:\/\/spmlodzawy.pl\/index.php\/warsztaty-kulinarne-3\/\"><strong>Warsztaty kulinarne<\/strong><\/a><\/p>\n<p style=\"text-align: center;\"><a href=\"http:\/\/spmlodzawy.pl\/index.php\/walentynki-w-naszej-szkole\/\"><strong>Walentynki w naszej szkole<\/strong><\/a><\/p>\n<p style=\"text-align: center;\"><a href=\"http:\/\/spmlodzawy.pl\/index.php\/walentynkowo-urodzinowy-dzien-w-klasie-3\/\"><strong>Walentynkowo &#8211; urodzinowy dzie\u0144 w klasie 3<\/strong><\/a><\/p>\n<p style=\"text-align: center;\"><a href=\"http:\/\/spmlodzawy.pl\/index.php\/mali-wielcy-odkrywcy\/\"><strong>Mali, Wielcy Odkrywcy<\/strong><\/a><\/p>\n<p style=\"text-align: center;\"><a href=\"http:\/\/spmlodzawy.pl\/index.php\/matematyka-w-strazy-pozarnej\/\"><strong>Matematyka w stra\u017cy po\u017carnej &#8211; &#8222;Natalka i Antek w \u015bwiecie wielkiej matematyki&#8221;<\/strong><\/a><\/p>\n<p style=\"text-align: center;\"><strong><a href=\"http:\/\/spmlodzawy.pl\/index.php\/dzien-dinozaura\/\">Dzie\u0144 D<\/a><a href=\"http:\/\/spmlodzawy.pl\/index.php\/dzien-dinozaura\/\">inozaura<\/a><\/strong><\/p>\n<p style=\"text-align: center;\"><a href=\"http:\/\/spmlodzawy.pl\/index.php\/mali-wielcy-odkrywcy-miary\/\"><strong>Mali, Wielcy Odkrywcy &#8211; miary<\/strong><\/a><\/p>\n<p style=\"text-align: center;\"><a href=\"https:\/\/spmlodzawy.pl\/index.php\/dzien-marchewki-2\/\"><strong>Dzie\u0144 Marchewki<\/strong><\/a><\/p>\n<p style=\"text-align: center;\"><strong><a href=\"https:\/\/spmlodzawy.pl\/index.php\/palmy-wielkanocne\/\">Warsztaty palm wielkanocnych z udzia\u0142em Pa\u0144 z KGW<\/a><\/strong><\/p>\n<p style=\"text-align: center;\"><a href=\"https:\/\/spmlodzawy.pl\/index.php\/skarby-morz-i-oceanow\/\"><strong>Skarby m\u00f3rz i ocean\u00f3w&#8230;<\/strong><\/a><\/p>\n<p style=\"text-align: center;\"><a href=\"https:\/\/spmlodzawy.pl\/index.php\/zabawy-wielkanocne-w-klasach-i-iii\/\"><strong>Zabawy Wielkanocne w klasach I-III<\/strong><\/a><\/p>\n<p style=\"text-align: center;\"><a href=\"https:\/\/spmlodzawy.pl\/index.php\/wyjazd-edukacyjny-do-umianowic-3\/\"><strong>Wyjazd edukacyjny do Umianowic<\/strong><\/a><\/p>\n<p style=\"text-align: center;\"><a href=\"https:\/\/spmlodzawy.pl\/index.php\/wyjazd-na-zielona-szkole\/\"><strong>Wyjazd na zielon\u0105 szko\u0142\u0119<\/strong><\/a><\/p>\n<p style=\"text-align: center;\"><strong><a href=\"https:\/\/spmlodzawy.pl\/index.php\/dzien-mamy-i-taty-w-przedszkolu\/\">Dzie\u0144 Mamy i Taty w przedszkolu<\/a><\/strong><\/p>\n<p style=\"text-align: center;\"><a href=\"https:\/\/spmlodzawy.pl\/index.php\/dzien-dziecka-w-naszej-placowce\/\"><strong>Dzie\u0144 Dziecka w naszej plac\u00f3wce<\/strong><\/a><\/p>\n<p style=\"text-align: center;\"><strong><a href=\"https:\/\/spmlodzawy.pl\/index.php\/zakonczenie-roku-szkolnego-w-przedszkolu\/\">Zako\u0144czenie roku szkolnego w przedszkolu<\/a><\/strong><\/p>\n","protected":false},"excerpt":{"rendered":"<p>Dzie\u0144 Kropki w klasach I-III Pokaz iluzjonisty Dzie\u0144 Przedszkolaka Europejski Tydzie\u0144 Sportu w przedszkolu Warsztaty ekologiczne i kulinarne Pasowanie na Przedszkolaka Dzie\u0144 Dynia w klasach I-III Dzie\u0144 Dyni w przedszkolu Projekt &#8222;Mali Wielcy Odkrywcy&#8221; Matematyka w sklepie &#8211; &#8222;Natalka i &hellip; <a href=\"https:\/\/spmlodzawy.pl\/index.php\/galeria-8\/\">Czytaj dalej <span class=\"meta-nav\">&rarr;<\/span><\/a><\/p>\n","protected":false},"author":1,"featured_media":0,"parent":0,"menu_order":0,"comment_status":"closed","ping_status":"closed","template":"","meta":[],"_links":{"self":[{"href":"https:\/\/spmlodzawy.pl\/index.php\/wp-json\/wp\/v2\/pages\/50749"}],"collection":[{"href":"https:\/\/spmlodzawy.pl\/index.php\/wp-json\/wp\/v2\/pages"}],"about":[{"href":"https:\/\/spmlodzawy.pl\/index.php\/wp-json\/wp\/v2\/types\/page"}],"author":[{"embeddable":true,"href":"https:\/\/spmlodzawy.pl\/index.php\/wp-json\/wp\/v2\/users\/1"}],"replies":[{"embeddable":true,"href":"https:\/\/spmlodzawy.pl\/index.php\/wp-json\/wp\/v2\/comments?post=50749"}],"version-history":[{"count":45,"href":"https:\/\/spmlodzawy.pl\/index.php\/wp-json\/wp\/v2\/pages\/50749\/revisions"}],"predecessor-version":[{"id":55196,"href":"https:\/\/spmlodzawy.pl\/index.php\/wp-json\/wp\/v2\/pages\/50749\/revisions\/55196"}],"wp:attachment":[{"href":"https:\/\/spmlodzawy.pl\/index.php\/wp-json\/wp\/v2\/media?parent=50749"}],"curies":[{"name":"wp","href":"https:\/\/api.w.org\/{rel}","templated":true}]}}