{"id":52869,"date":"2025-02-05T05:50:19","date_gmt":"2025-02-05T04:50:19","guid":{"rendered":"http:\/\/spmlodzawy.pl\/?page_id=52869"},"modified":"2025-02-07T22:00:52","modified_gmt":"2025-02-07T21:00:52","slug":"adresy-do-e-doreczen","status":"publish","type":"page","link":"https:\/\/spmlodzawy.pl\/index.php\/adresy-do-e-doreczen\/","title":{"rendered":"Kontakt"},"content":{"rendered":"<p>Szko\u0142a Podstawowa w M\u0142odzawach<br \/>\nM\u0142odzawy Du\u017ce 14A<br \/>\n28-400 Pi\u0144cz\u00f3w<br \/>\ntel: 41 35 792 12<br \/>\ne-mail: spmlodzawy@wp.pl<\/p>\n<h3><em><span style=\"text-decoration: underline; color: #008000;\"><strong>E-dor\u0119czenia:<\/strong><\/span><\/em><\/h3>\n<p>Szko\u0142a Podstawowa w M\u0142odzawach: <strong>AE:PL-46213-38044-UGUEV-26<\/strong><br \/>\nPrzedszkole w M\u0142odzawach: A<strong>E:PL-55444-99012-ESUSB-17<\/strong><br \/>\nStowarzyszenie Rozwoju M\u0142odzaw \u2013 Nasza Przysz\u0142o\u015b\u0107: <strong>AE:PL-29628-47781-ISSWT-40<\/strong><\/p>\n","protected":false},"excerpt":{"rendered":"<p>Szko\u0142a Podstawowa w M\u0142odzawach M\u0142odzawy Du\u017ce 14A 28-400 Pi\u0144cz\u00f3w tel: 41 35 792 12 e-mail: spmlodzawy@wp.pl E-dor\u0119czenia: Szko\u0142a Podstawowa w M\u0142odzawach: AE:PL-46213-38044-UGUEV-26 Przedszkole w M\u0142odzawach: AE:PL-55444-99012-ESUSB-17 Stowarzyszenie Rozwoju M\u0142odzaw \u2013 Nasza Przysz\u0142o\u015b\u0107: AE:PL-29628-47781-ISSWT-40<\/p>\n","protected":false},"author":1,"featured_media":0,"parent":0,"menu_order":0,"comment_status":"closed","ping_status":"closed","template":"","meta":[],"_links":{"self":[{"href":"https:\/\/spmlodzawy.pl\/index.php\/wp-json\/wp\/v2\/pages\/52869"}],"collection":[{"href":"https:\/\/spmlodzawy.pl\/index.php\/wp-json\/wp\/v2\/pages"}],"about":[{"href":"https:\/\/spmlodzawy.pl\/index.php\/wp-json\/wp\/v2\/types\/page"}],"author":[{"embeddable":true,"href":"https:\/\/spmlodzawy.pl\/index.php\/wp-json\/wp\/v2\/users\/1"}],"replies":[{"embeddable":true,"href":"https:\/\/spmlodzawy.pl\/index.php\/wp-json\/wp\/v2\/comments?post=52869"}],"version-history":[{"count":7,"href":"https:\/\/spmlodzawy.pl\/index.php\/wp-json\/wp\/v2\/pages\/52869\/revisions"}],"predecessor-version":[{"id":52979,"href":"https:\/\/spmlodzawy.pl\/index.php\/wp-json\/wp\/v2\/pages\/52869\/revisions\/52979"}],"wp:attachment":[{"href":"https:\/\/spmlodzawy.pl\/index.php\/wp-json\/wp\/v2\/media?parent=52869"}],"curies":[{"name":"wp","href":"https:\/\/api.w.org\/{rel}","templated":true}]}}