{"id":537,"date":"2017-10-12T20:20:07","date_gmt":"2017-10-12T18:20:07","guid":{"rendered":"http:\/\/spmlodzawy.pl\/?page_id=537"},"modified":"2025-09-25T18:16:08","modified_gmt":"2025-09-25T16:16:08","slug":"projekty","status":"publish","type":"page","link":"https:\/\/spmlodzawy.pl\/index.php\/projekty\/","title":{"rendered":"Projekty"},"content":{"rendered":"<h3 style=\"text-align: center;\"><span style=\"color: #9e0303;\"><em><strong>ROK SZKOLNY 2017\/2018<\/strong><\/em><\/span><\/h3>\n<p style=\"text-align: center;\"><a href=\"http:\/\/spmlodzawy.pl\/index.php\/fundacja-pzu-mali-kulturalni-mlodzi-oryginalni-ide-dalej\/\"><strong>FUNDACJA PZU \u201eMALI KULTURALNI \u2013 M\u0141ODZI ORYGINALNI\u2026id\u0119 dalej\u201d<\/strong><\/a><\/p>\n<p style=\"text-align: center;\"><strong><a href=\"http:\/\/spmlodzawy.pl\/index.php\/mfundacja-mamo-tato-matematyka-jest-fajna\/\">mFundacja &#8222;MAMO, TATO, MATEMATYKA JEST FAJNA!&#8221;<\/a><\/strong><\/p>\n<p style=\"text-align: center;\"><strong><a href=\"http:\/\/spmlodzawy.pl\/index.php\/od-grosika-do-zlotowki\/\">&#8222;OD GROSIKA DO Z\u0141OT\u00d3WKI&#8221;<\/a><\/strong><\/p>\n<p style=\"text-align: center;\"><a href=\"http:\/\/spmlodzawy.pl\/index.php\/aktywna-tablica\/\"><strong>&#8222;AKTYWNA TABLICA&#8221;<\/strong><\/a><\/p>\n<p style=\"text-align: center;\"><a href=\"http:\/\/spmlodzawy.pl\/index.php\/byly-sobie-pieniadze\/\"><strong>FUNDACJA BGK &#8222;BY\u0141Y SOBIE PIENI\u0104DZE&#8221;<\/strong><\/a><\/p>\n<p>&nbsp;<\/p>\n<h3 style=\"text-align: center;\"><span style=\"color: #9e0303;\"><em><strong>ROK SZKOLNY 2018\/2019<\/strong><\/em><\/span><\/h3>\n<p style=\"text-align: center;\"><a href=\"http:\/\/spmlodzawy.pl\/index.php\/tradycja-odlegla-a-bliska\/\"><strong>&#8222;TRADYCJA. ODLEG\u0141A, A BLISKA&#8230;&#8221;<\/strong><\/a><\/p>\n<p style=\"text-align: center;\"><a href=\"http:\/\/spmlodzawy.pl\/index.php\/superkoderzy\/\"><strong>FUNDACJA ORANGE\u00a0 &#8222;#SUPERKODERZY&#8221;<\/strong><\/a><\/p>\n<p style=\"text-align: center;\"><strong><a href=\"http:\/\/spmlodzawy.pl\/index.php\/od-grosika-do-zlotowki\/\">&#8222;OD GROSIKA DO Z\u0141OT\u00d3WKI&#8221;\u00a0 (KONTYNUACJA)<\/a><\/strong><\/p>\n<p style=\"text-align: center;\"><a href=\"http:\/\/spmlodzawy.pl\/index.php\/tuprogramujemy\/\"><strong>&#8222;TU#programujeMY&#8221;<\/strong><\/a><\/p>\n<p style=\"text-align: center;\"><a href=\"http:\/\/spmlodzawy.pl\/index.php\/fundacja-pzu-dotknij-kultury-nie-sparzysz-sie\/\"><strong>FUNDACJA PZU &#8222;DOTKNIJ KULTURY &#8211; NIE SPARZYSZ SI\u0118&#8221;<\/strong><\/a><\/p>\n<p style=\"text-align: center;\"><a href=\"http:\/\/spmlodzawy.pl\/index.php\/byly-sobie-pieniadze-2\/\"><strong>FUNDACJA BGK &#8222;BY\u0141Y SOBIE PIENI\u0104DZE&#8221;<\/strong><\/a><\/p>\n<p style=\"text-align: center;\"><a href=\"http:\/\/spmlodzawy.pl\/index.php\/jutro-zalezy-od-dzis-a-dzis-zalezy-ode-mnie\/\"><strong>LGD PONIDZIE\u00a0 &#8222;JUTRO ZALE\u017bY OD DZI\u015a, A DZI\u015a ZALE\u017bY ODE MNIE\u2026&#8221;<\/strong><\/a><\/p>\n<p>&nbsp;<\/p>\n<h3 style=\"text-align: center;\"><span style=\"color: #9e0303;\"><em><strong>ROK SZKOLNY 2019\/2020<\/strong><\/em><\/span><\/h3>\n<p style=\"text-align: center;\"><a href=\"http:\/\/spmlodzawy.pl\/index.php\/tuprogramujemy\/\"><strong>&#8222;TU#programujeMY&#8221; (kontynuacja)<\/strong><\/a><\/p>\n<p style=\"text-align: center;\"><a href=\"http:\/\/spmlodzawy.pl\/index.php\/superkoderzy\/\"><strong>FUNDACJA ORANGE\u00a0 &#8222;#SUPERKODERZY&#8221;<\/strong><\/a><\/p>\n<p style=\"text-align: center;\"><a href=\"http:\/\/spmlodzawy.pl\/index.php\/uczymy-dzieci-programowac\/\"><strong>&#8222;UCZYMY DZIECI PROGRAMOWA\u0106&#8221;<\/strong><\/a><\/p>\n<p style=\"text-align: center;\"><a href=\"http:\/\/spmlodzawy.pl\/index.php\/posilek-w-szkole-i-w-domu\/\"><strong>&#8222;POSI\u0141EK W SZKOLE I W DOMU&#8221;<\/strong><\/a><\/p>\n<p style=\"text-align: center;\"><a href=\"http:\/\/spmlodzawy.pl\/index.php\/blizej-regionu-tradycji-ojczyzny\/\"><strong>\u00a0&#8222;BLI\u017bEJ REGIONU, TRADYCJI, OJCZYZNY\u2026&#8221;<\/strong><\/a><\/p>\n<p style=\"text-align: center;\"><a href=\"http:\/\/spmlodzawy.pl\/index.php\/uniwersytet-dzieci\/\"><strong>&#8222;UNIWERSYTET DZIECI&#8221;<\/strong><\/a><\/p>\n<p style=\"text-align: center;\"><a href=\"http:\/\/spmlodzawy.pl\/index.php\/chcesz-byc-sprawny-trenuj-cialo\/\"><strong>FUNDACJA BG<\/strong><strong>K &#8211; &#8222;CHCESZ BY\u0106 SPRAWNY &#8211; TRENUJ CIA\u0141O&#8221;<\/strong><\/a><\/p>\n<p style=\"text-align: center;\"><a href=\"http:\/\/spmlodzawy.pl\/index.php\/odslona-muzyki-w-kulturze\/\"><strong>FUNDACJA PZU &#8222;ODS\u0141ONA MUZYKI W KULTURZE&#8221;<\/strong><\/a><\/p>\n<p style=\"text-align: center;\"><a href=\"http:\/\/spmlodzawy.pl\/index.php\/program-dla-szkol\/\"><strong>&#8222;PROGRAM DLA SZK\u00d3\u0141&#8221;<\/strong><\/a><\/p>\n<p style=\"text-align: center;\"><a href=\"http:\/\/spmlodzawy.pl\/index.php\/szlakiem-legend-i-basni-polska-europa-swiat\/\"><strong>&#8222;SZLAKIEM LEGEND I BA\u015aNI. POLSKA. EUROPA. \u015aWIAT&#8221;<\/strong><\/a><\/p>\n<p>&nbsp;<\/p>\n<h3 style=\"text-align: center;\"><span style=\"color: #9e0303;\"><em><strong>ROK SZKOLNY 2020\/2021<\/strong><\/em><\/span><\/h3>\n<p style=\"text-align: center;\"><a href=\"http:\/\/spmlodzawy.pl\/wp-admin\/post.php?post=23819&amp;action=edit\"><strong>&#8222;UCZYMY DZIECI PROGRAMOWA\u0106&#8221;<\/strong><\/a><\/p>\n<p style=\"text-align: center;\"><a href=\"http:\/\/spmlodzawy.pl\/index.php\/superkoderzy-3\/\"><strong>FUNDACJA ORANGE\u00a0 &#8222;#SUPERKODERZY&#8221;<\/strong><\/a><\/p>\n<p style=\"text-align: center;\"><a href=\"http:\/\/spmlodzawy.pl\/index.php\/wierni-historii-ciekawi-przyszlosci\/\"><strong>FUNDACJA PZU &#8222;WIERNI HISTORII &#8211; CIEKAWI PRZYSZ\u0141O\u015aCI&#8221;<\/strong><\/a><\/p>\n<p style=\"text-align: center;\"><a href=\"http:\/\/spmlodzawy.pl\/index.php\/czytam-z-klasa-lekturki-spod-chmurki\/\"><strong>&#8222;CZYTAM Z KLAS\u0104 &#8211; lekturki spod chmurki&#8221;<\/strong><\/a><\/p>\n<p>&nbsp;<\/p>\n<h3 style=\"text-align: center;\"><span style=\"color: #9e0303;\"><em><strong>ROK SZKOLNY 2021\/2022<\/strong><\/em><\/span><\/h3>\n<p style=\"text-align: center;\"><a href=\"http:\/\/spmlodzawy.pl\/wp-admin\/post.php?post=23819&amp;action=edit\"><strong>\u201eUCZYMY DZIECI PROGRAMOWA\u0106\u201d<\/strong><\/a><\/p>\n<p style=\"text-align: center;\"><a href=\"http:\/\/spmlodzawy.pl\/index.php\/program-dla-szkol\/\"><strong>\u201ePROGRAM DLA SZK\u00d3\u0141\u201d<\/strong><\/a><\/p>\n<p style=\"text-align: center;\"><a href=\"http:\/\/spmlodzawy.pl\/index.php\/czytam-z-klasa-lekturki-spod-chmurki\/\"><strong>\u201eCZYTAM Z KLAS\u0104 \u2013 lekturki spod chmurki\u201d<\/strong><\/a><\/p>\n<p style=\"text-align: center;\"><a href=\"http:\/\/spmlodzawy.pl\/index.php\/projekt-mfundacji-otoczeni-matematyka\/\"><strong>mFundacja &#8222;OTOCZENI MATEMATYK\u0104&#8221;<\/strong><\/a><\/p>\n<p style=\"text-align: center;\"><a href=\"http:\/\/spmlodzawy.pl\/index.php\/projekt-pzu-z-kultura-wsrod-slawnych-polakow\/\"><strong>Fundacja PZU \u201eZ KULTUR\u0104 W\u015aR\u00d3D S\u0141AWNYCH POLAK\u00d3W\u201d<\/strong><\/a><\/p>\n<p style=\"text-align: center;\"><a href=\"http:\/\/spmlodzawy.pl\/wp-admin\/post.php?post=32835&amp;action=edit\"><strong>OG\u00d3LNOPOLSKI PROJEKT EDUKACYJNY &#8222;EUROPA I JA&#8221;\u00a0 <\/strong><\/a><\/p>\n<p style=\"text-align: center;\"><a href=\"http:\/\/spmlodzawy.pl\/index.php\/natalka-i-antek-w-swiecie-wielkiej-matematyki-2022\/\"><strong>NATALKA I ANTEK W \u015aWIECIE WIELKIEJ MATEMATYKI 2022<\/strong><\/a><\/p>\n<p style=\"text-align: center;\"><a href=\"http:\/\/spmlodzawy.pl\/index.php\/poznaj-polske-2022\/\"><strong>POZNAJ POLSK\u0118 2022<\/strong><\/a><\/p>\n<p>&nbsp;<\/p>\n<h3 style=\"text-align: center;\"><span style=\"color: #9e0303;\"><em><strong>ROK SZKOLNY 2022\/2023<\/strong><\/em><\/span><\/h3>\n<p style=\"text-align: center;\"><a href=\"http:\/\/spmlodzawy.pl\/index.php\/laboratoria-przyszlosci\/\"><strong>LABORATORIA PRZYSZ\u0141O\u015aCI<\/strong><\/a><\/p>\n<p style=\"text-align: center;\"><a href=\"http:\/\/spmlodzawy.pl\/index.php\/38391-2\/\"><strong>NATALKA I ANTEK W \u015aWIECIE WIELKIEJ MATEMATYKI 2023<\/strong><\/a><\/p>\n<p style=\"text-align: center;\"><a href=\"http:\/\/spmlodzawy.pl\/index.php\/czytam-z-klasa-lekturki-spod-chmurki-iv-edycja\/\"><strong>\u201eCZYTAM Z KLAS\u0104 \u2013 lekturki spod chmurki\u201d<\/strong><\/a><\/p>\n<p style=\"text-align: center;\"><a href=\"http:\/\/spmlodzawy.pl\/index.php\/ogolnopolski-projekt-edukacyjny-europa-i-ja-2\/\"><strong>OG\u00d3LNOPOLSKI PROJEKT EDUKACYJNY &#8222;EUROPA I JA&#8221;<\/strong><\/a><\/p>\n<p style=\"text-align: center;\"><a href=\"http:\/\/spmlodzawy.pl\/index.php\/akademia-bezpiecznego-puchatka\/\"><strong>AKADEMIA BEZPIECZNEGO PUCHATKA<\/strong><\/a><\/p>\n<p style=\"text-align: center;\"><a href=\"http:\/\/spmlodzawy.pl\/index.php\/uczymy-dzieci-programowac-4\/\"><strong>\u201eUCZYMY DZIECI PROGRAMOWA\u0106\u201d<\/strong><\/a><\/p>\n<p style=\"text-align: center;\"><a href=\"http:\/\/spmlodzawy.pl\/index.php\/lapbookowa-nauka-cztery-pory-roku\/\"><strong>&#8222;LAPBOOKOWA NAUKA &#8211; CZTERY PORY ROKU&#8221; &#8211; INNOWACJA<\/strong><\/a><\/p>\n<p style=\"text-align: center;\"><a href=\"http:\/\/spmlodzawy.pl\/index.php\/z-ekologia-na-ty\/\"><strong>Z EKOLOGI\u0104 NA TY<\/strong><\/a><\/p>\n<p style=\"text-align: center;\"><a href=\"http:\/\/spmlodzawy.pl\/index.php\/byc-jak-ignacy-zostan-ambasadorem-nauki\/\"><strong>BY\u0106 JAK IGNACY &#8222;Zosta\u0144 ambasadorem nauki&#8221;<\/strong><\/a><\/p>\n<p style=\"text-align: center;\"><a href=\"http:\/\/spmlodzawy.pl\/index.php\/superkoderzy-4\/\"><strong>FUNDACJA ORANGE\u00a0 &#8222;#SUPERKODERZY&#8221;<\/strong><\/a><\/p>\n<p style=\"text-align: center;\"><a href=\"http:\/\/spmlodzawy.pl\/index.php\/kulturalnie-poznam-swiat\/\"><strong>Fundacja PZU\u00a0<\/strong> <strong>\u201eKULTURAlnie poznam \u015bwiat!\u201d<\/strong><\/a><\/p>\n<p style=\"text-align: center;\"><strong><a href=\"http:\/\/spmlodzawy.pl\/index.php\/fantastyczne-przedszkolaki-figuraki\/\">Fundacja mBanku \u201eFANTASTYCZNE PRZEDSZKOLAKI FIGURAKI\u201d<\/a><\/strong><\/p>\n<p>&nbsp;<\/p>\n<h3 style=\"text-align: center;\"><span style=\"color: #9e0303;\"><em><strong>ROK SZKOLNY 2023\/2024<\/strong><\/em><\/span><\/h3>\n<p style=\"text-align: center;\"><a href=\"http:\/\/spmlodzawy.pl\/index.php\/mamo-tato-matematyka-jest-wszedzie\/\"><strong>Fundacja mBanku &#8222;MAMO, TATO, MATEMATYKA JEST WSZ\u0118DZIE!&#8221;<\/strong><\/a><\/p>\n<p style=\"text-align: center;\"><a href=\"http:\/\/spmlodzawy.pl\/index.php\/superkoderzy-6\/\"><strong>FUNDACJA ORANGE\u00a0 &#8222;#SUPERKODERZY&#8221;<\/strong><\/a><\/p>\n<p style=\"text-align: center;\"><strong><a href=\"http:\/\/spmlodzawy.pl\/index.php\/natalka-i-antek-w-swiecie-wielkiej-matematyki-2023-2024\/\">&#8222;NATALKA I ANTEK W \u015aWIECIE WIELKIEJ MATEMATYKI 2023\/2024&#8221;<\/a> <\/strong><\/p>\n<p style=\"text-align: center;\"><a href=\"http:\/\/spmlodzawy.pl\/index.php\/luzne-lekcje-z-naukowcami\/\"><strong>\u00a0&#8222;LU\u0179NE LEKCJE Z NAUKOWCAMI&#8221;<\/strong><\/a><\/p>\n<p style=\"text-align: center;\"><strong><a href=\"http:\/\/spmlodzawy.pl\/index.php\/uczymy-dzieci-programowac-5\/\">&#8222;UCZYMY DZIECI PROGRAMOWA\u0106&#8221;<\/a><\/strong><\/p>\n<p style=\"text-align: center;\"><a href=\"http:\/\/spmlodzawy.pl\/index.php\/program-dla-szkol-2\/\"><strong>&#8222;PROGRAM DLA SZK\u00d3\u0141&#8221;<\/strong><\/a><\/p>\n<p style=\"text-align: center;\"><a href=\"http:\/\/spmlodzawy.pl\/index.php\/czytam-z-klasa-3\/\"><strong>\u201eCZYTAM Z KLAS\u0104 \u2013 lekturki spod chmurki\u201d<\/strong><\/a><\/p>\n<p style=\"text-align: center;\"><strong><a href=\"http:\/\/spmlodzawy.pl\/index.php\/moj-eko-swiat\/\">&#8222;M\u00d3J EKO-\u015aWIAT&#8221;<\/a><\/strong><\/p>\n<p style=\"text-align: center;\"><a href=\"http:\/\/spmlodzawy.pl\/index.php\/akademia-bezpiecznego-puchatka-2\/\"><strong>&#8222;AKADEMIA BEZPIECZNEGO PUCHATKA&#8221;<\/strong><\/a><\/p>\n<p style=\"text-align: center;\"><a href=\"http:\/\/spmlodzawy.pl\/index.php\/magiczna-moc-bajek\/\"><strong>&#8222;MAGICZNA MOC BAJEK&#8221;<\/strong><\/a><\/p>\n<p style=\"text-align: center;\"><a href=\"http:\/\/spmlodzawy.pl\/index.php\/ratujemy-i-uczymy-ratowac-2\/\"><strong>&#8222;RATUJEMY I UCZYMY RATOWA\u0106&#8221;<\/strong><\/a><\/p>\n<p style=\"text-align: center;\"><a href=\"http:\/\/spmlodzawy.pl\/index.php\/zmysly-w-kulturze\/\"><strong>Fundacja PZU \u201eZMYS\u0141Y W KULTURZE\u201d<\/strong><\/a><\/p>\n<p style=\"text-align: center;\"><a href=\"http:\/\/spmlodzawy.pl\/index.php\/klasa-w-terenie\/\"><strong>&#8222;KLASA W TERENIE&#8221;<\/strong><\/a><\/p>\n<p style=\"text-align: center;\"><a href=\"http:\/\/spmlodzawy.pl\/index.php\/pieniazki-zlote-i-srebrne-krazki\/\"><strong>FUNDACJA MBANKU &#8222;PIENI\u0104\u017bKI \u2013 Z\u0141OTE I SREBRNE KR\u0104\u017bKI&#8221;<\/strong><\/a><\/p>\n<p>&nbsp;<\/p>\n<h3 style=\"text-align: center;\"><span style=\"color: #9e0303;\"><em><strong>ROK SZKOLNY 2024\/2025<\/strong><\/em><\/span><\/h3>\n<p style=\"text-align: center;\"><strong><a href=\"http:\/\/spmlodzawy.pl\/index.php\/natalka-i-antek-w-swiecie-wielkiej-matematyki-2023-2024\/\">&#8222;NATALKA I ANTEK W \u015aWIECIE WIELKIEJ<\/a><\/strong><strong><a href=\"http:\/\/spmlodzawy.pl\/index.php\/natalka-i-antek-w-swiecie-wielkiej-matematyki-2023-2024\/\"> MATEMA<\/a><\/strong><strong><a href=\"http:\/\/spmlodzawy.pl\/index.php\/natalka-i-antek-w-swiecie-wielkiej-matematyki-2023-2024\/\">TYKI<\/a><\/strong><strong><a href=\"http:\/\/spmlodzawy.pl\/index.php\/natalka-i-antek-w-swiecie-wielkiej-matematyki-2023-2024\/\"> 2024\/25<\/a><\/strong><\/p>\n<p style=\"text-align: center;\"><a href=\"http:\/\/spmlodzawy.pl\/index.php\/ratujemy-i-uczymy-ratowac-2\/\"><strong>&#8222;RATUJEMY I UCZYMY RATOWA\u0106&#8221;<\/strong><\/a><\/p>\n<p style=\"text-align: center;\"><a href=\"http:\/\/spmlodzawy.pl\/index.php\/kodowanie-na-dywanie\/\"><strong>&#8222;KODOWANIE NA DYWANIE&#8221;<\/strong><\/a><\/p>\n<p style=\"text-align: center;\"><a href=\"http:\/\/spmlodzawy.pl\/index.php\/angielski-jest-fun-tastyczny\/\"><strong>ANGIELSKI JEST FUN-TASTYCZNY<\/strong><\/a><\/p>\n<p style=\"text-align: center;\"><a href=\"http:\/\/spmlodzawy.pl\/index.php\/uwaga-elfik-patrzy\/\"><strong>UWAGA, ELFIK PATRZY!<\/strong><\/a><\/p>\n<p>&nbsp;<\/p>\n<h3 style=\"text-align: center;\"><span style=\"color: #9e0303;\"><em><strong>ROK SZKOLNY 2025\/2026<\/strong><\/em><\/span><\/h3>\n<p style=\"text-align: center;\"><a href=\"http:\/\/spmlodzawy.pl\/wp-admin\/post.php?post=51822&amp;action=edit\"><strong>KODOWANIE NA DYWANIE<\/strong><\/a><\/p>\n<p style=\"text-align: center;\"><a href=\"http:\/\/spmlodzawy.pl\/index.php\/akademia-bezpiecznego-puchatka\/\"><strong>AKADEMIA BEZPIECZNEGO PUCHATKA<\/strong><\/a><\/p>\n<p style=\"text-align: center;\"><a href=\"http:\/\/spmlodzawy.pl\/index.php\/ratujemy-i-uczymy-ratowac-2\/\"><strong>&#8222;RATUJEMY I UCZYMY RATOWA\u0106&#8221;<\/strong><\/a><\/p>\n<p style=\"text-align: center;\"><a href=\"http:\/\/spmlodzawy.pl\/index.php\/natalka-i-antek-w-swiecie-wielkiej-matematyki-2025-2026\/\"><strong>&#8222;NATALKA I ANTEK W \u015aWIECIE WIELKIEJ<\/strong><strong> MAT<\/strong><strong>EMATYKI<\/strong><strong> 2025\/26<\/strong><\/a><\/p>\n<p>&nbsp;<\/p>\n<p>&nbsp;<\/p>\n","protected":false},"excerpt":{"rendered":"<p>ROK SZKOLNY 2017\/2018 FUNDACJA PZU \u201eMALI KULTURALNI \u2013 M\u0141ODZI ORYGINALNI\u2026id\u0119 dalej\u201d mFundacja &#8222;MAMO, TATO, MATEMATYKA JEST FAJNA!&#8221; &#8222;OD GROSIKA DO Z\u0141OT\u00d3WKI&#8221; &#8222;AKTYWNA TABLICA&#8221; FUNDACJA BGK &#8222;BY\u0141Y SOBIE PIENI\u0104DZE&#8221; &nbsp; ROK SZKOLNY 2018\/2019 &#8222;TRADYCJA. ODLEG\u0141A, A BLISKA&#8230;&#8221; FUNDACJA ORANGE\u00a0 &#8222;#SUPERKODERZY&#8221; &#8222;OD &hellip; <a href=\"https:\/\/spmlodzawy.pl\/index.php\/projekty\/\">Czytaj dalej <span class=\"meta-nav\">&rarr;<\/span><\/a><\/p>\n","protected":false},"author":1,"featured_media":0,"parent":0,"menu_order":0,"comment_status":"closed","ping_status":"closed","template":"","meta":[],"_links":{"self":[{"href":"https:\/\/spmlodzawy.pl\/index.php\/wp-json\/wp\/v2\/pages\/537"}],"collection":[{"href":"https:\/\/spmlodzawy.pl\/index.php\/wp-json\/wp\/v2\/pages"}],"about":[{"href":"https:\/\/spmlodzawy.pl\/index.php\/wp-json\/wp\/v2\/types\/page"}],"author":[{"embeddable":true,"href":"https:\/\/spmlodzawy.pl\/index.php\/wp-json\/wp\/v2\/users\/1"}],"replies":[{"embeddable":true,"href":"https:\/\/spmlodzawy.pl\/index.php\/wp-json\/wp\/v2\/comments?post=537"}],"version-history":[{"count":172,"href":"https:\/\/spmlodzawy.pl\/index.php\/wp-json\/wp\/v2\/pages\/537\/revisions"}],"predecessor-version":[{"id":55592,"href":"https:\/\/spmlodzawy.pl\/index.php\/wp-json\/wp\/v2\/pages\/537\/revisions\/55592"}],"wp:attachment":[{"href":"https:\/\/spmlodzawy.pl\/index.php\/wp-json\/wp\/v2\/media?parent=537"}],"curies":[{"name":"wp","href":"https:\/\/api.w.org\/{rel}","templated":true}]}}