{"id":5643,"date":"2018-07-12T22:48:45","date_gmt":"2018-07-12T20:48:45","guid":{"rendered":"http:\/\/spmlodzawy.pl\/?page_id=5643"},"modified":"2024-12-16T14:01:17","modified_gmt":"2024-12-16T13:01:17","slug":"aktywna-tablica","status":"publish","type":"page","link":"https:\/\/spmlodzawy.pl\/index.php\/aktywna-tablica\/","title":{"rendered":"Aktywna tablica"},"content":{"rendered":"<p>Mi\u0119dzyszkolna Sie\u0107 Wsp\u00f3\u0142pracy Nauczycieli<\/p>\n<p style=\"text-align: justify;\">Po zaakceptowaniu wniosk\u00f3w z Programu \u201eAktywna Tablica 2024\u201d oraz otrzymaniu wsparcia finansowego, trzy plac\u00f3wki o\u015bwiatowe z Gminy Pi\u0144cz\u00f3w utworzy\u0142y Mi\u0119dzyszkoln\u0105 Sie\u0107 Wsp\u00f3\u0142pracy Nauczycieli stosuj\u0105cych TIK w nauczaniu. Przyst\u0105pi\u0142y do niej plac\u00f3wki:<\/p>\n<ul style=\"text-align: justify;\">\n<li>Zesp\u00f3\u0142 Plac\u00f3wek O\u015bwiatowych\/Szko\u0142a Podstawowa w Gackach,<\/li>\n<li>Szko\u0142a Podstawowa w M\u0142odzawach,<\/li>\n<li>Szko\u0142a Podstawowa w Brze\u015bciu.<\/li>\n<\/ul>\n<p style=\"text-align: justify;\">W okresie wrzesie\u0144 2024r.-grudzie\u0144 2024r. odby\u0142y si\u0119 3 spotkania Mi\u0119dzyszkolnej Sieci Wsp\u00f3\u0142pracy Nauczycieli. Podczas pierwszego spotkania we wrze\u015bniu 2024 r. przypomniano tre\u015b\u0107 Rozporz\u0105dzenia Rady Ministr\u00f3w w sprawie szczeg\u00f3\u0142owych warunk\u00f3w, form i trybu realizacji Rz\u0105dowego programu rozwijania szkolnej infrastruktury oraz kompetencji uczni\u00f3w i nauczycieli w zakresie technologii informacyjno-komunikacyjnych na lata 2020-2024 &#8211; &#8222;Aktywna tablica&#8221;. Om\u00f3wiono mo\u017cliwo\u015bci pozyskanego sprz\u0119tu oraz sposoby wykorzystywania go podczas zaj\u0119\u0107.<br \/>\nNa drugim spotkaniu ustalono tematy oraz daty przeprowadzenia w poszczeg\u00f3lnych plac\u00f3wkach lekcji otwartych. Podczas trzeciego spotkania\u00a0 om\u00f3wiono przeprowadzone zaj\u0119cia otwarte oraz nast\u0105pi\u0142a wymiana do\u015bwiadcze\u0144 i rozwi\u0105za\u0144 stosowanych przez nauczycieli. Dodatkowo nauczyciele wymienili si\u0119 scenariuszami swoich zaj\u0119\u0107 otwartych, kt\u00f3re b\u0119d\u0105 inspiracj\u0105 dla pedagog\u00f3w, specjalist\u00f3w.<br \/>\nW okresie wrzesie\u0144 2024r. &#8211; grudzie\u0144 2024r. odby\u0142y si\u0119 3 lekcje otwarte, po jednej lekcji w ka\u017cdej szkole. Kolejne lekcje otwarte zaplanowano na okres stycze\u0144 2025r.- kwiecie\u0144 2025r. Odb\u0119dzie si\u0119 po jednej lekcji otwartej w ka\u017cdej plac\u00f3wce: ZPO Gacki luty 2025, SP Brze\u015bcie marzec 2025r., SP M\u0142odzawy kwiecie\u0144 2025r.<\/p>\n<p>&nbsp;<\/p>\n","protected":false},"excerpt":{"rendered":"<p>Mi\u0119dzyszkolna Sie\u0107 Wsp\u00f3\u0142pracy Nauczycieli Po zaakceptowaniu wniosk\u00f3w z Programu \u201eAktywna Tablica 2024\u201d oraz otrzymaniu wsparcia finansowego, trzy plac\u00f3wki o\u015bwiatowe z Gminy Pi\u0144cz\u00f3w utworzy\u0142y Mi\u0119dzyszkoln\u0105 Sie\u0107 Wsp\u00f3\u0142pracy Nauczycieli stosuj\u0105cych TIK w nauczaniu. Przyst\u0105pi\u0142y do niej plac\u00f3wki: Zesp\u00f3\u0142 Plac\u00f3wek O\u015bwiatowych\/Szko\u0142a Podstawowa w &hellip; <a href=\"https:\/\/spmlodzawy.pl\/index.php\/aktywna-tablica\/\">Czytaj dalej <span class=\"meta-nav\">&rarr;<\/span><\/a><\/p>\n","protected":false},"author":1,"featured_media":0,"parent":0,"menu_order":0,"comment_status":"closed","ping_status":"closed","template":"","meta":[],"_links":{"self":[{"href":"https:\/\/spmlodzawy.pl\/index.php\/wp-json\/wp\/v2\/pages\/5643"}],"collection":[{"href":"https:\/\/spmlodzawy.pl\/index.php\/wp-json\/wp\/v2\/pages"}],"about":[{"href":"https:\/\/spmlodzawy.pl\/index.php\/wp-json\/wp\/v2\/types\/page"}],"author":[{"embeddable":true,"href":"https:\/\/spmlodzawy.pl\/index.php\/wp-json\/wp\/v2\/users\/1"}],"replies":[{"embeddable":true,"href":"https:\/\/spmlodzawy.pl\/index.php\/wp-json\/wp\/v2\/comments?post=5643"}],"version-history":[{"count":5,"href":"https:\/\/spmlodzawy.pl\/index.php\/wp-json\/wp\/v2\/pages\/5643\/revisions"}],"predecessor-version":[{"id":52634,"href":"https:\/\/spmlodzawy.pl\/index.php\/wp-json\/wp\/v2\/pages\/5643\/revisions\/52634"}],"wp:attachment":[{"href":"https:\/\/spmlodzawy.pl\/index.php\/wp-json\/wp\/v2\/media?parent=5643"}],"curies":[{"name":"wp","href":"https:\/\/api.w.org\/{rel}","templated":true}]}}