{"id":7742,"date":"2018-10-29T16:19:18","date_gmt":"2018-10-29T15:19:18","guid":{"rendered":"http:\/\/spmlodzawy.pl\/?page_id=7742"},"modified":"2023-02-14T21:08:57","modified_gmt":"2023-02-14T20:08:57","slug":"rodo","status":"publish","type":"page","link":"https:\/\/spmlodzawy.pl\/index.php\/rodo\/","title":{"rendered":"RODO"},"content":{"rendered":"<p style=\"text-align: justify;\"><em>W zwi\u0105zku z zapisami art. 13 ust. 1 i 2 oraz art. 14 ROZPORZ\u0104DZENIA PARLAMENTU EUROPEJSKIEGO\u00a0 I RADY (UE) 2016\/679 z dnia 27 kwietnia 2016 r. w sprawie ochrony os\u00f3b fizycznych w zwi\u0105zku z przetwarzaniem danych osobowych i w sprawie swobodnego przep\u0142ywu takich danych oraz uchylenia dyrektywy 95\/46\/WE (og\u00f3lne rozporz\u0105dzenie o ochronie danych) (Dz.U.UE. z 2016 r., L 119, poz. 1) Administrator Danych Osobowych w <\/em><em>Stowarzyszeniu Rozwoju M\u0142odzaw &#8211; Nasza Przysz\u0142o\u015b\u0107<\/em><em> informuje:<\/em><\/p>\n<ol style=\"text-align: justify;\">\n<li>Administratorem Danych Osobowych przetwarzanych w Szkole Podstawowej i Przedszkolu w M\u0142odzawach Du\u017cych jest Prezes Stowarzyszenia Rozwoju M\u0142odzaw Nasza Przysz\u0142o\u015b\u0107, maj\u0105cy siedzib\u0119 pod adresem: M\u0142odzawy Du\u017ce 14A, 28-400 Pi\u0144cz\u00f3w, <a href=\"mailto:lukasz.chodor.iodo@gmail.com\">lukasz.chodor.iodo@gmail.com<\/a>.<br \/>\nDo zakresu dzia\u0142a\u0144 Stowarzyszenia nale\u017cy: dbanie o r\u00f3wne szanse edukacji, ze wzgl\u0119du na trudn\u0105 sytuacj\u0119 \u017cyciow\u0105 mieszka\u0144c\u00f3w ma\u0142ych wsi, praca na rzecz mieszka\u0144c\u00f3w M\u0142odzaw i okolicznych wsi.<\/li>\n<\/ol>\n<p style=\"text-align: justify;\">Stowarzyszenie prowadzi Szko\u0142\u0119 Podstawow\u0105 i Przedszkole w M\u0142odzawach.<\/p>\n<ol style=\"text-align: justify;\" start=\"2\">\n<li>Administrator przetwarza dane osobowe w \u015bci\u015ble okre\u015blonym, minimalnym zakresie niezb\u0119dnym do osi\u0105gni\u0119cia celu, o kt\u00f3rym mowa powy\u017cej. W szczeg\u00f3lnych sytuacjach Administrator mo\u017ce przekaza\u0107\/powierzy\u0107 dane innym podmiotom. Podstaw\u0105 przekazania\/powierzenia danych s\u0105 wy\u0142\u0105cznie przepisy prawa\u00a0 (np. wymiar sprawiedliwo\u015bci, administracja skarbowa, instytucje zwi\u0105zane z obs\u0142ug\u0105 szeroko poj\u0119tych funduszy unijnych, podmioty zwi\u0105zane z obs\u0142ug\u0105 sfery socjalnej \u2013 ZUS, PFRON) lub w\u0142a\u015bciwie skonstruowane, zapewniaj\u0105ce bezpiecze\u0144stwo danym osobowym, umowy powierzenia danych do przetwarzania (np. z podmiotami sektora teleinformatycznego i telekomunikacyjnego oraz ksi\u0119gowego).<\/li>\n<li>Dane osobowe nie b\u0119d\u0105 przekazywane do pa\u0144stwa trzeciego\/organizacji mi\u0119dzynarodowej.<\/li>\n<li>Dane osobowe przetwarzane przez Stowarzyszenie przechowywane b\u0119d\u0105 przez okres niezb\u0119dny do realizacji celu, dla jakiego zosta\u0142y zebrane oraz zgodnie z terminami archiwizacji okre\u015blonymi przez ustawy kompetencyjne lub ustaw\u0119 z dnia 14 lipca 1983r. o narodowym zasobie archiwalnym i archiwach (t.j.Dz.U.2018.217), w tym Rozporz\u0105dzenie Prezesa Rady Ministr\u00f3w z dnia 18 stycznia 2011r. w sprawie instrukcji kancelaryjnej, jednolitych rzeczowych wykaz\u00f3w akt oraz instrukcji w sprawie organizacji i zakresu dzia\u0142ania archiw\u00f3w zak\u0142adowych.<\/li>\n<li>W zwi\u0105zku z przetwarzaniem danych osobowych ich W\u0142a\u015bcicielowi przys\u0142uguj\u0105 nast\u0119puj\u0105ce uprawnienia:<\/li>\n<\/ol>\n<ul style=\"text-align: justify;\">\n<li>prawo dost\u0119pu do danych osobowych, w tym prawo do uzyskania kopii tych danych;<\/li>\n<li>prawo do \u017c\u0105dania poprawy danych osobowych \u2013 w przypadku gdy dane s\u0105 nieprawid\u0142owe lub niekompletne;<\/li>\n<li>prawo do \u017c\u0105dania ograniczenia przetwarzania danych osobowych \u2013 w przypadku gdy:\n<ul>\n<li>osoba, kt\u00f3rej dane dotycz\u0105 kwestionuje prawid\u0142owo\u015b\u0107 danych osobowych,<\/li>\n<li>przetwarzanie danych jest niezgodne z prawem, a osoba, kt\u00f3rej dane dotycz\u0105, sprzeciwia si\u0119 usuni\u0119ciu danych, \u017c\u0105daj\u0105c w zamian ich ograniczenia,<\/li>\n<li>Administrator nie potrzebuje ju\u017c danych dla swoich cel\u00f3w, ale osoba, kt\u00f3rej dane dotycz\u0105, potrzebuje ich do ustalenia, obrony lub dochodzenia roszcze\u0144,<\/li>\n<li>osoba, kt\u00f3rej dane dotycz\u0105, wnios\u0142a sprzeciw wobec przetwarzania danych, do czasu ustalenia czy prawnie uzasadnione podstawy po stronie administratora s\u0105 nadrz\u0119dne wobec podstawy sprzeciwu;<\/li>\n<\/ul>\n<\/li>\n<li>prawo sprzeciwu wobec przetwarzania danych \u2013 w przypadku gdy spe\u0142niona nast\u0119puj\u0105ca przes\u0142anka:\n<ul>\n<li>zaistniej\u0105 przyczyny zwi\u0105zane z szczeg\u00f3ln\u0105 sytuacj\u0105, w przypadku przetwarzania danych na podstawie zadania realizowanego w interesie publicznym lub w ramach sprawowania w\u0142adzy publicznej przez Administratora.<\/li>\n<\/ul>\n<\/li>\n<\/ul>\n<ol start=\"6\">\n<li style=\"text-align: justify;\">W przypadku gdy przetwarzanie danych osobowych odbywa si\u0119 na podstawie zgody osoby na przetwarzanie danych osobowych (art. 6 ust. 1 lit a RODO), W\u0142a\u015bcicielowi danych przys\u0142uguje prawo do cofni\u0119cia tej zgody w dowolnym momencie. Cofni\u0119cie to nie ma wp\u0142ywu na zgodno\u015b\u0107 przetwarzania, kt\u00f3rego dokonano na podstawie zgody przed jej cofni\u0119ciem, z obowi\u0105zuj\u0105cym prawem.<\/li>\n<li style=\"text-align: justify;\">W sytuacji, gdy przetwarzanie danych osobowych odbywa si\u0119 na podstawie zgody osoby, kt\u00f3rej dane dotycz\u0105, podanie przez W\u0142a\u015bciciela danych osobowych Administratorowi ma charakter dobrowolny.<\/li>\n<li style=\"text-align: justify;\">Podanie danych osobowych jest obowi\u0105zkowe, w sytuacji gdy przes\u0142ank\u0119 przetwarzania danych osobowych stanowi przepis prawa lub zawarta umowa mi\u0119dzy stronami, oraz dobrowolne w przypadku gdy przetwarzanie odbywa si\u0119 na podstawie zgody osoby na przetwarzanie danych osobowych.<\/li>\n<li style=\"text-align: justify;\">W\u0142a\u015bcicielowi danych przys\u0142uguje prawo wniesienia skargi do Prezesa Urz\u0119du Ochrony Danych Osobowych na niezgodne z RODO przetwarzanie jego danych osobowych.<\/li>\n<li style=\"text-align: justify;\">Administrator nie przetwarza danych osobowych w celu zautomatyzowanego podejmowania decyzji, w tym profilowania.<\/li>\n<\/ol>\n<h3><span style=\"text-decoration: underline;\"><em><strong><span style=\"color: #ff0000; text-decoration: underline;\">OCHRONA DANYCH OSOBOWYCH W NAUCZANIU ZDALNYM<\/span><\/strong><\/em><\/span><\/h3>\n<ul>\n<li><em><strong><a href=\"http:\/\/spmlodzawy.pl\/wp-content\/uploads\/2020\/04\/NAUCZYCIELE-Dane-osobowe-bezpieczne-podczas-zdalnego-nauczania.pdf\">INFORMACJA DLA NAUCZYCIELI<\/a><\/strong><\/em><\/li>\n<li><a href=\"http:\/\/spmlodzawy.pl\/wp-content\/uploads\/2020\/04\/NAUCZYCIELE-I-UCZNIOWIE-Dobre-praktyki-pomagaj%C4%85ce-zachowa%C4%87-bezpiecze%C5%84stwo-danych-podczas-lekcji-online.pdf\"><em><strong>INFORMACJA DLA NAUCZYCIELI I UCZNI<\/strong><\/em><em><strong>\u00d3W<\/strong><\/em><\/a><\/li>\n<li><a href=\"http:\/\/spmlodzawy.pl\/wp-content\/uploads\/2020\/04\/RODZICE-Nauczanie-zdalne-a-RODO_informacja-do-rodzic\u00f3w.pdf\"><em><strong>INFORMACJA DLA RODZIC\u00d3W<\/strong><\/em><\/a><\/li>\n<\/ul>\n","protected":false},"excerpt":{"rendered":"<p>W zwi\u0105zku z zapisami art. 13 ust. 1 i 2 oraz art. 14 ROZPORZ\u0104DZENIA PARLAMENTU EUROPEJSKIEGO\u00a0 I RADY (UE) 2016\/679 z dnia 27 kwietnia 2016 r. w sprawie ochrony os\u00f3b fizycznych w zwi\u0105zku z przetwarzaniem danych osobowych i w sprawie &hellip; <a href=\"https:\/\/spmlodzawy.pl\/index.php\/rodo\/\">Czytaj dalej <span class=\"meta-nav\">&rarr;<\/span><\/a><\/p>\n","protected":false},"author":1,"featured_media":0,"parent":0,"menu_order":0,"comment_status":"closed","ping_status":"closed","template":"","meta":[],"_links":{"self":[{"href":"https:\/\/spmlodzawy.pl\/index.php\/wp-json\/wp\/v2\/pages\/7742"}],"collection":[{"href":"https:\/\/spmlodzawy.pl\/index.php\/wp-json\/wp\/v2\/pages"}],"about":[{"href":"https:\/\/spmlodzawy.pl\/index.php\/wp-json\/wp\/v2\/types\/page"}],"author":[{"embeddable":true,"href":"https:\/\/spmlodzawy.pl\/index.php\/wp-json\/wp\/v2\/users\/1"}],"replies":[{"embeddable":true,"href":"https:\/\/spmlodzawy.pl\/index.php\/wp-json\/wp\/v2\/comments?post=7742"}],"version-history":[{"count":12,"href":"https:\/\/spmlodzawy.pl\/index.php\/wp-json\/wp\/v2\/pages\/7742\/revisions"}],"predecessor-version":[{"id":42065,"href":"https:\/\/spmlodzawy.pl\/index.php\/wp-json\/wp\/v2\/pages\/7742\/revisions\/42065"}],"wp:attachment":[{"href":"https:\/\/spmlodzawy.pl\/index.php\/wp-json\/wp\/v2\/media?parent=7742"}],"curies":[{"name":"wp","href":"https:\/\/api.w.org\/{rel}","templated":true}]}}