{"id":920,"date":"2017-10-16T19:29:09","date_gmt":"2017-10-16T17:29:09","guid":{"rendered":"http:\/\/spmlodzawy.pl\/?page_id=920"},"modified":"2025-10-13T19:36:49","modified_gmt":"2025-10-13T17:36:49","slug":"samorzad-szkolny","status":"publish","type":"page","link":"https:\/\/spmlodzawy.pl\/index.php\/samorzad-szkolny\/","title":{"rendered":"Samorz\u0105d szkolny"},"content":{"rendered":"<h3><\/h3>\n<h3 style=\"text-align: center;\"><span style=\"text-decoration: underline; color: #003300;\"><strong>SAMORZ\u0104D UCZNIOWSKI<\/strong><\/span><\/h3>\n<h3 style=\"text-align: center;\"><span style=\"color: #003300;\"><em><strong>PRZEWODNICZ\u0104CY: AGATA NOWAK<\/strong><\/em><\/span><\/h3>\n<h3 style=\"text-align: center;\"><span style=\"color: #003300;\"><em><strong>ZAST\u0118PCA: MIKO\u0141AJ GRABDA<\/strong><\/em><\/span><\/h3>\n<p>&nbsp;<\/p>\n<h3 style=\"text-align: center;\"><span style=\"color: #003300;\"><strong><span style=\"text-decoration: underline;\">POCZET FLAGOWY:<\/span><\/strong><\/span><\/h3>\n<p style=\"text-align: center;\"><span style=\"color: #003300;\"><strong><em>JULIA SZYMCZYKIEWICZ<br \/>\n<\/em><\/strong><\/span><\/p>\n<p style=\"text-align: center;\"><span style=\"color: #003300;\"><strong><em>LENA SZCZYKUT<br \/>\n<\/em><\/strong><\/span><\/p>\n<p style=\"text-align: center;\"><span style=\"color: #003300;\"><strong><em>MIKO\u0141AJ GRABDA<\/em><\/strong><\/span><\/p>\n<p style=\"text-align: center;\">\n<p style=\"text-align: center;\">\n","protected":false},"excerpt":{"rendered":"<p>SAMORZ\u0104D UCZNIOWSKI PRZEWODNICZ\u0104CY: AGATA NOWAK ZAST\u0118PCA: MIKO\u0141AJ GRABDA &nbsp; POCZET FLAGOWY: JULIA SZYMCZYKIEWICZ LENA SZCZYKUT MIKO\u0141AJ GRABDA<\/p>\n","protected":false},"author":1,"featured_media":0,"parent":0,"menu_order":0,"comment_status":"closed","ping_status":"closed","template":"","meta":[],"_links":{"self":[{"href":"https:\/\/spmlodzawy.pl\/index.php\/wp-json\/wp\/v2\/pages\/920"}],"collection":[{"href":"https:\/\/spmlodzawy.pl\/index.php\/wp-json\/wp\/v2\/pages"}],"about":[{"href":"https:\/\/spmlodzawy.pl\/index.php\/wp-json\/wp\/v2\/types\/page"}],"author":[{"embeddable":true,"href":"https:\/\/spmlodzawy.pl\/index.php\/wp-json\/wp\/v2\/users\/1"}],"replies":[{"embeddable":true,"href":"https:\/\/spmlodzawy.pl\/index.php\/wp-json\/wp\/v2\/comments?post=920"}],"version-history":[{"count":50,"href":"https:\/\/spmlodzawy.pl\/index.php\/wp-json\/wp\/v2\/pages\/920\/revisions"}],"predecessor-version":[{"id":56105,"href":"https:\/\/spmlodzawy.pl\/index.php\/wp-json\/wp\/v2\/pages\/920\/revisions\/56105"}],"wp:attachment":[{"href":"https:\/\/spmlodzawy.pl\/index.php\/wp-json\/wp\/v2\/media?parent=920"}],"curies":[{"name":"wp","href":"https:\/\/api.w.org\/{rel}","templated":true}]}}