{"id":938,"date":"2017-10-16T20:45:08","date_gmt":"2017-10-16T18:45:08","guid":{"rendered":"http:\/\/spmlodzawy.pl\/?page_id=938"},"modified":"2025-11-19T20:56:39","modified_gmt":"2025-11-19T19:56:39","slug":"dokumenty","status":"publish","type":"page","link":"https:\/\/spmlodzawy.pl\/index.php\/dokumenty\/","title":{"rendered":"Dokumenty"},"content":{"rendered":"<h3><\/h3>\n<p style=\"text-align: center;\"><a href=\"http:\/\/spmlodzawy.pl\/wp-content\/uploads\/2025\/11\/statut-2025.pdf\"><em><strong>STATUT SZKO\u0141Y PODSTAWOWEJ W M\u0141ODZAWACH<\/strong><\/em><\/a><\/p>\n<p style=\"text-align: center;\"><span style=\"color: #000000;\"><a href=\"http:\/\/spmlodzawy.pl\/wp-content\/uploads\/2017\/11\/statut_listopad-2017_NOWY-1.pdf\"><em><strong>STATUT PRZEDSZKOLA W M\u0141ODZAWACH<\/strong><\/em><\/a><\/span><\/p>\n<p style=\"text-align: center;\"><a href=\"http:\/\/spmlodzawy.pl\/wp-content\/uploads\/2024\/10\/Program-wychowawczy-rok-szkolny-2024-2025.pdf\"><em><strong>PROGRAM WYCHOWAWCZO-PROFILAKTYCZNY SZKO\u0141Y PODSTAWOWEJ W M\u0141ODZAWACH<\/strong><\/em><\/a><\/p>\n<p style=\"text-align: center;\"><a href=\"http:\/\/spmlodzawy.pl\/wp-content\/uploads\/2025\/09\/KALENDARZ-ROKU-SZKOLNEGO-2025_2026.pdf\"><em><strong>KALENDARZ PRACY SZKO\u0141Y PODSTAWOWEJ W M\u0141ODZAWACH W ROKU SZKOLNYM 2025\/2026<\/strong><\/em><\/a><\/p>\n<p style=\"text-align: center;\"><a href=\"http:\/\/spmlodzawy.pl\/wp-content\/uploads\/2025\/09\/Plan-pracy-szkoly-2025-26.pdf\"><em><strong>ROCZNY PLAN PRACY SZKO\u0141Y\u00a0 PODSTAWOWEJ W M\u0141ODZAWACH W ROKU SZKOLNYM 2025\/2022<\/strong><\/em><em><strong>6<\/strong><\/em><\/a><\/p>\n<p style=\"text-align: center;\"><a href=\"http:\/\/spmlodzawy.pl\/wp-content\/uploads\/2025\/09\/ROCZNY-PLAN-PRACY-PRZEDSZKOLA-2025-26.pdf\"><em><strong>ROCZNY PLAN PRACY PRZEDSZKOLA W M\u0141ODZAWACH W ROKU SZKOLNYM 2025\/20226<\/strong><\/em><\/a><\/p>\n<p>&nbsp;<\/p>\n<p>&nbsp;<\/p>\n","protected":false},"excerpt":{"rendered":"<p>STATUT SZKO\u0141Y PODSTAWOWEJ W M\u0141ODZAWACH STATUT PRZEDSZKOLA W M\u0141ODZAWACH PROGRAM WYCHOWAWCZO-PROFILAKTYCZNY SZKO\u0141Y PODSTAWOWEJ W M\u0141ODZAWACH KALENDARZ PRACY SZKO\u0141Y PODSTAWOWEJ W M\u0141ODZAWACH W ROKU SZKOLNYM 2025\/2026 ROCZNY PLAN PRACY SZKO\u0141Y\u00a0 PODSTAWOWEJ W M\u0141ODZAWACH W ROKU SZKOLNYM 2025\/20226 ROCZNY PLAN PRACY PRZEDSZKOLA &hellip; <a href=\"https:\/\/spmlodzawy.pl\/index.php\/dokumenty\/\">Czytaj dalej <span class=\"meta-nav\">&rarr;<\/span><\/a><\/p>\n","protected":false},"author":1,"featured_media":0,"parent":0,"menu_order":0,"comment_status":"closed","ping_status":"closed","template":"","meta":[],"_links":{"self":[{"href":"https:\/\/spmlodzawy.pl\/index.php\/wp-json\/wp\/v2\/pages\/938"}],"collection":[{"href":"https:\/\/spmlodzawy.pl\/index.php\/wp-json\/wp\/v2\/pages"}],"about":[{"href":"https:\/\/spmlodzawy.pl\/index.php\/wp-json\/wp\/v2\/types\/page"}],"author":[{"embeddable":true,"href":"https:\/\/spmlodzawy.pl\/index.php\/wp-json\/wp\/v2\/users\/1"}],"replies":[{"embeddable":true,"href":"https:\/\/spmlodzawy.pl\/index.php\/wp-json\/wp\/v2\/comments?post=938"}],"version-history":[{"count":62,"href":"https:\/\/spmlodzawy.pl\/index.php\/wp-json\/wp\/v2\/pages\/938\/revisions"}],"predecessor-version":[{"id":56685,"href":"https:\/\/spmlodzawy.pl\/index.php\/wp-json\/wp\/v2\/pages\/938\/revisions\/56685"}],"wp:attachment":[{"href":"https:\/\/spmlodzawy.pl\/index.php\/wp-json\/wp\/v2\/media?parent=938"}],"curies":[{"name":"wp","href":"https:\/\/api.w.org\/{rel}","templated":true}]}}